{"id":1090,"date":"2020-12-02T20:10:28","date_gmt":"2020-12-02T20:10:28","guid":{"rendered":"https:\/\/startertemplatecloud.com\/g02\/?page_id=1090"},"modified":"2024-05-26T17:24:48","modified_gmt":"2024-05-26T15:24:48","slug":"about","status":"publish","type":"page","link":"https:\/\/www.haffun.sk\/sk\/about\/","title":{"rendered":"About"},"content":{"rendered":"<style>.kb-row-layout-id1090_3080dd-eb > .kt-row-column-wrap{align-content:center;}:where(.kb-row-layout-id1090_3080dd-eb > .kt-row-column-wrap) > .wp-block-kadence-column{justify-content:center;}.kb-row-layout-id1090_3080dd-eb > .kt-row-column-wrap{column-gap:var(--global-kb-gap-md, 2rem);row-gap:var(--global-kb-gap-md, 2rem);max-width:800px;margin-left:auto;margin-right:auto;padding-top:var(--global-kb-spacing-xxl, 5rem);padding-bottom:var(--global-kb-spacing-xxl, 5rem);grid-template-columns:minmax(0, 1fr);}.kb-row-layout-id1090_3080dd-eb{background-image:url('https:\/\/www.haffun.sk\/wp-content\/uploads\/2024\/04\/about-us-min-1536x640.png');background-size:cover;background-position:13% 46%;background-attachment:scroll;background-repeat:no-repeat;}.kb-row-layout-id1090_3080dd-eb > .kt-row-layout-overlay{opacity:0.00;background:linear-gradient(90deg,var(--global-palette8,#F7FAFC) 41%,rgba(247,250,252,0) 100%);}@media all and (max-width: 1024px){.kb-row-layout-id1090_3080dd-eb > .kt-row-column-wrap{grid-template-columns:minmax(0, 1fr);}}@media all and (max-width: 1024px){.kb-row-layout-id1090_3080dd-eb > .kt-row-layout-overlay{opacity:1;background:linear-gradient(180deg,var(--global-palette8,#F7FAFC) 53%,rgba(247,250,252,0) 100%);}}@media all and (max-width: 767px){.kb-row-layout-id1090_3080dd-eb > .kt-row-column-wrap{grid-template-columns:minmax(0, 1fr);}}<\/style><div class=\"kb-row-layout-wrap kb-row-layout-id1090_3080dd-eb alignfull kt-row-has-bg wp-block-kadence-rowlayout\"><div class=\"kt-row-layout-overlay kt-row-overlay-gradient\"><\/div><div class=\"kt-row-column-wrap kt-has-1-columns kt-row-layout-equal kt-tab-layout-inherit kt-mobile-layout-row kt-row-valign-middle\">\n<style>.kadence-column1090_d7b963-22 > .kt-inside-inner-col{display:flex;}.kadence-column1090_d7b963-22 > .kt-inside-inner-col,.kadence-column1090_d7b963-22 > .kt-inside-inner-col:before{border-top-left-radius:0px;border-top-right-radius:0px;border-bottom-right-radius:0px;border-bottom-left-radius:0px;}.kadence-column1090_d7b963-22 > .kt-inside-inner-col{row-gap:var(--global-kb-gap-none, 0rem );column-gap:var(--global-kb-gap-sm, 1rem);}.kadence-column1090_d7b963-22 > .kt-inside-inner-col{flex-direction:column;justify-content:center;align-items:center;}.kadence-column1090_d7b963-22 > .kt-inside-inner-col > .kb-image-is-ratio-size{align-self:stretch;}.kadence-column1090_d7b963-22 > .kt-inside-inner-col > .wp-block-kadence-advancedgallery{align-self:stretch;}.kadence-column1090_d7b963-22 > .kt-inside-inner-col > .aligncenter{width:100%;}.kt-row-column-wrap > .kadence-column1090_d7b963-22{align-self:center;}.kt-inner-column-height-full:not(.kt-has-1-columns) > .wp-block-kadence-column.kadence-column1090_d7b963-22{align-self:auto;}.kt-inner-column-height-full:not(.kt-has-1-columns) > .wp-block-kadence-column.kadence-column1090_d7b963-22 > .kt-inside-inner-col{flex-direction:column;justify-content:center;}.kadence-column1090_d7b963-22 > .kt-inside-inner-col:before{opacity:0.3;}.kadence-column1090_d7b963-22{position:relative;}@media all and (max-width: 1024px){.kt-row-column-wrap > .kadence-column1090_d7b963-22{align-self:center;}}@media all and (max-width: 1024px){.kt-inner-column-height-full:not(.kt-has-1-columns) > .wp-block-kadence-column.kadence-column1090_d7b963-22{align-self:auto;}}@media all and (max-width: 1024px){.kt-inner-column-height-full:not(.kt-has-1-columns) > .wp-block-kadence-column.kadence-column1090_d7b963-22 > .kt-inside-inner-col{flex-direction:column;justify-content:center;}}@media all and (max-width: 1024px){.kadence-column1090_d7b963-22{text-align:center;}}@media all and (max-width: 1024px){.kadence-column1090_d7b963-22 > .kt-inside-inner-col{flex-direction:column;align-items:center;}}@media all and (max-width: 767px){.kt-row-column-wrap > .kadence-column1090_d7b963-22{align-self:center;}.kt-inner-column-height-full:not(.kt-has-1-columns) > .wp-block-kadence-column.kadence-column1090_d7b963-22{align-self:auto;}.kt-inner-column-height-full:not(.kt-has-1-columns) > .wp-block-kadence-column.kadence-column1090_d7b963-22 > .kt-inside-inner-col{flex-direction:column;justify-content:center;}.kadence-column1090_d7b963-22 > .kt-inside-inner-col{flex-direction:column;align-items:center;}}<\/style>\n<div class=\"wp-block-kadence-column kadence-column1090_d7b963-22 kb-section-dir-vertical inner-column-1\"><div class=\"kt-inside-inner-col\"><p class=\"has-text-align-center white has-theme-palette-7-color has-text-color has-link-color wp-elements-c27328cf1524e0b014ba29832461e949\">O N\u00c1S<\/p>\n\n<h1 class=\"wp-block-heading has-text-align-center white about-us-heading has-theme-palette-7-color has-text-color has-link-color wp-elements-5aa11f844ed93acc9eeb8530cb2aca6f\" style=\"font-size:2.8em;line-height:1.3\"><strong>Na\u0161\u00edm cie\u013eom je, aby bol \u017eivot s va\u0161\u00edm chlpat\u00fdm priate\u013eom \u010do najradostnej\u0161\u00ed, zdrav\u00fd a nap\u013a\u0148aj\u00faci.<\/strong><\/h1><\/div><\/div>\n<\/div><\/div><style>.kb-row-layout-id1090_a15ced-b0 > .kt-row-column-wrap{align-content:start;}:where(.kb-row-layout-id1090_a15ced-b0 > .kt-row-column-wrap) > .wp-block-kadence-column{justify-content:start;}.kb-row-layout-id1090_a15ced-b0 > .kt-row-column-wrap{column-gap:var(--global-kb-gap-md, 2rem);row-gap:var(--global-kb-gap-md, 2rem);max-width:960px;margin-left:auto;margin-right:auto;padding-top:var(--global-kb-spacing-xl, 4rem);padding-bottom:var(--global-kb-spacing-xl, 4rem);grid-template-columns:minmax(0, 1fr);}.kb-row-layout-id1090_a15ced-b0 > .kt-row-layout-overlay{opacity:0.30;}@media all and (max-width: 1024px){.kb-row-layout-id1090_a15ced-b0 > .kt-row-column-wrap{grid-template-columns:minmax(0, 1fr);}}@media all and (max-width: 767px){.kb-row-layout-id1090_a15ced-b0 > .kt-row-column-wrap{grid-template-columns:minmax(0, 1fr);}}<\/style><div class=\"kb-row-layout-wrap kb-row-layout-id1090_a15ced-b0 alignfull has-theme-palette9-background-color kt-row-has-bg wp-block-kadence-rowlayout\"><div class=\"kt-row-column-wrap kt-has-1-columns kt-row-layout-equal kt-tab-layout-inherit kt-mobile-layout-row kt-row-valign-top\">\n<style>.kadence-column1090_578f54-37 > .kt-inside-inner-col{display:flex;}.kadence-column1090_578f54-37 > .kt-inside-inner-col,.kadence-column1090_578f54-37 > .kt-inside-inner-col:before{border-top-left-radius:0px;border-top-right-radius:0px;border-bottom-right-radius:0px;border-bottom-left-radius:0px;}.kadence-column1090_578f54-37 > .kt-inside-inner-col{column-gap:var(--global-kb-gap-sm, 1rem);}.kadence-column1090_578f54-37 > .kt-inside-inner-col{flex-direction:column;align-items:center;}.kadence-column1090_578f54-37 > .kt-inside-inner-col > .kb-image-is-ratio-size{align-self:stretch;}.kadence-column1090_578f54-37 > .kt-inside-inner-col > .wp-block-kadence-advancedgallery{align-self:stretch;}.kadence-column1090_578f54-37 > .kt-inside-inner-col > .aligncenter{width:100%;}.kadence-column1090_578f54-37 > .kt-inside-inner-col:before{opacity:0.3;}.kadence-column1090_578f54-37{position:relative;}@media all and (max-width: 1024px){.kadence-column1090_578f54-37 > .kt-inside-inner-col{flex-direction:column;align-items:center;}}@media all and (max-width: 767px){.kadence-column1090_578f54-37 > .kt-inside-inner-col{flex-direction:column;align-items:center;}}<\/style>\n<div class=\"wp-block-kadence-column kadence-column1090_578f54-37 inner-column-1\"><div class=\"kt-inside-inner-col\"><style>.wp-block-kadence-advancedheading.kt-adv-heading1090_051193-9d, .wp-block-kadence-advancedheading.kt-adv-heading1090_051193-9d[data-kb-block=\"kb-adv-heading1090_051193-9d\"]{padding-top:var(--global-kb-spacing-sm, 1.5rem);padding-bottom:0px;margin-top:0px;margin-bottom:0px;text-align:left;font-size:24px;line-height:1.3;font-style:normal;}.wp-block-kadence-advancedheading.kt-adv-heading1090_051193-9d mark.kt-highlight, .wp-block-kadence-advancedheading.kt-adv-heading1090_051193-9d[data-kb-block=\"kb-adv-heading1090_051193-9d\"] mark.kt-highlight{font-style:normal;color:#f76a0c;-webkit-box-decoration-break:clone;box-decoration-break:clone;padding-top:0px;padding-right:0px;padding-bottom:0px;padding-left:0px;}@media all and (max-width: 1024px){.wp-block-kadence-advancedheading.kt-adv-heading1090_051193-9d, .wp-block-kadence-advancedheading.kt-adv-heading1090_051193-9d[data-kb-block=\"kb-adv-heading1090_051193-9d\"]{font-size:36px;line-height:1.3;}}@media all and (max-width: 767px){.wp-block-kadence-advancedheading.kt-adv-heading1090_051193-9d, .wp-block-kadence-advancedheading.kt-adv-heading1090_051193-9d[data-kb-block=\"kb-adv-heading1090_051193-9d\"]{font-size:28px;line-height:1.3;}}<\/style>\n<p class=\"kt-adv-heading1090_051193-9d wp-block-kadence-advancedheading has-theme-palette-3-color has-text-color\" data-kb-block=\"kb-adv-heading1090_051193-9d\">Vitajte na Haffun.sk, webovej str\u00e1nke, ktor\u00e1 je v\u00fdsledkom na\u0161ich rozhovorov a n\u00e1padov po\u010das dlh\u00fdch prech\u00e1dzok s na\u0161imi chlp\u00e1\u010dmi. <strong>Sme traja milovn\u00edci psov<\/strong> \u2013 Lenka, Richard a Zuzana. <br><br><strong>Lenka<\/strong> je spoluzakladate\u013ekou renomovanej zna\u010dky barefoot obuvi a detsk\u00fdch nosi\u010dov BeLenka a do t\u00edmu prin\u00e1\u0161a svoje podnikate\u013esk\u00e9 sk\u00fasenosti, nad\u0161enie a l\u00e1sku k inov\u00e1ci\u00e1m.<br><br><strong>Richard<\/strong>, so svoj\u00edm technick\u00fdm pozad\u00edm a sk\u00fasenos\u0165ami vo v\u00fdvoji produktov, je na\u0161ou hnacou silou. Jeho z\u00e1v\u00e4zok vyv\u00edja\u0165 bezpe\u010dn\u00e9 a pohodln\u00e9 produkty ho rob\u00ed neocenite\u013en\u00fdm \u010dlenom n\u00e1\u0161ho t\u00edmu. <br><br><strong>Zuzana<\/strong> je hlasom na\u0161ej zna\u010dky. Jej nad\u0161enie pre storytelling a t\u00fa\u017eba vytv\u00e1ra\u0165 siln\u00e9 v\u00e4zby a priate\u013estv\u00e1 s na\u0161imi z\u00e1kazn\u00edkmi formuj\u00fa identitu Haffun-a.<br><br>Ver\u00edme v rados\u0165 zo \u017eivota pln\u00e9ho <strong>z\u00e1bava<\/strong>, <strong>dobrodru\u017estvo<\/strong>, a <strong>l\u00e1ska<\/strong> s na\u0161imi dom\u00e1cimi mil\u00e1\u010dikmi. Na\u0161ou filozofiou je vytv\u00e1ra\u0165 produkty, ktor\u00e9 nielen prin\u00e1\u0161aj\u00fa <strong>rados\u0165 z ka\u017edodenn\u00fdch chv\u00ed\u013e <\/strong>ale aj propagova\u0165 <strong>pohodu a zdravie <\/strong>svojho psa. Prostredn\u00edctvom ponuky vysokokvalitn\u00e9ho, pr\u00edrodn\u00e9ho krmiva pre psov a inovat\u00edvnych doplnkov sa sna\u017e\u00edme, aby bol \u017eivot s va\u0161\u00edm chlpat\u00fdm priate\u013eom \u010do najradostnej\u0161\u00ed, zdrav\u00fd a nap\u013a\u0148aj\u00faci.<\/p>\n\n<style>.wp-block-kadence-advancedheading.kt-adv-heading1090_787478-d6, .wp-block-kadence-advancedheading.kt-adv-heading1090_787478-d6[data-kb-block=\"kb-adv-heading1090_787478-d6\"]{padding-top:var(--global-kb-spacing-sm, 1.5rem);padding-bottom:0px;margin-top:0px;margin-bottom:0px;text-align:left;font-size:24px;line-height:1.3;font-style:normal;}.wp-block-kadence-advancedheading.kt-adv-heading1090_787478-d6 mark.kt-highlight, .wp-block-kadence-advancedheading.kt-adv-heading1090_787478-d6[data-kb-block=\"kb-adv-heading1090_787478-d6\"] mark.kt-highlight{font-style:normal;color:#f76a0c;-webkit-box-decoration-break:clone;box-decoration-break:clone;padding-top:0px;padding-right:0px;padding-bottom:0px;padding-left:0px;}@media all and (max-width: 1024px){.wp-block-kadence-advancedheading.kt-adv-heading1090_787478-d6, .wp-block-kadence-advancedheading.kt-adv-heading1090_787478-d6[data-kb-block=\"kb-adv-heading1090_787478-d6\"]{font-size:36px;line-height:1.3;}}@media all and (max-width: 767px){.wp-block-kadence-advancedheading.kt-adv-heading1090_787478-d6, .wp-block-kadence-advancedheading.kt-adv-heading1090_787478-d6[data-kb-block=\"kb-adv-heading1090_787478-d6\"]{font-size:28px;line-height:1.3;}}<\/style>\n<p class=\"kt-adv-heading1090_787478-d6 wp-block-kadence-advancedheading has-theme-palette-3-color has-text-color\" data-kb-block=\"kb-adv-heading1090_787478-d6\">N\u00e1\u0161 sortiment krm\u00edv pre psov je vyroben\u00fd z pr\u00edrodn\u00fdch surov\u00edn <strong>najvy\u0161\u0161ej kvality<\/strong>. Ke\u010f\u017ee n\u00e1m ve\u013emi z\u00e1le\u017e\u00ed na zdrav\u00ed a vitalite na\u0161ich vlastn\u00fdch ps\u00edkov, chceli sme vytvori\u0165 nie\u010do, \u010do by bolo vhodn\u00e9 nielen pre nich, ale aj pre ostatn\u00fdch ps\u00edkov. Na\u0161\u00edm cie\u013eom bolo vyr\u00e1ba\u0165 potraviny, ktor\u00e9 s\u00fa oboje <strong>chutn\u00e9 <\/strong>a <strong>zdrav\u00fd<\/strong>. Ka\u017ed\u00e1 zlo\u017eka je starostlivo vyberan\u00e1, aby sa zaistilo, \u017ee na\u0161e jedlo sp\u013a\u0148a najvy\u0161\u0161ie \u0161tandardy a podporuje <strong>pohodu<\/strong> a <strong>dlhovekos\u0165<\/strong> svojich chlpat\u00fdch priate\u013eov.<\/p>\n\n<p><\/p>\n\n<figure class=\"wp-block-gallery has-nested-images columns-default is-cropped wp-block-gallery-1 is-layout-flex wp-block-gallery-is-layout-flex\"><figure class=\"wp-block-image size-large\"><a href=\"https:\/\/www.haffun.sk\/wp-content\/uploads\/2024\/05\/cool_barrels_1-scaled.jpg\"><img fetchpriority=\"high\" decoding=\"async\" width=\"683\" height=\"1024\" src=\"https:\/\/www.haffun.sk\/wp-content\/uploads\/2024\/05\/cool_barrels_1-683x1024.jpg\" alt=\"\" class=\"wp-image-3191\" srcset=\"https:\/\/www.haffun.sk\/wp-content\/uploads\/2024\/05\/cool_barrels_1-683x1024.jpg 683w, https:\/\/www.haffun.sk\/wp-content\/uploads\/2024\/05\/cool_barrels_1-200x300.jpg 200w, https:\/\/www.haffun.sk\/wp-content\/uploads\/2024\/05\/cool_barrels_1-768x1151.jpg 768w, https:\/\/www.haffun.sk\/wp-content\/uploads\/2024\/05\/cool_barrels_1-1025x1536.jpg 1025w, https:\/\/www.haffun.sk\/wp-content\/uploads\/2024\/05\/cool_barrels_1-1367x2048.jpg 1367w, https:\/\/www.haffun.sk\/wp-content\/uploads\/2024\/05\/cool_barrels_1-8x12.jpg 8w, https:\/\/www.haffun.sk\/wp-content\/uploads\/2024\/05\/cool_barrels_1-700x1049.jpg 700w, https:\/\/www.haffun.sk\/wp-content\/uploads\/2024\/05\/cool_barrels_1-scaled.jpg 1709w\" sizes=\"(max-width: 683px) 100vw, 683px\" \/><\/a><\/figure>\n\n<figure class=\"wp-block-image size-large\"><a href=\"https:\/\/www.haffun.sk\/wp-content\/uploads\/2024\/05\/ingredients_1-scaled.jpg\"><img decoding=\"async\" width=\"771\" height=\"1024\" src=\"https:\/\/www.haffun.sk\/wp-content\/uploads\/2024\/05\/ingredients_1-771x1024.jpg\" alt=\"\" class=\"wp-image-3190\" srcset=\"https:\/\/www.haffun.sk\/wp-content\/uploads\/2024\/05\/ingredients_1-771x1024.jpg 771w, https:\/\/www.haffun.sk\/wp-content\/uploads\/2024\/05\/ingredients_1-226x300.jpg 226w, https:\/\/www.haffun.sk\/wp-content\/uploads\/2024\/05\/ingredients_1-768x1020.jpg 768w, https:\/\/www.haffun.sk\/wp-content\/uploads\/2024\/05\/ingredients_1-1156x1536.jpg 1156w, https:\/\/www.haffun.sk\/wp-content\/uploads\/2024\/05\/ingredients_1-1542x2048.jpg 1542w, https:\/\/www.haffun.sk\/wp-content\/uploads\/2024\/05\/ingredients_1-9x12.jpg 9w, https:\/\/www.haffun.sk\/wp-content\/uploads\/2024\/05\/ingredients_1-700x930.jpg 700w, https:\/\/www.haffun.sk\/wp-content\/uploads\/2024\/05\/ingredients_1-scaled.jpg 1927w\" sizes=\"(max-width: 771px) 100vw, 771px\" \/><\/a><\/figure>\n\n<figure class=\"wp-block-image size-large\"><a href=\"https:\/\/www.haffun.sk\/wp-content\/uploads\/2024\/05\/kibble_control2-scaled.jpg\"><img decoding=\"async\" width=\"1024\" height=\"685\" src=\"https:\/\/www.haffun.sk\/wp-content\/uploads\/2024\/05\/kibble_control2-1024x685.jpg\" alt=\"\" class=\"wp-image-3189\" srcset=\"https:\/\/www.haffun.sk\/wp-content\/uploads\/2024\/05\/kibble_control2-1024x685.jpg 1024w, https:\/\/www.haffun.sk\/wp-content\/uploads\/2024\/05\/kibble_control2-300x201.jpg 300w, https:\/\/www.haffun.sk\/wp-content\/uploads\/2024\/05\/kibble_control2-768x513.jpg 768w, https:\/\/www.haffun.sk\/wp-content\/uploads\/2024\/05\/kibble_control2-1536x1027.jpg 1536w, https:\/\/www.haffun.sk\/wp-content\/uploads\/2024\/05\/kibble_control2-2048x1369.jpg 2048w, https:\/\/www.haffun.sk\/wp-content\/uploads\/2024\/05\/kibble_control2-18x12.jpg 18w, https:\/\/www.haffun.sk\/wp-content\/uploads\/2024\/05\/kibble_control2-700x468.jpg 700w\" sizes=\"(max-width: 1024px) 100vw, 1024px\" \/><\/a><\/figure><\/figure>\n\n<style>.wp-block-kadence-advancedheading.kt-adv-heading1090_446a6c-48, .wp-block-kadence-advancedheading.kt-adv-heading1090_446a6c-48[data-kb-block=\"kb-adv-heading1090_446a6c-48\"]{padding-top:var(--global-kb-spacing-sm, 1.5rem);padding-bottom:0px;margin-top:0px;margin-bottom:0px;text-align:left;font-size:24px;line-height:1.3;font-style:normal;}.wp-block-kadence-advancedheading.kt-adv-heading1090_446a6c-48 mark.kt-highlight, .wp-block-kadence-advancedheading.kt-adv-heading1090_446a6c-48[data-kb-block=\"kb-adv-heading1090_446a6c-48\"] mark.kt-highlight{font-style:normal;color:#f76a0c;-webkit-box-decoration-break:clone;box-decoration-break:clone;padding-top:0px;padding-right:0px;padding-bottom:0px;padding-left:0px;}@media all and (max-width: 1024px){.wp-block-kadence-advancedheading.kt-adv-heading1090_446a6c-48, .wp-block-kadence-advancedheading.kt-adv-heading1090_446a6c-48[data-kb-block=\"kb-adv-heading1090_446a6c-48\"]{font-size:36px;line-height:1.3;}}@media all and (max-width: 767px){.wp-block-kadence-advancedheading.kt-adv-heading1090_446a6c-48, .wp-block-kadence-advancedheading.kt-adv-heading1090_446a6c-48[data-kb-block=\"kb-adv-heading1090_446a6c-48\"]{font-size:28px;line-height:1.3;}}<\/style>\n<p class=\"kt-adv-heading1090_446a6c-48 wp-block-kadence-advancedheading has-theme-palette-3-color has-text-color\" data-kb-block=\"kb-adv-heading1090_446a6c-48\">Na na\u0161ej webovej str\u00e1nke n\u00e1jdete r\u00f4zne produkty navrhnut\u00e9 so zameran\u00edm na <strong>kvalitu<\/strong>, <strong>funk\u010dnos\u0165<\/strong>, a <strong>\u0161t\u00fdl<\/strong>. Na\u0161e postroje proti vytrhnutiu boli vyvinut\u00e9 v spolupr\u00e1ci s veterin\u00e1rmi a pr\u00edsne testovan\u00e9. Ver\u00edme, \u017ee \u0161\u0165astn\u00fd a spokojn\u00fd pes rovn\u00e1 sa \u0161\u0165astn\u00fd majite\u013e. To je filozofia, ktorej sa dr\u017e\u00edme vo v\u0161etkom, \u010do rob\u00edme.<\/p>\n\n<style>.wp-block-kadence-advancedheading.kt-adv-heading1090_48deed-a7, .wp-block-kadence-advancedheading.kt-adv-heading1090_48deed-a7[data-kb-block=\"kb-adv-heading1090_48deed-a7\"]{padding-top:var(--global-kb-spacing-sm, 1.5rem);padding-bottom:0px;margin-top:0px;margin-bottom:0px;text-align:left;font-size:24px;line-height:1.3;font-style:normal;}.wp-block-kadence-advancedheading.kt-adv-heading1090_48deed-a7 mark.kt-highlight, .wp-block-kadence-advancedheading.kt-adv-heading1090_48deed-a7[data-kb-block=\"kb-adv-heading1090_48deed-a7\"] mark.kt-highlight{font-style:normal;color:#f76a0c;-webkit-box-decoration-break:clone;box-decoration-break:clone;padding-top:0px;padding-right:0px;padding-bottom:0px;padding-left:0px;}@media all and (max-width: 1024px){.wp-block-kadence-advancedheading.kt-adv-heading1090_48deed-a7, .wp-block-kadence-advancedheading.kt-adv-heading1090_48deed-a7[data-kb-block=\"kb-adv-heading1090_48deed-a7\"]{font-size:36px;line-height:1.3;}}@media all and (max-width: 767px){.wp-block-kadence-advancedheading.kt-adv-heading1090_48deed-a7, .wp-block-kadence-advancedheading.kt-adv-heading1090_48deed-a7[data-kb-block=\"kb-adv-heading1090_48deed-a7\"]{font-size:28px;line-height:1.3;}}<\/style>\n<p class=\"kt-adv-heading1090_48deed-a7 wp-block-kadence-advancedheading has-theme-palette-3-color has-text-color\" data-kb-block=\"kb-adv-heading1090_48deed-a7\">Na Haffun.sk n\u00e1m ide o viac ne\u017e len predaj produktov. Ide o vytv\u00e1ranie komunity \u013eud\u00ed, ktor\u00ed zdie\u013eaj\u00fa na\u0161u l\u00e1sku a ktor\u00fdch cie\u013eom je zabezpe\u010di\u0165 <strong>\u0161\u0165astn\u00fd a radostn\u00fd \u017eivot svojim \u0161tvornoh\u00fdm priate\u013eom<\/strong>. Sme hrd\u00ed na to, \u017ee m\u00f4\u017eeme by\u0165 s\u00fa\u010das\u0165ou \u017eivota v\u00e1s a va\u0161ich hafanov.<\/p><\/div><\/div>\n<\/div><\/div>","protected":false},"excerpt":{"rendered":"<p>ABOUT US Our aim is to make life with your furry friend as joyful, healthy, and fulfilling as possible. Welcome to Haffun.com, a website that is the result of our conversations and ideas during long walks with our furry friends, haffuns. We are a team of enthusiastic dog lovers &#8211; Lenka, Richard, and Zuzana. Lenka&#8230;<\/p>","protected":false},"author":1,"featured_media":2842,"parent":0,"menu_order":0,"comment_status":"closed","ping_status":"closed","template":"","meta":{"_uag_custom_page_level_css":"","_kadence_starter_templates_imported_post":true,"_kad_post_transparent":"","_kad_post_title":"hide","_kad_post_layout":"fullwidth","_kad_post_sidebar_id":"","_kad_post_content_style":"unboxed","_kad_post_vertical_padding":"hide","_kad_post_feature":"","_kad_post_feature_position":"","_kad_post_header":false,"_kad_post_footer":false,"footnotes":""},"class_list":["post-1090","page","type-page","status-publish","has-post-thumbnail","hentry"],"uagb_featured_image_src":{"full":["https:\/\/www.haffun.sk\/wp-content\/uploads\/2024\/04\/haffun-og.jpg",2400,1260,false],"thumbnail":["https:\/\/www.haffun.sk\/wp-content\/uploads\/2024\/04\/haffun-og-150x150.jpg",150,150,true],"medium":["https:\/\/www.haffun.sk\/wp-content\/uploads\/2024\/04\/haffun-og-300x158.jpg",300,158,true],"medium_large":["https:\/\/www.haffun.sk\/wp-content\/uploads\/2024\/04\/haffun-og-768x403.jpg",768,403,true],"large":["https:\/\/www.haffun.sk\/wp-content\/uploads\/2024\/04\/haffun-og-1024x538.jpg",1024,538,true],"1536x1536":["https:\/\/www.haffun.sk\/wp-content\/uploads\/2024\/04\/haffun-og-1536x806.jpg",1536,806,true],"2048x2048":["https:\/\/www.haffun.sk\/wp-content\/uploads\/2024\/04\/haffun-og-2048x1075.jpg",2048,1075,true],"trp-custom-language-flag":["https:\/\/www.haffun.sk\/wp-content\/uploads\/2024\/04\/haffun-og-18x9.jpg",18,9,true],"woocommerce_thumbnail":["https:\/\/www.haffun.sk\/wp-content\/uploads\/2024\/04\/haffun-og-800x800.jpg",800,800,true],"woocommerce_single":["https:\/\/www.haffun.sk\/wp-content\/uploads\/2024\/04\/haffun-og-700x368.jpg",700,368,true],"woocommerce_gallery_thumbnail":["https:\/\/www.haffun.sk\/wp-content\/uploads\/2024\/04\/haffun-og-100x100.jpg",100,100,true],"variation_swatches_image_size":["https:\/\/www.haffun.sk\/wp-content\/uploads\/2024\/04\/haffun-og-50x50.jpg",50,50,true],"variation_swatches_tooltip_size":["https:\/\/www.haffun.sk\/wp-content\/uploads\/2024\/04\/haffun-og-100x100.jpg",100,100,true]},"uagb_author_info":{"display_name":"Peter Suba","author_link":"https:\/\/www.haffun.sk\/sk\/author\/peter-suba\/"},"uagb_comment_info":0,"uagb_excerpt":"ABOUT US Our aim is to make life with your furry friend as joyful, healthy, and fulfilling as possible. Welcome to Haffun.com, a website that is the result of our conversations and ideas during long walks with our furry friends, haffuns. We are a team of enthusiastic dog lovers &#8211; Lenka, Richard, and Zuzana. Lenka...","_links":{"self":[{"href":"https:\/\/www.haffun.sk\/sk\/wp-json\/wp\/v2\/pages\/1090","targetHints":{"allow":["GET"]}}],"collection":[{"href":"https:\/\/www.haffun.sk\/sk\/wp-json\/wp\/v2\/pages"}],"about":[{"href":"https:\/\/www.haffun.sk\/sk\/wp-json\/wp\/v2\/types\/page"}],"author":[{"embeddable":true,"href":"https:\/\/www.haffun.sk\/sk\/wp-json\/wp\/v2\/users\/1"}],"replies":[{"embeddable":true,"href":"https:\/\/www.haffun.sk\/sk\/wp-json\/wp\/v2\/comments?post=1090"}],"version-history":[{"count":0,"href":"https:\/\/www.haffun.sk\/sk\/wp-json\/wp\/v2\/pages\/1090\/revisions"}],"wp:featuredmedia":[{"embeddable":true,"href":"https:\/\/www.haffun.sk\/sk\/wp-json\/wp\/v2\/media\/2842"}],"wp:attachment":[{"href":"https:\/\/www.haffun.sk\/sk\/wp-json\/wp\/v2\/media?parent=1090"}],"curies":[{"name":"wp","href":"https:\/\/api.w.org\/{rel}","templated":true}]}}