{"id":3,"date":"2024-01-03T19:00:12","date_gmt":"2024-01-03T18:00:12","guid":{"rendered":"https:\/\/www.haffun.sk\/?page_id=3"},"modified":"2024-04-28T17:56:01","modified_gmt":"2024-04-28T15:56:01","slug":"privacy","status":"publish","type":"page","link":"https:\/\/www.haffun.sk\/sk\/privacy\/","title":{"rendered":"Ochrana osobn\u00fdch \u00fadajov"},"content":{"rendered":"<style>.kb-row-layout-id3_0e0b12-b1 > .kt-row-column-wrap{align-content:start;}:where(.kb-row-layout-id3_0e0b12-b1 > .kt-row-column-wrap) > .wp-block-kadence-column{justify-content:start;}.kb-row-layout-id3_0e0b12-b1 > .kt-row-column-wrap{column-gap:var(--global-kb-gap-md, 2rem);row-gap:var(--global-kb-gap-md, 2rem);max-width:800px;margin-left:auto;margin-right:auto;padding-top:var(--global-kb-spacing-sm, 1.5rem);padding-bottom:var(--global-kb-spacing-xxl, 5rem);grid-template-columns:minmax(0, 1fr);}.kb-row-layout-id3_0e0b12-b1 > .kt-row-layout-overlay{opacity:0.30;}@media all and (max-width: 1024px){.kb-row-layout-id3_0e0b12-b1 > .kt-row-column-wrap{grid-template-columns:minmax(0, 1fr);}}@media all and (max-width: 767px){.kb-row-layout-id3_0e0b12-b1 > .kt-row-column-wrap{grid-template-columns:minmax(0, 1fr);}}<\/style><div class=\"kb-row-layout-wrap kb-row-layout-id3_0e0b12-b1 alignnone wp-block-kadence-rowlayout\"><div class=\"kt-row-column-wrap kt-has-1-columns kt-row-layout-equal kt-tab-layout-inherit kt-mobile-layout-row kt-row-valign-top\">\n<style>.kadence-column3_2d05c3-79 > .kt-inside-inner-col,.kadence-column3_2d05c3-79 > .kt-inside-inner-col:before{border-top-left-radius:0px;border-top-right-radius:0px;border-bottom-right-radius:0px;border-bottom-left-radius:0px;}.kadence-column3_2d05c3-79 > .kt-inside-inner-col{column-gap:var(--global-kb-gap-sm, 1rem);}.kadence-column3_2d05c3-79 > .kt-inside-inner-col{flex-direction:column;}.kadence-column3_2d05c3-79 > .kt-inside-inner-col > .aligncenter{width:100%;}.kadence-column3_2d05c3-79 > .kt-inside-inner-col:before{opacity:0.3;}.kadence-column3_2d05c3-79{position:relative;}@media all and (max-width: 1024px){.kadence-column3_2d05c3-79 > .kt-inside-inner-col{flex-direction:column;}}@media all and (max-width: 767px){.kadence-column3_2d05c3-79 > .kt-inside-inner-col{flex-direction:column;}}<\/style>\n<div class=\"wp-block-kadence-column kadence-column3_2d05c3-79\"><div class=\"kt-inside-inner-col\"><h2 class=\"wp-block-heading\">Podmienky ochrany osobn\u00fdch \u00fadajov<\/h2>\n\n<p><strong>Podmienky ochrany \u00fadajov<\/strong><\/p>\n\n<p>Kupuj\u00faci, resp. registrovan\u00fd u\u017e\u00edvate\u013e (\u010falej spolo\u010dne len \u201ekupuj\u00faci\u201c) pri uzavret\u00ed zmluvy s pred\u00e1vaj\u00facim prostredn\u00edctvom e-shopu, pri pou\u017e\u00edvan\u00ed e-shopu, pri registr\u00e1cii v eshope pri  alebo pri registr\u00e1cii k odberu noviniek (newsletteru) zad\u00e1va do formul\u00e1rov svoje osobn\u00e9 \u00fadaje. V r\u00e1mci ochrany Va\u0161ich osobn\u00fdch \u00fadajov vych\u00e1dzame z opatren\u00ed z Nariadenia Eur\u00f3pskeho parlamentu a Rady E\u00da 2016\/679 z 27. apr\u00edla 2016 o ochrane fyzick\u00fdch os\u00f4b pri spracovan\u00ed osobn\u00fdch \u00fadajov a o vo\u013enom pohybe t\u00fdchto \u00fadajov, ktor\u00fdm sa zru\u0161uje smernica 95\/46 \/ ES (nariadenie o ochrane osobn\u00fdch \u00fadajov, \u010falej aj ako \u201eGDPR\u201c) a z opatren\u00ed uveden\u00fdch v z\u00e1kone \u010d. 18\/2018 Z. z. o ochrane osobn\u00fdch \u00fadajov a o zmene a doplnen\u00ed niektor\u00fdch z\u00e1konov v znen\u00ed neskor\u0161\u00edch predpisov (\u010falej ako \u201ez\u00e1kon o ochrane osobn\u00fdch\u00a0\u00fadajov\u201c).<\/p>\n\n<p><strong>Defin\u00edcia pojmu osobn\u00fd \u00fadaj<\/strong><br>Osobn\u00fd \u00fadaj je inform\u00e1cia, ktor\u00e1 sa t\u00fdka identifikovanej alebo identifikovate\u013enej fyzickej osoby. T\u00fato osobu mo\u017eno identifikova\u0165 priamo alebo nepriamo na z\u00e1klade v\u0161eobecne pou\u017eite\u013en\u00e9ho identifik\u00e1tora, alebo in\u00e9ho identifik\u00e1tora ako je meno, priezvisko, identifika\u010dn\u00e9 \u010d\u00edslo, lokaliza\u010dn\u00e9 \u00fadaje, online identifik\u00e1tor alebo in\u00e9 charakteristiky \u0161pecifick\u00e9 pre fyzick\u00fa, fyziologick\u00fa, genetick\u00fa, psychick\u00fa, ekonomick\u00fa, kult\u00farnu alebo soci\u00e1lnu\u00a0identitu\u00a0osoby.<\/p>\n\n<p><strong>Charakter spracovania osobn\u00fdch \u00fadajov<\/strong><br>Sprac\u00favanie osobn\u00fdch \u00fadajov zah\u0155\u0148a ak\u00e9ko\u013evek oper\u00e1cie alebo s\u00fabor oper\u00e1ci\u00ed s osobn\u00fdmi \u00fadajmi, vr\u00e1tane zberu, z\u00e1znamu, usporiadania, \u0161trukt\u00farovania, ukladania, \u00fapravy, vyh\u013ead\u00e1vania, prehliadania, pou\u017e\u00edvania, zverej\u0148ovania prenosom, roz\u0161irovania alebo inej dostupnosti, usporad\u00favania alebo kombinovania, obmedzenia, mazania alebo zni\u010denia, vykon\u00e1van\u00fdch automatizovan\u00fdmi alebo neautomatizovan\u00fdmi\u00a0prostriedkami.<\/p>\n\n<p><strong>Pr\u00edjemca\/Spr\u00e1vca osobn\u00fdch \u00fadajov<\/strong><\/p>\n\n<p><br>Pr\u00edjemcom je ka\u017ed\u00fd, komu sa osobn\u00e9 \u00fadaje poskytn\u00fa bez oh\u013eadu na to, \u010di je tre\u0165ou stranou. Za pr\u00edjemcu sa nepova\u017euje org\u00e1n verejnej moci, ktor\u00fd sprac\u00fava osobn\u00e9 \u00fadaje na z\u00e1klade osobitn\u00e9ho predpisu. S\u00fa to osoby ktor\u00e9 sa podie\u013eaj\u00fa na dodan\u00ed tovaru, slu\u017eieb, realiz\u00e1cii platieb na z\u00e1klade zmluvy. Spr\u00e1vca neposkytuje, nezverej\u0148uje a nespr\u00edstup\u0148uje osobn\u00e9 \u00fadaje do\u00a0tret\u00edch\u00a0kraj\u00edn.<\/p>\n\n<p><strong>Zdroje a typy spracov\u00e1van\u00fdch osobn\u00fdch \u00fadajov<\/strong><\/p>\n\n<p><br>Spr\u00e1vca osobn\u00fdch \u00fadajov je spolo\u010dnos\u0165 Doodles - Slovakia s.r.o., so s\u00eddlom Moj\u0161 278, \u017dilina 010 01, I\u010cO: 50949501, V\u00fdpis z Obchodn\u00e9ho registra Okresn\u00e9ho s\u00fadu \u017dilina, oddiel: Sro, vlo\u017eka \u010d. 68018\/L. Svoje pr\u00e1va m\u00f4\u017ee fyzick\u00e1 osoba uplatni\u0165 na e-mailovej adrese: info@haffun.com<br>Spr\u00e1vca spracov\u00e1va osobn\u00e9 \u00fadaje, ktor\u00e9 ste mu poskytli priamo, alebo ktor\u00e9 z\u00edskal v s\u00favislosti s plnen\u00edm Va\u0161ej objedn\u00e1vky. Tieto \u00fadaje zah\u0155\u0148aj\u00fa Va\u0161e identifika\u010dn\u00e9, kontaktn\u00e9 \u00fadaje a \u00fadaje potrebn\u00e9 na plnenie zmluvy. Pracujeme iba s t\u00fdmi osobn\u00fdmi \u00fadajmi, ktor\u00e9 n\u00e1m umo\u017e\u0148uj\u00fa poskytovanie slu\u017eieb v rozsahu na\u0161ej \u010dinnosti, teda spracova\u0165 objedn\u00e1vku v zmysle administrat\u00edvy a doru\u010denia tak, aby boli dodr\u017ean\u00e9 z\u00e1konn\u00e9 povinnosti, a tie\u017e chr\u00e1nen\u00e9 na\u0161e opr\u00e1vnen\u00e9 z\u00e1ujmy. V takom pr\u00edpade s\u00fa sprac\u00favan\u00e9 osobn\u00e9 \u00fadaje len v rozsahu, ktor\u00fd je nevyhnutn\u00fd na uzatvorenie a plnenie pr\u00edslu\u0161nej zmluvy. Ide najm\u00e4 o plnenie predmetu zmluvy, z\u00e1kazn\u00edcku podporu, spr\u00e1vu zmluvy a evidenciu \u00fa\u010dastn\u00edkov. Poskytnutie osobn\u00fdch \u00fadajov kupuj\u00facim je v pr\u00edpade objedn\u00e1vky dobrovo\u013en\u00e9, ale nevyhnut\u00e9 na \u00faspe\u0161n\u00e9 uzavretie k\u00fapnej zmluvy a jej n\u00e1sledn\u00e9\u00a0plnenie.<\/p>\n\n<p><strong>Spracovanie \u00fadajov na marketingov\u00e9 \u00fa\u010dely<\/strong><\/p>\n\n<p>Osobn\u00e9 \u00fadaje kupuj\u00facich sprac\u00favame aj na \u00fa\u010dely marketingu, ak m\u00e1me na tento \u00fa\u010del udelen\u00fd s\u00fahlas. Marketing sa t\u00fdka najm\u00e4 t\u00fdchto \u010dinnost\u00ed:<br>a)\tPonuka produktov a slu\u017eieb spolo\u010dnosti Doodles - Slovakia s.r.o. - ponuky V\u00e1m na z\u00e1klade V\u00e1\u0161ho s\u00fahlasu zasielame elektronicky, formou e-mailov.<br>b)\tPosielanie informa\u010dn\u00fdch emailov obsahuj\u00facich obchodn\u00e9 ponuky, \u010dl\u00e1nky a inform\u00e1cie z aktiv\u00edt z predmetu \u010dinnosti na\u0161ej\u00a0spolo\u010dnosti.<\/p>\n\n<p>Poskytovan\u00fd s\u00fahlas na marketingov\u00e9 \u00fa\u010dely je dobrovo\u013en\u00fd. Je v\u0161ak nevyhnutn\u00fd, aby sme V\u00e1m mohli zasiela\u0165 ponuky slu\u017eieb spolo\u010dnosti Doodles - Slovakia s.r.o.. Bez udelen\u00e9ho s\u00fahlasu nem\u00f4\u017eeme poskytova\u0165 individu\u00e1lne ponuky tovarov a slu\u017eieb. S\u00fahlas so spracovan\u00edm osobn\u00fdch \u00fadajov na \u00fa\u010dely marketingu je zalo\u017een\u00fd na dobrovo\u013enosti, z tohto d\u00f4vodu ho klient m\u00f4\u017ee kedyko\u013evek odvola\u0165 prostredn\u00edctvom e-mailu: info@haffun.com. Pri odvolan\u00ed je potrebn\u00e9 uvies\u0165 meno, priezvisko, e-mail s kr\u00e1tkym popisom, \u017ee si neprajete aby sme \u010falej spracov\u00e1vali va\u0161e osobn\u00e9 \u00fadaje na marketingov\u00e9\u00a0\u00fa\u010dely.<\/p>\n\n<p><strong>Ako dlho uchov\u00e1vame osobn\u00e9 \u00fadaje:<\/strong><br>a)\tPo dobu nevyhnutn\u00fa k v\u00fdkonu pr\u00e1v a povinnost\u00ed vypl\u00fdvaj\u00facich so zmluvn\u00e9ho vz\u0165ahu medzi Vami (z\u00e1kazn\u00edkom) a nami (spr\u00e1vcom) a uplat\u0148ovania n\u00e1roku vypl\u00fdvaj\u00faceho z t\u00fdchto zmluvn\u00fdch vz\u0165ahov. Osobn\u00e9 \u00fadaje nevyhnutn\u00e9 na uzavretie a plnenie zmluvy sprac\u00favame po\u010das obdobia trvania zmluvn\u00e9ho vz\u0165ahu a \u010fal\u0161\u00edch nasleduj\u00facich 10 rokov od ukon\u010denia zmluvn\u00e9ho vz\u0165ahu, kedy to od n\u00e1s vy\u017eaduj\u00fa v\u0161eobecne z\u00e1v\u00e4zn\u00e9 pr\u00e1vne predpisy<br>b)\tPo dobu ne\u017e je odvolan\u00fd s\u00fahlas so spracovan\u00edm osobn\u00fdch \u00fadajov pre \u00fa\u010dely\u00a0marketingu<\/p>\n\n<p>Po uplynut\u00ed doby uchov\u00e1vania osobn\u00fdch \u00fadajov ktor\u00e1 vypl\u00fdva zo z\u00e1kona \u010d. 395\/2002 Z. z. Z\u00e1kon o arch\u00edvoch a registrat\u00farach a o doplnen\u00ed niektor\u00fdch z\u00e1konov prev\u00e1dzkovate\u013e osobn\u00e9\u00a0\u00fadaje\u00a0vyma\u017ee.<\/p>\n\n<p><strong>Pr\u00e1va z\u00e1kazn\u00edka v s\u00favislosti so spracovan\u00edm osobn\u00fdch \u00fadajov<\/strong><\/p>\n\n<p>Osobn\u00e9 \u00fadaje z\u00e1kazn\u00edkov s\u00fa sprac\u00favan\u00e9 na z\u00e1klade osobitn\u00fdch pr\u00e1vnych predpisov, ktor\u00e9 s\u00fa v s\u00falade s t\u00fdmito predpismi bli\u017e\u0161ie stanoven\u00e9\u00a0pred\u00e1vaj\u00facim.<\/p>\n\n<p>Pr\u00e1vo na pr\u00edstup \u2013 kupuj\u00faci m\u00e1 pr\u00e1vo na poskytnutie k\u00f3pie osobn\u00fdch \u00fadajov, ktor\u00e9 m\u00e1 spr\u00e1vca o kupuj\u00facom k dispoz\u00edcii, ako aj na inform\u00e1cie o tom, ako osobn\u00e9 \u00fadaje prev\u00e1dzkovate\u013e pou\u017e\u00edva. Vo v\u00e4\u010d\u0161ine pr\u00edpadov bud\u00fa osobn\u00e9 \u00fadaje dotknut\u00fdm osob\u00e1m poskytnut\u00e9 v p\u00edsomnej forme \u2013 e-mailom.<\/p>\n\n<p>Pr\u00e1vo na opravu \u2013 spr\u00e1vca je povinn\u00fd zabezpe\u010dova\u0165 presnos\u0165, \u00faplnos\u0165 a aktu\u00e1lnos\u0165 sprac\u00favan\u00fdch osobn\u00fdch \u00fadajov, ktor\u00e9 m\u00e1 o kupuj\u00facich k dispoz\u00edcii.<\/p>\n\n<p>Pr\u00e1vo na v\u00fdmaz (na zabudnutie) \u2013  z\u00e1kazn\u00edk m\u00e1 pr\u00e1vo po\u017eiada\u0165 o vymazanie osobn\u00fdch \u00fadajov, napr. v pr\u00edpade, ak osobn\u00e9 \u00fadaje viac nie s\u00fa potrebn\u00e9 na naplnenie p\u00f4vodn\u00e9ho \u00fa\u010delu sprac\u00favania. Pr\u00e1vo v\u0161ak spr\u00e1vca pos\u00fadi z poh\u013eadu v\u0161etk\u00fdch relevantn\u00fdch okolnost\u00ed.<\/p>\n\n<p>Pr\u00e1vo na obmedzenie sprac\u00favania \u2013 za ur\u010dit\u00fdch okolnost\u00ed je z\u00e1kazn\u00edk opr\u00e1vnen\u00fd spr\u00e1vcu po\u017eiada\u0165, aby prestal pou\u017e\u00edva\u0165 jej osobn\u00e9 \u00fadaje. Napr. pr\u00edpady, ke\u010f si z\u00e1kazn\u00edk mysl\u00ed, \u017ee jeho osobn\u00e9 \u00fadaje, m\u00f4\u017eu by\u0165 nepresn\u00e9.<\/p>\n\n<p>Pr\u00e1vo na prenosnos\u0165 \u00fadajov \u2013 za ur\u010dit\u00fdch okolnost\u00ed m\u00e1 z\u00e1kazn\u00edk pr\u00e1vo po\u017eiada\u0165 prev\u00e1dzkovate\u013ea o prenos osobn\u00fdch \u00fadajov na in\u00fa tretiu stranu pod\u013ea jej v\u00fdberu. Pr\u00e1vo na prenosnos\u0165 sa t\u00fdka len osobn\u00fdch \u00fadajov, ktor\u00e9 spr\u00e1vca z\u00edskal na z\u00e1klade s\u00fahlasu alebo na z\u00e1klade zmluvy, ktorej je z\u00e1kazn\u00edk zmluvnou stranou.<\/p>\n\n<p>Pr\u00e1vo namieta\u0165 \u2013 kupuj\u00faci m\u00e1 pr\u00e1vo namieta\u0165 vo\u010di sprac\u00favaniu jej osobn\u00fdch \u00fadajov, ak sa domnieva, alebo zist\u00ed, \u017ee jeho osobn\u00e9 \u00fadaje s\u00fa spracov\u00e1van\u00e9 v rozpore s ochranou jeho s\u00fakromn\u00e9ho a osobn\u00e9ho \u017eivota, alebo, \u017ee s\u00fa jeho \u00fadaje sprac\u00favan\u00e9 v rozpore s platnou legislat\u00edvou.<\/p>\n\n<p>Pr\u00e1vo odvola\u0165 s\u00fahlas \u2013 v pr\u00edpadoch, kedy osobn\u00e9 \u00fadaje spr\u00e1vca sprac\u00fava na z\u00e1klade s\u00fahlasu, m\u00e1 z\u00e1kazn\u00edk pr\u00e1vo tento s\u00fahlas kedyko\u013evek odvola\u0165. S\u00fahlas m\u00f4\u017ee odvola\u0165 p\u00edsomne. Odvolanie s\u00fahlasu nem\u00e1 vplyv na z\u00e1konnos\u0165 sprac\u00favania osobn\u00fdch \u00fadajov.<\/p>\n\n<p>Pr\u00e1vo poda\u0165 n\u00e1vrh na za\u010datie konania o ochrane osobn\u00fdch \u00fadajov \u2013 ak sa z\u00e1kazn\u00edk domnieva, \u017ee jeho osobn\u00e9 \u00fadaje spr\u00e1vca sprac\u00fava nespravodlivo alebo nez\u00e1konne, m\u00f4\u017ee poda\u0165 s\u0165a\u017enos\u0165 na dozorn\u00fd org\u00e1n, ktor\u00fdm je \u00darad na ochranu osobn\u00fdch \u00fadajov Slovenskej republiky.<\/p>\n\n<p><strong>Na uplatnenie Va\u0161ich pr\u00e1v n\u00e1s m\u00f4\u017eete kontaktova\u0165 nasleduj\u00facimi sp\u00f4sobmi:<\/strong><\/p>\n\n<p>E-mailom na adrese info@haffun.com<\/p>\n\n<p><br>Po\u0161tou na adrese Moj\u0161 278, 010 01 \u017dilina<\/p>\n\n<p><br>Pr\u00e1vo na ochranu osobn\u00fdch \u00fadajov poskytnut\u00fdch spolo\u010dnosti Doodles - Slovakia s.r.o. si m\u00f4\u017eete uplatni\u0165 na e-mailovej adrese info@haffun.com. Vyjadrenie poskytujeme bezplatne. V pr\u00edpade, \u017ee by bol podnet neprimeran\u00fd, alebo by sa vyskytoval opakovanie, m\u00e1me pr\u00e1vo \u00fa\u010dtova\u0165 si adekv\u00e1tny poplatok, ktor\u00fd zoh\u013ead\u0148uje administrat\u00edvne n\u00e1klady s poskytnut\u00edm\u00a0inform\u00e1ci\u00ed.<\/p>\n\n<p><strong>Pou\u017e\u00edvanie s\u00faborov Cookies<\/strong><\/p>\n\n<p>S\u00fabory cookie s\u00fa mal\u00e9 textov\u00e9 s\u00fabory ulo\u017een\u00e9 vo va\u0161om po\u010d\u00edta\u010di alebo mobilnom zariaden\u00ed, ke\u010f pristupujete na na\u0161e webov\u00e9 str\u00e1nky. Tieto s\u00fabory umo\u017e\u0148uj\u00fa na\u0161im str\u00e1nkam zapam\u00e4ta\u0165 si va\u0161e ned\u00e1vne akcie a preferencie, ako s\u00fa napr\u00edklad inform\u00e1cie o prihl\u00e1sen\u00ed, nastavenie jazyka, \u010d\u00ed ve\u013ekos\u0165 p\u00edsma. To znamen\u00e1, \u017ee pri \u010fal\u0161ej n\u00e1v\u0161teve nebude potrebn\u00e9 tieto nastavenia znova\u00a0konfigurova\u0165.<\/p>\n\n<p>Pri prehliadan\u00ed na\u0161ich webov\u00fdch str\u00e1nok sa automaticky spracov\u00e1vaj\u00fa ur\u010dit\u00e9 \u00fadaje, ako typ v\u00e1\u0161ho prehliada\u010da, opera\u010dn\u00fd syst\u00e9m, dom\u00e9na webov\u00fdch str\u00e1nok, z ktor\u00fdch prich\u00e1dzate, po\u010det n\u00e1v\u0161tev a priemern\u00e1 doba prezerania str\u00e1nok. Tieto \u00fadaje sa zbieraj\u00fa s cie\u013eom zv\u00fd\u0161i\u0165 atraktivitu na\u0161ich str\u00e1nok a zlep\u0161i\u0165 ich funk\u010dnos\u0165 a obsah. Toto tie\u017e sl\u00fa\u017ei na\u0161im opr\u00e1vnen\u00fdm z\u00e1ujmom, ktor\u00fd tvor\u00ed pr\u00e1vny z\u00e1klad pre spracovanie va\u0161ich \u00fadajov. Spracovanie t\u00fdchto \u00fadajov vyu\u017e\u00edva s\u00fabory cookie, IP adresy a \u010fal\u0161ie technick\u00e9 n\u00e1stroje na ur\u010denie popul\u00e1rnych oblast\u00ed na\u0161ich webov\u00fdch str\u00e1nok, to, \u010do n\u00e1v\u0161tevn\u00edci prezeraj\u00fa a ako dlho str\u00e1via na na\u0161ich str\u00e1nkach. S\u00fabory cookie s\u00fa inform\u00e1cie, ktor\u00e9 webov\u00fd server odo\u0161le a ulo\u017e\u00ed vo va\u0161om internetovom prehliada\u010di. Tieto inform\u00e1cie s\u00fa potom zaslan\u00e9 sp\u00e4\u0165 webov\u00e9mu serveru pri ka\u017edej n\u00e1v\u0161teve na\u0161ich str\u00e1nok, \u010do umo\u017e\u0148uje webov\u00e9mu serveru identifikova\u0165 a sledova\u0165 v\u00e1\u0161 prehliada\u010d. S\u00fabory cookie pou\u017e\u00edvan\u00e9 prev\u00e1dzkovate\u013eom s\u00fa zaraden\u00e9 do kateg\u00f3rie technick\u00fdch cookie, ktor\u00e9 s\u00fa nevyhnutn\u00e9 na sledovanie prenosu \u00fadajov a prisp\u00f4sobenie na\u0161ich webov\u00fdch str\u00e1nok potreb\u00e1m\u00a0n\u00e1v\u0161tevn\u00edkov.<\/p>\n\n<p>Pri n\u00e1v\u0161teve na\u0161ich webov\u00fdch str\u00e1nok m\u00e1te mo\u017enos\u0165 prija\u0165 pou\u017e\u00edvanie s\u00faborov cookie kliknut\u00edm na tla\u010didlo s\u00fahlasu. Ak svoj s\u00fahlas neudel\u00edte alebo ak pou\u017e\u00edvanie s\u00faborov cookie zak\u00e1\u017eete, v\u00e1\u0161 pr\u00edstup na na\u0161e webov\u00e9 str\u00e1nky zostane nezmenen\u00fd, ako keby ste svoj s\u00fahlas udelen\u00fd mali. To v\u0161ak m\u00f4\u017ee ma\u0165 za n\u00e1sledok menej presn\u00e9 zber \u00fadajov pre na\u0161e \u00fa\u010dely, konkr\u00e9tne pre optimaliz\u00e1ciu webov\u00fdch str\u00e1nok. Upozor\u0148ujeme, \u017ee aj ke\u010f s\u00fahlas s pou\u017e\u00edvan\u00edm s\u00faborov cookie udel\u00edte, m\u00f4\u017eete ich zo svojho prehliada\u010da kedyko\u013evek odstr\u00e1ni\u0165. Ak tak urob\u00edte, pri \u010fal\u0161ej n\u00e1v\u0161teve na\u0161ich str\u00e1nok budete znovu po\u017eiadan\u00ed o vyjadrenie\u00a0s\u00fahlasu.<\/p><\/div><\/div>\n<\/div><\/div>","protected":false},"excerpt":{"rendered":"<p>PRIVACY POLICY TERMS Data Protection Conditions When concluding a contract with the seller via the e-shop, using the e-shop, registering in the e-shop, or subscribing to newsletters, the buyer or registered user (hereinafter collectively referred to as &#8220;the buyer&#8221;) enters their personal data into forms. In terms of protecting your personal data, we adhere to&#8230;<\/p>","protected":false},"author":1,"featured_media":0,"parent":0,"menu_order":0,"comment_status":"closed","ping_status":"closed","template":"","meta":{"_uag_custom_page_level_css":"","_kadence_starter_templates_imported_post":false,"_kad_post_transparent":"","_kad_post_title":"","_kad_post_layout":"","_kad_post_sidebar_id":"","_kad_post_content_style":"","_kad_post_vertical_padding":"hide","_kad_post_feature":"","_kad_post_feature_position":"","_kad_post_header":false,"_kad_post_footer":false,"footnotes":""},"class_list":["post-3","page","type-page","status-publish","hentry"],"uagb_featured_image_src":{"full":false,"thumbnail":false,"medium":false,"medium_large":false,"large":false,"1536x1536":false,"2048x2048":false,"trp-custom-language-flag":false,"woocommerce_thumbnail":false,"woocommerce_single":false,"woocommerce_gallery_thumbnail":false,"variation_swatches_image_size":false,"variation_swatches_tooltip_size":false},"uagb_author_info":{"display_name":"Peter Suba","author_link":"https:\/\/www.haffun.sk\/sk\/author\/peter-suba\/"},"uagb_comment_info":0,"uagb_excerpt":"PRIVACY POLICY TERMS Data Protection Conditions When concluding a contract with the seller via the e-shop, using the e-shop, registering in the e-shop, or subscribing to newsletters, the buyer or registered user (hereinafter collectively referred to as &#8220;the buyer&#8221;) enters their personal data into forms. In terms of protecting your personal data, we adhere to...","_links":{"self":[{"href":"https:\/\/www.haffun.sk\/sk\/wp-json\/wp\/v2\/pages\/3","targetHints":{"allow":["GET"]}}],"collection":[{"href":"https:\/\/www.haffun.sk\/sk\/wp-json\/wp\/v2\/pages"}],"about":[{"href":"https:\/\/www.haffun.sk\/sk\/wp-json\/wp\/v2\/types\/page"}],"author":[{"embeddable":true,"href":"https:\/\/www.haffun.sk\/sk\/wp-json\/wp\/v2\/users\/1"}],"replies":[{"embeddable":true,"href":"https:\/\/www.haffun.sk\/sk\/wp-json\/wp\/v2\/comments?post=3"}],"version-history":[{"count":0,"href":"https:\/\/www.haffun.sk\/sk\/wp-json\/wp\/v2\/pages\/3\/revisions"}],"wp:attachment":[{"href":"https:\/\/www.haffun.sk\/sk\/wp-json\/wp\/v2\/media?parent=3"}],"curies":[{"name":"wp","href":"https:\/\/api.w.org\/{rel}","templated":true}]}}