{"id":2735,"date":"2024-04-21T17:27:20","date_gmt":"2024-04-21T15:27:20","guid":{"rendered":"https:\/\/www.haffun.sk\/?post_type=product&#038;p=2735"},"modified":"2025-05-25T22:22:45","modified_gmt":"2025-05-25T20:22:45","slug":"obojok-fleur","status":"publish","type":"product","link":"https:\/\/www.haffun.sk\/sk\/produkt\/obojok-fleur\/","title":{"rendered":"Obojok &#8220;Fleur&#8221;"},"content":{"rendered":"<p><strong>Ve\u013ekostn\u00e1 tabu\u013eka<\/strong><\/p>\n<p>S moment\u00e1lne nedostupn\u00e9<\/p>\n<p>M (34-51 cm)<\/p>\n<p>L moment\u00e1lne nedostupn\u00e9<\/p>\n<p>XL moment\u00e1lne nedostupn\u00e9<\/p>\n<p>popruh so \u0161\u00edrkou 20 mm<\/p>\n<p><strong>Materi\u00e1l:<\/strong><\/p>\n<p>polyester, acet\u00e1l, D-kr\u00fa\u017eky(nerezov\u00e1 oce\u013e)<\/p>\n<p><strong>Starostlivos\u0165:<\/strong><\/p>\n<p>Jemn\u00e9 pranie na 30\u00b0C. Nesu\u0161i\u0165 v su\u0161i\u010dke.<\/p>","protected":false},"excerpt":{"rendered":"<p>\u0160t\u00fdlov\u00fd doplnok, ktor\u00fd sp\u00e1ja kvalitn\u00e9 spracovanie s kr\u00e1sou pr\u00edrody \u2013 n\u00e1\u0161 obojok \u201eFleur\u201c. Tento obojok vynik\u00e1 p\u00fatav\u00fdm kvetinov\u00fdm dizajnom a je vyroben\u00fd z prvotriednych materi\u00e1lov, \u010do zabezpe\u010duje odolnos\u0165 a pohodlie pre v\u00e1\u0161ho milovan\u00e9ho hafana. Obojok je nielen \u0161t\u00fdlov\u00fd doplnok, je vyroben\u00fd s d\u00f4razom na bezpe\u010dnos\u0165 a pohodlie. Ka\u017ed\u00fd obojok je vybaven\u00fd bezpe\u010dnostnou prackou a nastavite\u013en\u00fdm popruhom. Nechajte v\u00e1\u0161ho psieho spolo\u010dn\u00edka vynikn\u00fa\u0165 z davu s obojkom &#8220;Fleur&#8221;.<\/p>","protected":false},"featured_media":2737,"comment_status":"open","ping_status":"closed","template":"","meta":{"_uag_custom_page_level_css":"","_kadence_starter_templates_imported_post":false,"_kad_post_transparent":"default","_kad_post_title":"","_kad_post_layout":"default","_kad_post_sidebar_id":"","_kad_post_content_style":"default","_kad_post_vertical_padding":"default","_kad_post_feature":"","_kad_post_feature_position":"","_kad_post_header":false,"_kad_post_footer":false},"product_brand":[],"product_cat":[44],"product_tag":[],"class_list":{"0":"post-2735","1":"product","2":"type-product","3":"status-publish","4":"has-post-thumbnail","6":"product_cat-dog-collars","7":"pa_color-black","8":"pa_color-white","9":"pa_size-m","11":"first","12":"instock","13":"taxable","14":"shipping-taxable","15":"purchasable","16":"product-type-variable","17":"entry","18":"content-bg","19":"loop-entry"},"uagb_featured_image_src":{"full":["https:\/\/www.haffun.sk\/wp-content\/uploads\/2024\/04\/917E7410-F8BA-4F9D-937F-5FE8668BECEB.png",3888,2592,false],"thumbnail":["https:\/\/www.haffun.sk\/wp-content\/uploads\/2024\/04\/917E7410-F8BA-4F9D-937F-5FE8668BECEB-150x150.png",150,150,true],"medium":["https:\/\/www.haffun.sk\/wp-content\/uploads\/2024\/04\/917E7410-F8BA-4F9D-937F-5FE8668BECEB-300x200.png",300,200,true],"medium_large":["https:\/\/www.haffun.sk\/wp-content\/uploads\/2024\/04\/917E7410-F8BA-4F9D-937F-5FE8668BECEB-768x512.png",768,512,true],"large":["https:\/\/www.haffun.sk\/wp-content\/uploads\/2024\/04\/917E7410-F8BA-4F9D-937F-5FE8668BECEB-1024x683.png",1024,683,true],"1536x1536":["https:\/\/www.haffun.sk\/wp-content\/uploads\/2024\/04\/917E7410-F8BA-4F9D-937F-5FE8668BECEB-1536x1024.png",1536,1024,true],"2048x2048":["https:\/\/www.haffun.sk\/wp-content\/uploads\/2024\/04\/917E7410-F8BA-4F9D-937F-5FE8668BECEB-2048x1365.png",2048,1365,true],"trp-custom-language-flag":["https:\/\/www.haffun.sk\/wp-content\/uploads\/2024\/04\/917E7410-F8BA-4F9D-937F-5FE8668BECEB-18x12.png",18,12,true],"woocommerce_thumbnail":["https:\/\/www.haffun.sk\/wp-content\/uploads\/2024\/04\/917E7410-F8BA-4F9D-937F-5FE8668BECEB-800x800.png",800,800,true],"woocommerce_single":["https:\/\/www.haffun.sk\/wp-content\/uploads\/2024\/04\/917E7410-F8BA-4F9D-937F-5FE8668BECEB-700x467.png",700,467,true],"woocommerce_gallery_thumbnail":["https:\/\/www.haffun.sk\/wp-content\/uploads\/2024\/04\/917E7410-F8BA-4F9D-937F-5FE8668BECEB-100x100.png",100,100,true],"variation_swatches_image_size":["https:\/\/www.haffun.sk\/wp-content\/uploads\/2024\/04\/917E7410-F8BA-4F9D-937F-5FE8668BECEB-50x50.png",50,50,true],"variation_swatches_tooltip_size":["https:\/\/www.haffun.sk\/wp-content\/uploads\/2024\/04\/917E7410-F8BA-4F9D-937F-5FE8668BECEB-100x100.png",100,100,true]},"uagb_author_info":{"display_name":"Admin","author_link":"https:\/\/www.haffun.sk\/sk\/author\/"},"uagb_comment_info":0,"uagb_excerpt":"\u0160t\u00fdlov\u00fd doplnok, ktor\u00fd sp\u00e1ja kvalitn\u00e9 spracovanie s kr\u00e1sou pr\u00edrody \u2013 n\u00e1\u0161 obojok \u201eFleur\u201c. Tento obojok vynik\u00e1 p\u00fatav\u00fdm kvetinov\u00fdm dizajnom a je vyroben\u00fd z prvotriednych materi\u00e1lov, \u010do zabezpe\u010duje odolnos\u0165 a pohodlie pre v\u00e1\u0161ho milovan\u00e9ho hafana. Obojok je nielen \u0161t\u00fdlov\u00fd doplnok, je vyroben\u00fd s d\u00f4razom na bezpe\u010dnos\u0165 a pohodlie. Ka\u017ed\u00fd obojok je vybaven\u00fd bezpe\u010dnostnou prackou a nastavite\u013en\u00fdm&hellip;","_links":{"self":[{"href":"https:\/\/www.haffun.sk\/sk\/wp-json\/wp\/v2\/product\/2735","targetHints":{"allow":["GET"]}}],"collection":[{"href":"https:\/\/www.haffun.sk\/sk\/wp-json\/wp\/v2\/product"}],"about":[{"href":"https:\/\/www.haffun.sk\/sk\/wp-json\/wp\/v2\/types\/product"}],"replies":[{"embeddable":true,"href":"https:\/\/www.haffun.sk\/sk\/wp-json\/wp\/v2\/comments?post=2735"}],"wp:featuredmedia":[{"embeddable":true,"href":"https:\/\/www.haffun.sk\/sk\/wp-json\/wp\/v2\/media\/2737"}],"wp:attachment":[{"href":"https:\/\/www.haffun.sk\/sk\/wp-json\/wp\/v2\/media?parent=2735"}],"wp:term":[{"taxonomy":"product_brand","embeddable":true,"href":"https:\/\/www.haffun.sk\/sk\/wp-json\/wp\/v2\/product_brand?post=2735"},{"taxonomy":"product_cat","embeddable":true,"href":"https:\/\/www.haffun.sk\/sk\/wp-json\/wp\/v2\/product_cat?post=2735"},{"taxonomy":"product_tag","embeddable":true,"href":"https:\/\/www.haffun.sk\/sk\/wp-json\/wp\/v2\/product_tag?post=2735"}],"curies":[{"name":"wp","href":"https:\/\/api.w.org\/{rel}","templated":true}]}}