{"id":2744,"date":"2024-04-21T17:52:03","date_gmt":"2024-04-21T15:52:03","guid":{"rendered":"https:\/\/www.haffun.sk\/?post_type=product&#038;p=2744"},"modified":"2025-06-05T03:20:19","modified_gmt":"2025-06-05T01:20:19","slug":"protitahaci-postroj-fleur","status":"publish","type":"product","link":"https:\/\/www.haffun.sk\/sk\/produkt\/protitahaci-postroj-fleur\/","title":{"rendered":"Proti\u0165ahac\u00ed postroj &#8220;Fleur&#8221;"},"content":{"rendered":"<p>Haffun proti\u0165ahac\u00ed postroj je skvel\u00e1 pom\u00f4cka na ceste k bezstarostn\u00fdm a\u00a0<a href=\"https:\/\/www.haffun.sk\/sk\/prechadzka-s-haffun-postrojom-hrdo-kracajte-po-boku-vasho-psa\/\">radostn\u00fdm prech\u00e1dzkam.<\/a>Tento pr\u00e9miov\u00fd postroj je v\u00fdsledkom spolupr\u00e1ce ps\u00ed\u010dkarov, veterin\u00e1rov a tr\u00e9nerov, ktor\u00ed rozumej\u00fa potreb\u00e1m va\u0161ich \u0161tvornoh\u00fdch priate\u013eov.<\/p>\n<p><strong>Vesel\u00fd dizajn:<\/strong><\/p>\n<p>Postroje vyr\u00e1bame vo viacer\u00fdch vesel\u00fdch dizajnoch, aby si ka\u017ed\u00fd vybral na z\u00e1klade svojho osobit\u00e9ho \u0161t\u00fdlu.<\/p>\n<p><strong>Viac ne\u017e len doplnok:<\/strong><\/p>\n<p>N\u00e1\u0161 postroj je tr\u00e9ningov\u00e1 pom\u00f4cka, navrhnut\u00e1 s l\u00e1skou, aby prech\u00e1dzky s va\u0161im hafanom boli pokojnej\u0161ie a pr\u00edjemnej\u0161ie.<\/p>\n<p><strong>Kvalitn\u00e9 materi\u00e1ly pre nezabudnute\u013en\u00e9 dobrodru\u017estv\u00e1:<\/strong><\/p>\n<p>V\u00fdberom t\u00fdch najlep\u0161\u00edch materi\u00e1ly, zabezpe\u010dujeme, \u017ee v\u00e1\u0161 postroj vydr\u017e\u00ed v\u0161etky psie dobrodru\u017estv\u00e1 \u2013 od divok\u00e9ho \u0161antenia v parku a\u017e po prech\u00e1dzky mestom. Navy\u0161e je postroj vybaven\u00fd bezpe\u010dnostnou prackou, ktor\u00e1 poskytuje dodato\u010dn\u00fa ochranu, aby v\u00e1\u0161 mil\u00e1\u010dik zostal v bezpe\u010d\u00ed po\u010das akejko\u013evek aktivity.<\/p>\n<p>S Haffun proti\u0165ahac\u00edm postrojom sa ka\u017ed\u00e1 prech\u00e1dzka st\u00e1va jednoduch\u0161ou, pokojnej\u0161iu a radostnej\u0161ou. Pridajte sa ku n\u00e1m.<\/p>\n<h4><strong>Detaily produktu<\/strong><\/h4>\n<p><a href=\"https:\/\/www.haffun.sk\/wp-content\/uploads\/2024\/04\/0D833ABC-9A0F-49A8-B54E-E66DD21E8356.png\"><img fetchpriority=\"high\" decoding=\"async\" class=\"alignnone size-medium wp-image-3397\" src=\"https:\/\/www.haffun.sk\/wp-content\/uploads\/2024\/04\/0D833ABC-9A0F-49A8-B54E-E66DD21E8356-300x300.png\" alt=\"\" width=\"300\" height=\"300\" srcset=\"https:\/\/www.haffun.sk\/wp-content\/uploads\/2024\/04\/0D833ABC-9A0F-49A8-B54E-E66DD21E8356-300x300.png 300w, https:\/\/www.haffun.sk\/wp-content\/uploads\/2024\/04\/0D833ABC-9A0F-49A8-B54E-E66DD21E8356-1024x1024.png 1024w, https:\/\/www.haffun.sk\/wp-content\/uploads\/2024\/04\/0D833ABC-9A0F-49A8-B54E-E66DD21E8356-150x150.png 150w, https:\/\/www.haffun.sk\/wp-content\/uploads\/2024\/04\/0D833ABC-9A0F-49A8-B54E-E66DD21E8356-768x768.png 768w, https:\/\/www.haffun.sk\/wp-content\/uploads\/2024\/04\/0D833ABC-9A0F-49A8-B54E-E66DD21E8356-12x12.png 12w, https:\/\/www.haffun.sk\/wp-content\/uploads\/2024\/04\/0D833ABC-9A0F-49A8-B54E-E66DD21E8356-800x800.png 800w, https:\/\/www.haffun.sk\/wp-content\/uploads\/2024\/04\/0D833ABC-9A0F-49A8-B54E-E66DD21E8356-700x700.png 700w, https:\/\/www.haffun.sk\/wp-content\/uploads\/2024\/04\/0D833ABC-9A0F-49A8-B54E-E66DD21E8356-100x100.png 100w, https:\/\/www.haffun.sk\/wp-content\/uploads\/2024\/04\/0D833ABC-9A0F-49A8-B54E-E66DD21E8356-50x50.png 50w, https:\/\/www.haffun.sk\/wp-content\/uploads\/2024\/04\/0D833ABC-9A0F-49A8-B54E-E66DD21E8356.png 1080w\" sizes=\"(max-width: 300px) 100vw, 300px\" \/><\/a><\/p>\n<p>a- ve\u013ekos\u0165 obojku<\/p>\n<p>b- ve\u013ekos\u0165 postroja okolo krku<\/p>\n<p>c- ve\u013ekos\u0165 postroja okolo hrudn\u00edka<\/p>\n<h5>Ve\u013ekos\u0165:<\/h5>\n<p><strong>S<\/strong>\u00a0\u2013 ve\u013ekos\u0165 postroja okolo krku \u2013 47 cm \u2013 61 cm<\/p>\n<p>\u2013 ve\u013ekos\u0165 postroja okolo hrudn\u00edka \u2013 50cm-66cm<\/p>\n<p>popruh so \u0161\u00edrkou 20 mm<\/p>\n<p><strong>Materi\u00e1l:<\/strong><\/p>\n<p>polyester, acet\u00e1l, D-kr\u00fa\u017eky(nerezov\u00e1 oce\u013e)<\/p>\n<p><strong>Starostlivos\u0165:<\/strong><\/p>\n<p>Jemn\u00e9 pranie na 30\u00b0C. Nesu\u0161i\u0165 v su\u0161i\u010dke.<\/p>","protected":false},"excerpt":{"rendered":"<p>Postroje Fleur zdoben\u00e9 farebn\u00fdm kvetinov\u00fdm vzorom, ktor\u00fd pristane ka\u017edej psej d\u00e1me, s\u00fa navrhnut\u00e9 s d\u00f4razom na \u0161t\u00fdl a pohodlie. Postroj je vyroben\u00fd z odoln\u00fdch, no m\u00e4kk\u00fdch materi\u00e1lov, \u010do zabezpe\u010duje pohodln\u00e9 priliehanie a z\u00e1rove\u0148 zabra\u0148uje ak\u00e9muko\u013evek diskomfortu. Nastavite\u013en\u00e1 d\u013a\u017eka popruhov umo\u017e\u0148uje postroj prisp\u00f4sobi\u0165 presne mieram v\u00e1\u0161ho hafana a bezpe\u010dnostn\u00e1 pracka s poistkou zaist\u00ed, \u017ee sa postroj nerozopne ani pri silnej\u0161om potiahnut\u00ed. V\u010faka funkci\u00ed proti \u0165ahaniu bud\u00fa va\u0161e prech\u00e1dzky pokojnej\u0161ie a origin\u00e1lnym dizajnom ur\u010dite v parku zaujmete.<\/p>","protected":false},"featured_media":2747,"comment_status":"open","ping_status":"closed","template":"","meta":{"_uag_custom_page_level_css":"","_kadence_starter_templates_imported_post":false,"_kad_post_transparent":"default","_kad_post_title":"","_kad_post_layout":"default","_kad_post_sidebar_id":"","_kad_post_content_style":"default","_kad_post_vertical_padding":"default","_kad_post_feature":"","_kad_post_feature_position":"","_kad_post_header":false,"_kad_post_footer":false},"product_brand":[],"product_cat":[46],"product_tag":[],"class_list":{"0":"post-2744","1":"product","2":"type-product","3":"status-publish","4":"has-post-thumbnail","6":"product_cat-harness","7":"pa_color-multicolour","8":"pa_color-white","9":"pa_size-xs","10":"pa_size-s","11":"pa_size-m","12":"pa_size-l","13":"pa_size-xl","15":"first","16":"instock","17":"taxable","18":"shipping-taxable","19":"purchasable","20":"product-type-variable","21":"entry","22":"content-bg","23":"loop-entry"},"uagb_featured_image_src":{"full":["https:\/\/www.haffun.sk\/wp-content\/uploads\/2024\/04\/BFCB2719-A38F-4CE9-B915-156EBB9AFB4B.png",2592,3888,false],"thumbnail":["https:\/\/www.haffun.sk\/wp-content\/uploads\/2024\/04\/BFCB2719-A38F-4CE9-B915-156EBB9AFB4B-150x150.png",150,150,true],"medium":["https:\/\/www.haffun.sk\/wp-content\/uploads\/2024\/04\/BFCB2719-A38F-4CE9-B915-156EBB9AFB4B-200x300.png",200,300,true],"medium_large":["https:\/\/www.haffun.sk\/wp-content\/uploads\/2024\/04\/BFCB2719-A38F-4CE9-B915-156EBB9AFB4B-768x1152.png",768,1152,true],"large":["https:\/\/www.haffun.sk\/wp-content\/uploads\/2024\/04\/BFCB2719-A38F-4CE9-B915-156EBB9AFB4B-683x1024.png",683,1024,true],"1536x1536":["https:\/\/www.haffun.sk\/wp-content\/uploads\/2024\/04\/BFCB2719-A38F-4CE9-B915-156EBB9AFB4B-1024x1536.png",1024,1536,true],"2048x2048":["https:\/\/www.haffun.sk\/wp-content\/uploads\/2024\/04\/BFCB2719-A38F-4CE9-B915-156EBB9AFB4B-1365x2048.png",1365,2048,true],"trp-custom-language-flag":["https:\/\/www.haffun.sk\/wp-content\/uploads\/2024\/04\/BFCB2719-A38F-4CE9-B915-156EBB9AFB4B-8x12.png",8,12,true],"woocommerce_thumbnail":["https:\/\/www.haffun.sk\/wp-content\/uploads\/2024\/04\/BFCB2719-A38F-4CE9-B915-156EBB9AFB4B-800x800.png",800,800,true],"woocommerce_single":["https:\/\/www.haffun.sk\/wp-content\/uploads\/2024\/04\/BFCB2719-A38F-4CE9-B915-156EBB9AFB4B-700x1050.png",700,1050,true],"woocommerce_gallery_thumbnail":["https:\/\/www.haffun.sk\/wp-content\/uploads\/2024\/04\/BFCB2719-A38F-4CE9-B915-156EBB9AFB4B-100x100.png",100,100,true],"variation_swatches_image_size":["https:\/\/www.haffun.sk\/wp-content\/uploads\/2024\/04\/BFCB2719-A38F-4CE9-B915-156EBB9AFB4B-50x50.png",50,50,true],"variation_swatches_tooltip_size":["https:\/\/www.haffun.sk\/wp-content\/uploads\/2024\/04\/BFCB2719-A38F-4CE9-B915-156EBB9AFB4B-100x100.png",100,100,true]},"uagb_author_info":{"display_name":"Admin","author_link":"https:\/\/www.haffun.sk\/sk\/author\/"},"uagb_comment_info":3,"uagb_excerpt":"Postroje Fleur zdoben\u00e9 farebn\u00fdm kvetinov\u00fdm vzorom, ktor\u00fd pristane ka\u017edej psej d\u00e1me, s\u00fa navrhnut\u00e9 s d\u00f4razom na \u0161t\u00fdl a pohodlie. Postroj je vyroben\u00fd z odoln\u00fdch, no m\u00e4kk\u00fdch materi\u00e1lov, \u010do zabezpe\u010duje pohodln\u00e9 priliehanie a z\u00e1rove\u0148 zabra\u0148uje ak\u00e9muko\u013evek diskomfortu. Nastavite\u013en\u00e1 d\u013a\u017eka popruhov umo\u017e\u0148uje postroj prisp\u00f4sobi\u0165 presne mieram v\u00e1\u0161ho hafana a bezpe\u010dnostn\u00e1 pracka s poistkou zaist\u00ed, \u017ee sa postroj&hellip;","_links":{"self":[{"href":"https:\/\/www.haffun.sk\/sk\/wp-json\/wp\/v2\/product\/2744","targetHints":{"allow":["GET"]}}],"collection":[{"href":"https:\/\/www.haffun.sk\/sk\/wp-json\/wp\/v2\/product"}],"about":[{"href":"https:\/\/www.haffun.sk\/sk\/wp-json\/wp\/v2\/types\/product"}],"replies":[{"embeddable":true,"href":"https:\/\/www.haffun.sk\/sk\/wp-json\/wp\/v2\/comments?post=2744"}],"wp:featuredmedia":[{"embeddable":true,"href":"https:\/\/www.haffun.sk\/sk\/wp-json\/wp\/v2\/media\/2747"}],"wp:attachment":[{"href":"https:\/\/www.haffun.sk\/sk\/wp-json\/wp\/v2\/media?parent=2744"}],"wp:term":[{"taxonomy":"product_brand","embeddable":true,"href":"https:\/\/www.haffun.sk\/sk\/wp-json\/wp\/v2\/product_brand?post=2744"},{"taxonomy":"product_cat","embeddable":true,"href":"https:\/\/www.haffun.sk\/sk\/wp-json\/wp\/v2\/product_cat?post=2744"},{"taxonomy":"product_tag","embeddable":true,"href":"https:\/\/www.haffun.sk\/sk\/wp-json\/wp\/v2\/product_tag?post=2744"}],"curies":[{"name":"wp","href":"https:\/\/api.w.org\/{rel}","templated":true}]}}