{"id":2998,"date":"2024-05-17T21:02:53","date_gmt":"2024-05-17T19:02:53","guid":{"rendered":"https:\/\/www.haffun.sk\/?post_type=product&#038;p=2998"},"modified":"2026-04-20T22:05:24","modified_gmt":"2026-04-20T20:05:24","slug":"adult-grain-free-duck","status":"publish","type":"product","link":"https:\/\/www.haffun.sk\/sk\/produkt\/adult-grain-free-duck\/","title":{"rendered":"Dospel\u00fd pes Grain-Free &#8211; Ka\u010dka s bat\u00e1tmi"},"content":{"rendered":"<p>Pote\u0161te svojho psa bohatou, svie\u017eou chu\u0165ou Haffun Ultra Premium Grain-Free &#8211; Ka\u010dka s bat\u00e1tmi, vyvinut\u00e9ho pre dospel\u00fdch psov v\u0161etk\u00fdch plemien. Toto ultra pr\u00e9miov\u00e9 krmivo kombinuje 50% celkov\u00fd obsah ka\u010dky s prirodzenou sladkos\u0165ou sladk\u00fdch zemiakov a n\u00e1dychom pomaran\u010da, \u010d\u00edm vytv\u00e1ra v\u00fd\u017eivn\u00e9 a z\u00e1rove\u0148 chutn\u00e9 jedlo, ktor\u00e9 podporuje celkov\u00e9 zdravie a pohodu.<\/p>\n<p><strong>Zlo\u017eenie:<\/strong>\u00a0Ka\u010dacie m\u00e4so 50% (z toho 28% \u010derstv\u00e9 ka\u010dacie m\u00e4so, 20% su\u0161en\u00e9 ka\u010dacie m\u00e4so, 2% ka\u010dac\u00ed v\u00fdvar), sladk\u00e9 zemiaky (26%), hr\u00e1\u0161ok (6%), zemiaky, \u010derven\u00e1 repa, \u013eanov\u00e9 semienko, Omega 3, vitam\u00edny, miner\u00e1ly, zelenina buj\u00f3n, pomaran\u010d (0,3g), brusnice, FOS 96 mg\/kg, MOS 24 mg\/kg.<\/p>\n<p><strong>Analytick\u00e9 zlo\u017eky:<\/strong>\u00a0Hrub\u00fd prote\u00edn 26%, hrub\u00fd tuk 14%, hrub\u00e1 vl\u00e1knina 3%, hrub\u00fd popol 9%, vlhkos\u0165 8%, energia 367 Kcal\/100 g, v\u00e1pnik 1,8%, fosfor 1,1%, Omega 6 2,2%, Omega 3 1%.<\/p>\n<p><strong>V\u00fd\u017eivov\u00e9 doplnky na 1 kg:<\/strong>\u00a0Vitam\u00edny: Vitam\u00edn A 15 000 IU (E672), Vitam\u00edn D3 2 000 IU (E671), Vitam\u00edn E 95 IU<\/p>\n<p><strong>Stopov\u00e9 prvky:<\/strong>\u00a0Zinok (ako monohydr\u00e1t s\u00edranu zino\u010dnat\u00e9ho) 50 mg, \u017delezo (ako monohydr\u00e1t s\u00edranu \u017eeleznat\u00e9ho) 50 mg, Mang\u00e1n (ako monohydr\u00e1t s\u00edranu mang\u00e1nu) 35 mg, Me\u010f (ako pentahydr\u00e1t s\u00edranu me\u010fnat\u00e9ho) 15 mg, J\u00f3d (ako bezvod\u00fd jodi\u010dnan v\u00e1penat\u00fd) 1 mg, Sel\u00e9n (ako seleni\u010ditan sodn\u00fd)\u00a00,3\u00a0mg.<\/p>\n<p><strong>D\u00e1vkovanie:<\/strong><\/p>\n<p><a href=\"https:\/\/www.haffun.sk\/wp-content\/uploads\/2024\/05\/10843C2A-E672-420B-93C8-F1EC516EC29F.png\"><img fetchpriority=\"high\" decoding=\"async\" class=\"alignnone size-medium wp-image-3363\" src=\"https:\/\/www.haffun.sk\/wp-content\/uploads\/2024\/05\/10843C2A-E672-420B-93C8-F1EC516EC29F-300x225.png\" alt=\"\" width=\"300\" height=\"225\" srcset=\"https:\/\/www.haffun.sk\/wp-content\/uploads\/2024\/05\/10843C2A-E672-420B-93C8-F1EC516EC29F-300x225.png 300w, https:\/\/www.haffun.sk\/wp-content\/uploads\/2024\/05\/10843C2A-E672-420B-93C8-F1EC516EC29F-1024x768.png 1024w, https:\/\/www.haffun.sk\/wp-content\/uploads\/2024\/05\/10843C2A-E672-420B-93C8-F1EC516EC29F-768x576.png 768w, https:\/\/www.haffun.sk\/wp-content\/uploads\/2024\/05\/10843C2A-E672-420B-93C8-F1EC516EC29F-1536x1152.png 1536w, https:\/\/www.haffun.sk\/wp-content\/uploads\/2024\/05\/10843C2A-E672-420B-93C8-F1EC516EC29F-16x12.png 16w, https:\/\/www.haffun.sk\/wp-content\/uploads\/2024\/05\/10843C2A-E672-420B-93C8-F1EC516EC29F-700x525.png 700w, https:\/\/www.haffun.sk\/wp-content\/uploads\/2024\/05\/10843C2A-E672-420B-93C8-F1EC516EC29F.png 2000w\" sizes=\"(max-width: 300px) 100vw, 300px\" \/><\/a><\/p>\n<p><strong>K\u013e\u00fa\u010dov\u00e9 vlastnosti a benefity:<\/strong><\/p>\n<p><strong>Zlo\u017eenie bez obiln\u00edn (Grain-Free):<\/strong>\u00a0T\u00e1to recept\u00fara, ktor\u00e1 je ide\u00e1lna pre psov s citlivos\u0165ou na obilniny, vyu\u017e\u00edva vysokokvalitn\u00e9 pr\u00edsady na zabezpe\u010denie vyv\u00e1\u017eenej stravy bez pou\u017eitia obiln\u00edn.<\/p>\n<p><strong>Podpora zdrav\u00e9ho tr\u00e1venia:<\/strong>\u00a0Recept\u00fara \u200b\u200bobohaten\u00e1 o probiotik\u00e1 a zlo\u017eky bohat\u00e9 na vl\u00e1kninu podporuje zdrav\u00e9 prostredie v \u010drev\u00e1ch, podporuje lep\u0161ie vstreb\u00e1vanie \u017eiv\u00edn a spr\u00e1vne tr\u00e1venie.<\/p>\n<p><strong>Bohat\u00e9 na esenci\u00e1lne \u017eiviny:<\/strong>\u00a0V\u010faka zmesi ka\u010dky, zeleniny a ovocia je toto krmivo obohaten\u00e9 o vitam\u00edny a miner\u00e1ly nevyhnutn\u00e9 pre optim\u00e1lne zdravie.<\/p>\n<p><strong>Podpora zdravia ko\u017ee a srsti:<\/strong>\u00a0Omega-3 a omega-6 mastn\u00e9 kyseliny z pr\u00edrodn\u00fdch zdrojov pom\u00e1haj\u00fa udr\u017eiava\u0165 leskl\u00fa srs\u0165 a zdrav\u00fa ko\u017eu.<\/p>\n<p><strong>Bez alerg\u00e9nov:<\/strong>\u00a0Krmivo neobsahuje obilniny, lepok ani umel\u00e9 pr\u00edsady, v\u010faka \u010domu je vhodn\u00fd pre psov s di\u00e9tnymi obmedzeniami.<\/p>\n<p><strong>Zlo\u017eenie:<\/strong><\/p>\n<p><strong>Ka\u010dka (50%)<\/strong><\/p>\n<p><strong>\u010cerstvo pripraven\u00e9 ka\u010dacie m\u00e4so (28%):<\/strong>\u00a0Vysokokvalitn\u00fd zdroj bielkov\u00edn, ktor\u00fd pom\u00e1ha budova\u0165 a udr\u017eiava\u0165 svalov\u00fa hmotu. \u010cerstv\u00e1 ka\u010dka je bohat\u00e1 na esenci\u00e1lne aminokyseliny a mastn\u00e9 kyseliny, ktor\u00e9 prispievaj\u00fa k zdravej srsti a ko\u017ei.<\/p>\n<p><strong>Su\u0161en\u00e9 ka\u010dacie m\u00e4so (20%):<\/strong>\u00a0Koncentrovan\u00fd zdroj bielkov\u00edn, ktor\u00fd zvy\u0161uje celkov\u00fd obsah bielkov\u00edn v jedle. Su\u0161en\u00e1 ka\u010dka je tie\u017e dobr\u00fdm zdrojom miner\u00e1lov, ako je \u017eelezo a zinok.<\/p>\n<p><strong>Ka\u010dac\u00ed v\u00fdvar (2%):<\/strong>\u00a0Dod\u00e1va krmivu vlhkos\u0165 a chu\u0165, v\u010faka \u010domu je pre psov chutnej\u0161ie. Poskytuje tie\u017e bielkoviny a \u017eiviny vo forme, ktor\u00e1 je \u013eahko str\u00e1vite\u013en\u00e1.<\/p>\n<p><strong>Bat\u00e1ty (26%)<\/strong><\/p>\n<p>V\u00fd\u017eivn\u00fd zdroj uh\u013eohydr\u00e1tov, maj\u00fa vysok\u00fd obsah vl\u00e1kniny a s\u00fa bohat\u00e9 na vitam\u00edny A, C a B6. Prispievaj\u00fa k zdraviu tr\u00e1viaceho traktu a pom\u00e1haj\u00fa regulova\u0165 hladinu cukru v krvi.<\/p>\n<p><strong>Hrach (6%)<\/strong><\/p>\n<p>Hr\u00e1\u0161ok je dobr\u00fdm zdrojom rastlinn\u00fdch bielkov\u00edn a vl\u00e1kniny, ktor\u00e9 prispievaj\u00fa k zdraviu svalov a pravidelnosti tr\u00e1venia. Obsahuj\u00fa tie\u017e vitam\u00edny ako K, A a nieko\u013eko vitam\u00ednov B, ako aj miner\u00e1ly ako \u017eelezo a zinok.<\/p>\n<p><strong>Zemiaky<\/strong><\/p>\n<p>Bezlepkov\u00fd zdroj sacharidov, ktor\u00fd prispieva k energetick\u00fdm potreb\u00e1m akt\u00edvnych psov. Takie\u017e s\u00fa zdrojom vl\u00e1kniny, vitam\u00ednu C, vitam\u00ednu B6 a drasl\u00edka.<\/p>\n<p><strong>Cvikla<\/strong><\/p>\n<p>Zn\u00e1ma svojim obsahom vl\u00e1kniny, zlep\u0161uje tr\u00e1venie a je bohat\u00e1 na antioxidanty, ktor\u00e9 pom\u00e1haj\u00fa odstra\u0148ova\u0165 vo\u013en\u00e9 radik\u00e1ly a podporuj\u00fa zdravie imunity.<\/p>\n<p><strong>\u013danov\u00e9 semienko<\/strong><\/p>\n<p>Vynikaj\u00faci zdroj omega-3 mastn\u00fdch kysel\u00edn, ktor\u00e9 podporuj\u00fa zdrav\u00fa srs\u0165 a ko\u017eu, ako aj zdravie k\u013abov a celkov\u00fa pohodu.<\/p>\n<p><strong>Omega 3<\/strong><\/p>\n<p>Esenci\u00e1lne mastn\u00e9 kyseliny, ktor\u00e9 podporuj\u00fa kognit\u00edvne funkcie, zdravie k\u013abov a celkov\u00fa pohyblivos\u0165. Omega 3 s\u00fa tie\u017e d\u00f4le\u017eit\u00e9 pre udr\u017eanie lesklej srsti a zdravej ko\u017ee.<\/p>\n<p><strong>Vitam\u00edny a miner\u00e1ly<\/strong><\/p>\n<p>Komplexn\u00e1 zmes z\u00e1kladn\u00fdch vitam\u00ednov a miner\u00e1lov zais\u0165uje, \u017ee krmivo pre psov sp\u013a\u0148a kompletn\u00e9 stravovacie po\u017eiadavky dospel\u00fdch psov. Tieto \u017eiviny podporuj\u00fa r\u00f4zne telesn\u00e9 funkcie, vr\u00e1tane zdravia kost\u00ed, nervov\u00fdch funkci\u00ed a imunitnej odpovede.<\/p>\n<p><strong>Zeleninov\u00fd v\u00fdvar<\/strong><\/p>\n<p>Prirodzene zv\u00fdraz\u0148uje chu\u0165, v\u010faka \u010domu je krmivo pre psov l\u00e1kavej\u0161ie a poskytuje dodato\u010dn\u00fa hydrat\u00e1ciu a \u017eiviny.<\/p>\n<p><strong>Pomaran\u010d (0,3g)<\/strong><\/p>\n<p>Dod\u00e1va chu\u0165 a je bohat\u00fd na vitam\u00edn C, zn\u00e1my svojimi antioxida\u010dn\u00fdmi vlastnos\u0165ami, pom\u00e1ha posil\u0148ova\u0165 imunitn\u00fd syst\u00e9m.<\/p>\n<p><strong>Brusnice<\/strong><\/p>\n<p>Zn\u00e1me priazniv\u00fdm vplyvom na mo\u010dov\u00e9 cesty, maj\u00fa tie\u017e vysok\u00fd obsah antioxidantov a vitam\u00ednov, ktor\u00e9 podporuj\u00fa imunitn\u00fa funkciu a celkov\u00e9 zdravie.<\/p>\n<p><strong>FOS (fruktooligosacharidy, 96 mg\/kg)<\/strong><\/p>\n<p>Probiotick\u00e1 vl\u00e1knina, ktor\u00e1 podporuje rast prospe\u0161n\u00fdch \u010drevn\u00fdch bakt\u00e9ri\u00ed a podporuje zdravie tr\u00e1viaceho traktu.<\/p>\n<p><strong>MOS (mananoligosacharidy, 24 mg\/kg)<\/strong><\/p>\n<p>\u010eal\u0161\u00ed typ probiot\u00edk, ktor\u00fd pom\u00e1ha udr\u017eiava\u0165 zdrav\u00fd \u010drevn\u00fd mikrobi\u00f3m a posil\u0148uje imunitn\u00fd syst\u00e9m.<\/p>\n<p>Toto zlo\u017eenie poskytuje nielen z\u00e1kladn\u00e9 \u017eiviny, ale pom\u00e1ha udr\u017eiava\u0165 celkov\u00e9 zdravie, od tr\u00e1viacich a imunitn\u00fdch funkci\u00ed a\u017e po stav ko\u017ee a srsti, \u010d\u00edm zabezpe\u010duje, \u017ee v\u00e1\u0161 pes dost\u00e1va vyv\u00e1\u017een\u00e9 a v\u00fd\u017eivn\u00e9 jedlo.<\/p>\n<p>Vyberte si Haffun Ultra Premium Grain-Free pre dospel\u00fdch psov \u2013 Ka\u010dka s bat\u00e1tmi a pomaran\u010dom pre vyv\u00e1\u017een\u00e9, chutn\u00e9 a v\u00fd\u017eivn\u00e9 jedlo, v\u010faka ktor\u00e9mu bude v\u00e1\u0161 pes \u0161\u0165astn\u00fd, zdrav\u00fd a akt\u00edvny.<\/p>","protected":false},"excerpt":{"rendered":"<p>Doprajte svojmu dospel\u00e9mu psovi gurm\u00e1nsky z\u00e1\u017eitok a v\u00fdnimo\u010dn\u00fdmi nutri\u010dn\u00fdmi v\u00fdhodami Haffun Ultra Premium Grain-Free pre dospel\u00e9 psy &#8211; Ka\u010dka s bat\u00e1tmi a pomaran\u010dom. Ultra pr\u00e9miov\u00e1 recept\u00fara je vytvoren\u00e1 s 50% celkov\u00fdm obsahom ka\u010dacieho m\u00e4sa, zmie\u0161an\u00e9ho s prirodzenou sladkos\u0165ou bat\u00e1tov a pomaran\u010da. Ka\u017ed\u00e1 zlo\u017eka je vybran\u00e1 pre svoju nutri\u010dn\u00fa hodnotu a str\u00e1vite\u013enos\u0165, \u010do zais\u0165uje, \u017ee v\u00e1\u0161 pes dostane jedlo, ktor\u00e9 nielen uspokoj\u00ed jeho chu\u0165ov\u00e9 poh\u00e1riky, ale aj vy\u017eiv\u00ed jeho telo. Kombin\u00e1cia \u010derstvo pripravenej ka\u010dky, zdravej zeleniny a svie\u017eeho ovocia poskytuje bohat\u00fd zdroj bielkov\u00edn a z\u00e1kladn\u00fdch \u017eiv\u00edn, na podporu celkov\u00e9ho zdravia, udr\u017eiavania svalovej hmoty a spr\u00e1vneho tr\u00e1venia. Zlo\u017eenie bez obiln\u00edn, je ide\u00e1lne pre psov so \u0161pecifick\u00fdmi stravovac\u00edmi potrebami.<\/p>","protected":false},"featured_media":3531,"comment_status":"open","ping_status":"closed","template":"","meta":{"_uag_custom_page_level_css":"","_kadence_starter_templates_imported_post":false,"_kad_post_transparent":"default","_kad_post_title":"","_kad_post_layout":"default","_kad_post_sidebar_id":"","_kad_post_content_style":"default","_kad_post_vertical_padding":"default","_kad_post_feature":"","_kad_post_feature_position":"","_kad_post_header":false,"_kad_post_footer":false},"product_brand":[],"product_cat":[93,116,101],"product_tag":[],"class_list":{"0":"post-2998","1":"product","2":"type-product","3":"status-publish","4":"has-post-thumbnail","6":"product_cat-ultra-premium-dog-food","7":"product_cat-ultra-premium-adult-dog-food","8":"product_cat-ultra-premium-dog-food-grain-free-adult","9":"pa_size-01kg","10":"pa_size-05kg","11":"pa_size-2kg","12":"pa_size-6kg","13":"pa_size-12kg","14":"pa_size-15kg","16":"first","17":"instock","18":"taxable","19":"shipping-taxable","20":"purchasable","21":"product-type-variable","22":"entry","23":"content-bg","24":"loop-entry"},"uagb_featured_image_src":{"full":["https:\/\/www.haffun.sk\/wp-content\/uploads\/2024\/05\/9.png",1080,1080,false],"thumbnail":["https:\/\/www.haffun.sk\/wp-content\/uploads\/2024\/05\/9-150x150.png",150,150,true],"medium":["https:\/\/www.haffun.sk\/wp-content\/uploads\/2024\/05\/9-300x300.png",300,300,true],"medium_large":["https:\/\/www.haffun.sk\/wp-content\/uploads\/2024\/05\/9-768x768.png",768,768,true],"large":["https:\/\/www.haffun.sk\/wp-content\/uploads\/2024\/05\/9-1024x1024.png",1024,1024,true],"1536x1536":["https:\/\/www.haffun.sk\/wp-content\/uploads\/2024\/05\/9.png",1080,1080,false],"2048x2048":["https:\/\/www.haffun.sk\/wp-content\/uploads\/2024\/05\/9.png",1080,1080,false],"trp-custom-language-flag":["https:\/\/www.haffun.sk\/wp-content\/uploads\/2024\/05\/9-12x12.png",12,12,true],"woocommerce_thumbnail":["https:\/\/www.haffun.sk\/wp-content\/uploads\/2024\/05\/9-800x800.png",800,800,true],"woocommerce_single":["https:\/\/www.haffun.sk\/wp-content\/uploads\/2024\/05\/9-700x700.png",700,700,true],"woocommerce_gallery_thumbnail":["https:\/\/www.haffun.sk\/wp-content\/uploads\/2024\/05\/9-100x100.png",100,100,true],"variation_swatches_image_size":["https:\/\/www.haffun.sk\/wp-content\/uploads\/2024\/05\/9-50x50.png",50,50,true],"variation_swatches_tooltip_size":["https:\/\/www.haffun.sk\/wp-content\/uploads\/2024\/05\/9-100x100.png",100,100,true]},"uagb_author_info":{"display_name":"Admin","author_link":"https:\/\/www.haffun.sk\/sk\/author\/"},"uagb_comment_info":17,"uagb_excerpt":"Doprajte svojmu dospel\u00e9mu psovi gurm\u00e1nsky z\u00e1\u017eitok a v\u00fdnimo\u010dn\u00fdmi nutri\u010dn\u00fdmi v\u00fdhodami Haffun Ultra Premium Grain-Free pre dospel\u00e9 psy - Ka\u010dka s bat\u00e1tmi a pomaran\u010dom. Ultra pr\u00e9miov\u00e1 recept\u00fara je vytvoren\u00e1 s 50% celkov\u00fdm obsahom ka\u010dacieho m\u00e4sa, zmie\u0161an\u00e9ho s prirodzenou sladkos\u0165ou bat\u00e1tov a pomaran\u010da. Ka\u017ed\u00e1 zlo\u017eka je vybran\u00e1 pre svoju nutri\u010dn\u00fa hodnotu a str\u00e1vite\u013enos\u0165, \u010do zais\u0165uje, \u017ee v\u00e1\u0161&hellip;","_links":{"self":[{"href":"https:\/\/www.haffun.sk\/sk\/wp-json\/wp\/v2\/product\/2998","targetHints":{"allow":["GET"]}}],"collection":[{"href":"https:\/\/www.haffun.sk\/sk\/wp-json\/wp\/v2\/product"}],"about":[{"href":"https:\/\/www.haffun.sk\/sk\/wp-json\/wp\/v2\/types\/product"}],"replies":[{"embeddable":true,"href":"https:\/\/www.haffun.sk\/sk\/wp-json\/wp\/v2\/comments?post=2998"}],"wp:featuredmedia":[{"embeddable":true,"href":"https:\/\/www.haffun.sk\/sk\/wp-json\/wp\/v2\/media\/3531"}],"wp:attachment":[{"href":"https:\/\/www.haffun.sk\/sk\/wp-json\/wp\/v2\/media?parent=2998"}],"wp:term":[{"taxonomy":"product_brand","embeddable":true,"href":"https:\/\/www.haffun.sk\/sk\/wp-json\/wp\/v2\/product_brand?post=2998"},{"taxonomy":"product_cat","embeddable":true,"href":"https:\/\/www.haffun.sk\/sk\/wp-json\/wp\/v2\/product_cat?post=2998"},{"taxonomy":"product_tag","embeddable":true,"href":"https:\/\/www.haffun.sk\/sk\/wp-json\/wp\/v2\/product_tag?post=2998"}],"curies":[{"name":"wp","href":"https:\/\/api.w.org\/{rel}","templated":true}]}}