{"id":3014,"date":"2024-05-17T21:15:39","date_gmt":"2024-05-17T19:15:39","guid":{"rendered":"https:\/\/www.haffun.sk\/?post_type=product&#038;p=3014"},"modified":"2026-04-23T15:10:52","modified_gmt":"2026-04-23T13:10:52","slug":"dospely-pes-grain-free-losos-so-pstruhom","status":"publish","type":"product","link":"https:\/\/www.haffun.sk\/sk\/produkt\/dospely-pes-grain-free-losos-so-pstruhom\/","title":{"rendered":"Dospel\u00fd pes Grain-Free &#8211; Losos so pstruhom"},"content":{"rendered":"<p>Vysk\u00fa\u0161ajte na\u0161e krmivo Haffun Ultra Premium bez obiln\u00edn &#8211; Losos so pstruhom, \u0161peci\u00e1lne vyvinut\u00e9 pre dospel\u00fdch psov. Odborne vytvoren\u00fd recept sp\u00e1ja vysokokvalitn\u00e9 lososy a pstruhy, ktor\u00e9 poskytuj\u00fa bohat\u00fd zdroj omega-3 mastn\u00fdch kysel\u00edn, ktor\u00e9 podporuj\u00fa leskl\u00fa srs\u0165 a zdrav\u00fa ko\u017eu. Navrhnut\u00e9 pre najn\u00e1ro\u010dnej\u0161ie chute, je z\u00e1rukou, \u017ee v\u00e1\u0161 pes si jedlo nielen vychutn\u00e1, ale dostane aj vyv\u00e1\u017een\u00fa v\u00fd\u017eivu, ktor\u00fa potrebuje.<\/p>\n<p><strong>Zlo\u017eenie:<\/strong>\u00a0Losos a pstruh 50% (\u010derstvo pripraven\u00fd losos a pstruh 36%, su\u0161en\u00fd losos 12% a lososov\u00fd v\u00fdvar 2%), sladk\u00e9 zemiaky (24%), hr\u00e1\u0161ok (9%), zemiaky, repn\u00e1 du\u017eina, \u013eanov\u00e9 semienko, Omega 3, miner\u00e1lne l\u00e1tky \u0161parg\u013ea (0,3 %), FOS (fruktooligosacharidy, 96 mg\/kg), MOS (mannanoligosacharidy, 24 mg\/kg).<\/p>\n<p><strong>Analytick\u00e9 zlo\u017eky:<\/strong>\u00a0Hrub\u00fd prote\u00edn 26%, hrub\u00fd tuk 11%, hrub\u00e1 vl\u00e1knina 3%, hrub\u00fd popol 7,5%, vlhkos\u0165 8%, NFE (extrakt bez dus\u00edka) 44,5%, energia 359 Kcal\/100g, Omega 6 1,8%, Omega 3 3%, v\u00e1pnik 1,4%, fosfor 0,9%.<\/p>\n<p><strong>V\u00fd\u017eivov\u00e9 doplnky na 1 kg:<\/strong>\u00a0Vitam\u00edny: Vitam\u00edn A 15 000 IU (E672), Vitam\u00edn D3 2 000 IU (E671), Vitam\u00edn E 95 IU<\/p>\n<p><strong>Stopov\u00e9 prvky:<\/strong>\u00a0Zinok (ako monohydr\u00e1t s\u00edranu zino\u010dnat\u00e9ho) 50 mg, \u017delezo (ako monohydr\u00e1t s\u00edranu \u017eeleznat\u00e9ho) 50 mg, Mang\u00e1n (ako monohydr\u00e1t s\u00edranu manganat\u00e9ho) 35 mg, J\u00f3d (ako bezvod\u00fd jodi\u010dnan v\u00e1penat\u00fd) 1 mg, Sel\u00e9n (ako seleni\u010ditan sodn\u00fd)\u00a00,3\u00a0mg.<\/p>\n<p><strong>D\u00e1vkovanie:<\/strong><\/p>\n<p><a href=\"https:\/\/www.haffun.sk\/wp-content\/uploads\/2024\/05\/2AC1967B-B6B9-4176-9252-DCEEBC799928.png\"><img fetchpriority=\"high\" decoding=\"async\" class=\"alignnone size-medium wp-image-3361\" src=\"https:\/\/www.haffun.sk\/wp-content\/uploads\/2024\/05\/2AC1967B-B6B9-4176-9252-DCEEBC799928-300x225.png\" alt=\"\" width=\"300\" height=\"225\" srcset=\"https:\/\/www.haffun.sk\/wp-content\/uploads\/2024\/05\/2AC1967B-B6B9-4176-9252-DCEEBC799928-300x225.png 300w, https:\/\/www.haffun.sk\/wp-content\/uploads\/2024\/05\/2AC1967B-B6B9-4176-9252-DCEEBC799928-1024x768.png 1024w, https:\/\/www.haffun.sk\/wp-content\/uploads\/2024\/05\/2AC1967B-B6B9-4176-9252-DCEEBC799928-768x576.png 768w, https:\/\/www.haffun.sk\/wp-content\/uploads\/2024\/05\/2AC1967B-B6B9-4176-9252-DCEEBC799928-1536x1152.png 1536w, https:\/\/www.haffun.sk\/wp-content\/uploads\/2024\/05\/2AC1967B-B6B9-4176-9252-DCEEBC799928-16x12.png 16w, https:\/\/www.haffun.sk\/wp-content\/uploads\/2024\/05\/2AC1967B-B6B9-4176-9252-DCEEBC799928-700x525.png 700w, https:\/\/www.haffun.sk\/wp-content\/uploads\/2024\/05\/2AC1967B-B6B9-4176-9252-DCEEBC799928.png 2000w\" sizes=\"(max-width: 300px) 100vw, 300px\" \/><\/a><\/p>\n<p><strong>K\u013e\u00fa\u010dov\u00e9 vlastnosti a benefity:<\/strong><\/p>\n<p><strong>Zlo\u017eenie bez obiln\u00edn (Grain-Free):<\/strong>\u00a0Zlo\u017eenie je ide\u00e1lne pre psov s citlivos\u0165ou na obilniny, vyu\u017e\u00edva bat\u00e1ty a \u0161parg\u013eu ako v\u00fd\u017eivn\u00e9, \u013eahko str\u00e1vite\u013en\u00e9 zdroje sacharidov.<\/p>\n<p><strong>Podpora zdrav\u00e9ho tr\u00e1venia:<\/strong>\u00a0S pr\u00edrodnou vl\u00e1kninou z bat\u00e1tov a \u0161pargle napom\u00e1ha zdrav\u00e9mu tr\u00e1veniu.<\/p>\n<p><strong>Posilnenie imunitn\u00e9ho syst\u00e9mu:<\/strong>\u00a0Antioxidanty z \u010derstvej zeleniny a pridan\u00e9 vitam\u00edny pom\u00e1haj\u00fa udr\u017eiava\u0165 siln\u00fd imunitn\u00fd syst\u00e9m.<\/p>\n<p><strong>Podpora k\u013abov:<\/strong>\u00a0Omega-3 mastn\u00e9 kyseliny z r\u00fdb pom\u00e1haj\u00fa udr\u017eiava\u0165 zdrav\u00e9 k\u013aby, \u010do je prospe\u0161n\u00e9 najm\u00e4 pre akt\u00edvnych psov.<\/p>\n<p><strong>Losos a pstruh (50%)<\/strong><\/p>\n<p><strong>\u010cerstvo pripraven\u00fd losos a pstruh (36%):<\/strong>\u00a0T\u00e1to zlo\u017eka tvor\u00ed z\u00e1klad recept\u00fary a poskytuje vysokokvalitn\u00e9, \u013eahko str\u00e1vite\u013en\u00e9 bielkoviny, ktor\u00e9 podporuj\u00fa rast a regener\u00e1ciu svalov. Losos aj pstruh s\u00fa vynikaj\u00facimi zdrojmi omega-3 mastn\u00fdch kysel\u00edn, ktor\u00e9 s\u00fa k\u013e\u00fa\u010dov\u00e9 pre udr\u017eanie zdravej ko\u017ee a lesklej srsti, ako aj pre podporu kardiovaskul\u00e1rneho a kognit\u00edvneho zdravia.<\/p>\n<p><strong>Su\u0161en\u00fd losos (12%):<\/strong>\u00a0Su\u0161en\u00fd losos je koncentrovan\u00fdm zdrojom bielkov\u00edn a omega-3 mastn\u00fdch kysel\u00edn. Zvy\u0161uje celkov\u00fd obsah bielkov\u00edn v jedle a zv\u00fdraz\u0148uje chu\u0165.<\/p>\n<p><strong>V\u00fdvar z lososa (2%):<\/strong>\u00a0V\u00fdvar z lososa je po\u017eit\u00fd na prirodzen\u00e9 zv\u00fdraznenie chuti. Dod\u00e1va tie\u017e \u010fal\u0161ie \u017eiviny extrahovan\u00e9 z r\u00fdb po\u010das procesu varenia.<\/p>\n<p><strong>Bat\u00e1ty<\/strong><\/p>\n<p>Bezlepkov\u00fd zdroj komplexn\u00fdch sacharidov, bat\u00e1ty s\u00fa bohat\u00e9 na vl\u00e1kninu a beta-karot\u00e9n, ktor\u00e9 telo premie\u0148a na vitam\u00edn A. Tento vitam\u00edn je \u017eivotne d\u00f4le\u017eit\u00fd pre udr\u017eanie zdravej poko\u017eky, zraku a imunitn\u00fdch funkci\u00ed.<\/p>\n<p><strong>Hrach<\/strong><\/p>\n<p>Hr\u00e1\u0161ok je dobr\u00fdm zdrojom rastlinn\u00fdch bielkov\u00edn a vl\u00e1kniny, ktor\u00e9 prispievaj\u00fa k zdraviu svalov a pravidelnosti tr\u00e1venia. Obsahuj\u00fa tie\u017e vitam\u00edny ako K, A a nieko\u013eko vitam\u00ednov B, ako aj miner\u00e1ly ako \u017eelezo a zinok.<\/p>\n<p><strong>Zemiaky<\/strong><\/p>\n<p>Zemiaky, ktor\u00e9 sa pou\u017e\u00edvaj\u00fa predov\u0161etk\u00fdm ako zdroj uh\u013eohydr\u00e1tov, s\u00fa energeticky bohat\u00e9 a pom\u00e1haj\u00fa pri vytv\u00e1ran\u00ed \u0161trukt\u00fary gran\u00fal. Poskytuj\u00fa tie\u017e vitam\u00edny a miner\u00e1ly, ako je vitam\u00edn C a drasl\u00edk.<\/p>\n<p><strong>Repn\u00e1 du\u017eina<\/strong><\/p>\n<p>Zdroj vl\u00e1kniny, nevyhnutnej na zdrav\u00e9 tr\u00e1venie a pravideln\u00e9 vypr\u00e1zd\u0148ovanie.<\/p>\n<p><strong>\u013danov\u00e9 semienko<\/strong><\/p>\n<p>Vynikaj\u00faci zdroj omega-3 mastn\u00fdch kysel\u00edn, ktor\u00e9 podporuj\u00fa zdrav\u00fa srs\u0165 a ko\u017eu, ako aj zdravie k\u013abov a celkov\u00fa pohodu.<\/p>\n<p><strong>Omega 3<\/strong><\/p>\n<p>Pridan\u00e9 omega-3 mastn\u00e9 kyseliny zvy\u0161uj\u00fa prirodzen\u00fd obsah omega-3 z r\u00fdb, podporuj\u00fa funkciu mozgu, zmier\u0148uj\u00fa z\u00e1paly a zlep\u0161uj\u00fa zdravie srdca.<\/p>\n<p><strong>Miner\u00e1ly<\/strong><\/p>\n<p>Esenci\u00e1lne miner\u00e1ly obsiahnut\u00e9 v potravinovej pomoci pri r\u00f4znych telesn\u00fdch funkci\u00e1ch, vr\u00e1tane zdravia kost\u00ed, nervovej signaliz\u00e1cie a celkov\u00e9ho bunkov\u00e9ho metabolizmu.<\/p>\n<p><strong>\u0160parg\u013ea (0,3%)<\/strong><\/p>\n<p>\u0160parg\u013ea m\u00e1 n\u00edzky obsah kal\u00f3ri\u00ed a je dobr\u00fdm zdrojom vitam\u00ednov (A, C, E, K a B6), kyseliny listovej a vl\u00e1kniny. Podporuje zdrav\u00e9 tr\u00e1venie a m\u00e1 antioxida\u010dn\u00e9 vlastnosti.<\/p>\n<p><strong>Fruktooligosacharidy (FOS, 96 mg\/kg) a mannanoligosacharidy (MOS, 24 mg\/kg)<\/strong><\/p>\n<p>FOS a MOS s\u00fa prebiotick\u00e9 vl\u00e1kna, ktor\u00e9 podporuj\u00fa zdravie tr\u00e1viaceho traktu t\u00fdm, \u017ee podporuj\u00fa prospe\u0161n\u00e9 bakt\u00e9rie v \u010dreve. Pom\u00e1haj\u00fa zvy\u0161ova\u0165 vstreb\u00e1vanie \u017eiv\u00edn a podporuj\u00fa imunitn\u00fd syst\u00e9m.<\/p>\n<p><strong>Olivov\u00fd extrakt (0,01 %)<\/strong><\/p>\n<p>Olivov\u00fd extrakt je siln\u00fd antioxidant, ktor\u00fd pom\u00e1ha chr\u00e1ni\u0165 bunky tela pred po\u0161koden\u00edm. M\u00e1 tie\u017e protiz\u00e1palov\u00e9 vlastnosti, ktor\u00e9 m\u00f4\u017eu prospie\u0165 psom s probl\u00e9mami s k\u013abmi alebo z\u00e1palov\u00fdmi stavmi.<\/p>\n<p>Ka\u017ed\u00e1 zlo\u017eka bola vybran\u00e1 pre svoje \u0161pecifick\u00e9 nutri\u010dn\u00e9 \u200b\u200bv\u00fdhody, \u010d\u00edm sa vytvorila vyv\u00e1\u017een\u00e1 a zdravie podporuj\u00faca strava pre dospel\u00fdch psov. Vysok\u00fd obsah lososa a pstruha zais\u0165uje chutn\u00e9 jedlo bohat\u00e9 na \u017eivotne d\u00f4le\u017eit\u00e9 \u017eiviny.<\/p>\n<p>Pote\u0161te v\u00e1\u0161ho ps\u00edka lahodnou chu\u0165ou Haffun Ultra Premium Grain-Free \u2013 Losos so pstruhom, kde je ka\u017ed\u00e9 s\u00fasto nabit\u00e9 \u017eivinami potrebn\u00fdmi pre jeho zdravie a vitalitu. Toto kompletn\u00e9 a vyv\u00e1\u017een\u00e9 krmivo je ide\u00e1lne pre dospel\u00fdch psov v\u0161etk\u00fdch plemien a ve\u013ekost\u00ed.<\/p>","protected":false},"excerpt":{"rendered":"<p>Poskytnite svojmu psovi v\u00fdnimo\u010dn\u00fa v\u00fd\u017eivu s Haffun Ultra Premium Grain-Free \u2013 Losos so pstruhom. Starostlivo vytvoren\u00e1 recept\u00fara je ur\u010den\u00e1 pre dospel\u00fdch psov, ktor\u00ed prospievaj\u00fa na strave bohatej na rybie bielkoviny a omega-3 mastn\u00e9 kyseliny, nevyhnutn\u00e9 pre leskl\u00fa srs\u0165 a zdrav\u00fa ko\u017eu. Kombin\u00e1cia lahodn\u00fdch chut\u00ed lososa a pstruha nielen\u017ee pote\u0161\u00ed chu\u0165ov\u00e9 poh\u00e1riky v\u00e1\u0161ho mil\u00e1\u010dika, ale tie\u017e poskytne komplexn\u00fa v\u00fd\u017eivu potrebn\u00fa pre ich celkov\u00e9 zdravie a pohodu. Toto ultra pr\u00e9miov\u00e9 krmivo, vyroben\u00e9 zo starostlivo vybran\u00fdch ingredienci\u00ed na podporu vitality a sily, je vynikaj\u00facou vo\u013ebou pre v\u00e1\u0161ho hafana.<\/p>","protected":false},"featured_media":4339,"comment_status":"open","ping_status":"closed","template":"","meta":{"_uag_custom_page_level_css":"","_kadence_starter_templates_imported_post":false,"_kad_post_transparent":"default","_kad_post_title":"","_kad_post_layout":"default","_kad_post_sidebar_id":"","_kad_post_content_style":"default","_kad_post_vertical_padding":"default","_kad_post_feature":"","_kad_post_feature_position":"","_kad_post_header":false,"_kad_post_footer":false},"product_brand":[],"product_cat":[93,116,101],"product_tag":[],"class_list":{"0":"post-3014","1":"product","2":"type-product","3":"status-publish","4":"has-post-thumbnail","6":"product_cat-ultra-premium-dog-food","7":"product_cat-ultra-premium-adult-dog-food","8":"product_cat-ultra-premium-dog-food-grain-free-adult","9":"pa_size-01kg","10":"pa_size-05kg","11":"pa_size-2kg","12":"pa_size-6kg","13":"pa_size-12kg","14":"pa_size-15kg","16":"first","17":"outofstock","18":"taxable","19":"shipping-taxable","20":"purchasable","21":"product-type-variable","22":"entry","23":"content-bg","24":"loop-entry"},"uagb_featured_image_src":{"full":["https:\/\/www.haffun.sk\/wp-content\/uploads\/2024\/07\/Untitled-design-11.png",1080,1080,false],"thumbnail":["https:\/\/www.haffun.sk\/wp-content\/uploads\/2024\/07\/Untitled-design-11-150x150.png",150,150,true],"medium":["https:\/\/www.haffun.sk\/wp-content\/uploads\/2024\/07\/Untitled-design-11-300x300.png",300,300,true],"medium_large":["https:\/\/www.haffun.sk\/wp-content\/uploads\/2024\/07\/Untitled-design-11-768x768.png",768,768,true],"large":["https:\/\/www.haffun.sk\/wp-content\/uploads\/2024\/07\/Untitled-design-11-1024x1024.png",1024,1024,true],"1536x1536":["https:\/\/www.haffun.sk\/wp-content\/uploads\/2024\/07\/Untitled-design-11.png",1080,1080,false],"2048x2048":["https:\/\/www.haffun.sk\/wp-content\/uploads\/2024\/07\/Untitled-design-11.png",1080,1080,false],"trp-custom-language-flag":["https:\/\/www.haffun.sk\/wp-content\/uploads\/2024\/07\/Untitled-design-11-12x12.png",12,12,true],"woocommerce_thumbnail":["https:\/\/www.haffun.sk\/wp-content\/uploads\/2024\/07\/Untitled-design-11-800x800.png",800,800,true],"woocommerce_single":["https:\/\/www.haffun.sk\/wp-content\/uploads\/2024\/07\/Untitled-design-11-700x700.png",700,700,true],"woocommerce_gallery_thumbnail":["https:\/\/www.haffun.sk\/wp-content\/uploads\/2024\/07\/Untitled-design-11-100x100.png",100,100,true],"variation_swatches_image_size":["https:\/\/www.haffun.sk\/wp-content\/uploads\/2024\/07\/Untitled-design-11-50x50.png",50,50,true],"variation_swatches_tooltip_size":["https:\/\/www.haffun.sk\/wp-content\/uploads\/2024\/07\/Untitled-design-11-100x100.png",100,100,true]},"uagb_author_info":{"display_name":"Admin","author_link":"https:\/\/www.haffun.sk\/sk\/author\/"},"uagb_comment_info":12,"uagb_excerpt":"Poskytnite svojmu psovi v\u00fdnimo\u010dn\u00fa v\u00fd\u017eivu s Haffun Ultra Premium Grain-Free \u2013 Losos so pstruhom. Starostlivo vytvoren\u00e1 recept\u00fara je ur\u010den\u00e1 pre dospel\u00fdch psov, ktor\u00ed prospievaj\u00fa na strave bohatej na rybie bielkoviny a omega-3 mastn\u00e9 kyseliny, nevyhnutn\u00e9 pre leskl\u00fa srs\u0165 a zdrav\u00fa ko\u017eu. Kombin\u00e1cia lahodn\u00fdch chut\u00ed lososa a pstruha nielen\u017ee pote\u0161\u00ed chu\u0165ov\u00e9 poh\u00e1riky v\u00e1\u0161ho mil\u00e1\u010dika, ale tie\u017e&hellip;","_links":{"self":[{"href":"https:\/\/www.haffun.sk\/sk\/wp-json\/wp\/v2\/product\/3014","targetHints":{"allow":["GET"]}}],"collection":[{"href":"https:\/\/www.haffun.sk\/sk\/wp-json\/wp\/v2\/product"}],"about":[{"href":"https:\/\/www.haffun.sk\/sk\/wp-json\/wp\/v2\/types\/product"}],"replies":[{"embeddable":true,"href":"https:\/\/www.haffun.sk\/sk\/wp-json\/wp\/v2\/comments?post=3014"}],"wp:featuredmedia":[{"embeddable":true,"href":"https:\/\/www.haffun.sk\/sk\/wp-json\/wp\/v2\/media\/4339"}],"wp:attachment":[{"href":"https:\/\/www.haffun.sk\/sk\/wp-json\/wp\/v2\/media?parent=3014"}],"wp:term":[{"taxonomy":"product_brand","embeddable":true,"href":"https:\/\/www.haffun.sk\/sk\/wp-json\/wp\/v2\/product_brand?post=3014"},{"taxonomy":"product_cat","embeddable":true,"href":"https:\/\/www.haffun.sk\/sk\/wp-json\/wp\/v2\/product_cat?post=3014"},{"taxonomy":"product_tag","embeddable":true,"href":"https:\/\/www.haffun.sk\/sk\/wp-json\/wp\/v2\/product_tag?post=3014"}],"curies":[{"name":"wp","href":"https:\/\/api.w.org\/{rel}","templated":true}]}}