{"id":3037,"date":"2024-05-17T21:24:52","date_gmt":"2024-05-17T19:24:52","guid":{"rendered":"https:\/\/www.haffun.sk\/?post_type=product&#038;p=3037"},"modified":"2026-04-21T21:10:53","modified_gmt":"2026-04-21T19:10:53","slug":"dospely-pes-male-plemeno-grain-free-kacka-s-batatmi","status":"publish","type":"product","link":"https:\/\/www.haffun.sk\/sk\/produkt\/dospely-pes-male-plemeno-grain-free-kacka-s-batatmi\/","title":{"rendered":"Dospel\u00fd pes mal\u00e9 plemeno Grain-Free &#8211; Ka\u010dka s bat\u00e1tmi"},"content":{"rendered":"<p>Poskytnite svojmu ps\u00edkovi gurm\u00e1nsky z\u00e1\u017eitok s Haffun Ultra Premium Grain-Free \u2013 Ka\u010dka s bat\u00e1tmi. Toto krmivo je \u0161peci\u00e1lne vytvoren\u00e9 pre mal\u00e9 plemen\u00e1 a kombinuje 52 % ka\u010dice so sladk\u00fdmi zemiakmi a n\u00e1dychom pomaran\u010da. Starostlivo vybran\u00e9 ingrediencie zaru\u010duj\u00fa vyv\u00e1\u017een\u00fa stravu, ktor\u00e1 podporuje celkov\u00e9 zdravie, vitalitu a zdrav\u00e9 tr\u00e1venie v\u00e1\u0161ho psa.<\/p>\n<p><strong>Zlo\u017eenie:<\/strong>\u00a0Ka\u010dica 52 % (z toho 26 % \u010derstvo pripraven\u00e1 ka\u010dica, 24 % su\u0161en\u00e1 ka\u010dica a 2 % ka\u010dac\u00ed v\u00fdvar), sladk\u00e9 zemiaky (26 %), hr\u00e1\u0161ok (8 %), zemiaky, doplnok Omega 3, \u013eanov\u00e9 semienko, repn\u00e1 du\u017eina, miner\u00e1lne l\u00e1tky, pomaran\u010d (0,3 %), brusnica, FOS 96 mg\/kg, MOS 24 mg\/kg.<\/p>\n<p><strong>Analytick\u00e9 zlo\u017eky:<\/strong>\u00a0Hrub\u00fd prote\u00edn 26%, hrub\u00fd tuk 15,5%, hrub\u00e1 vl\u00e1knina 3%, popol 9%, vlhkos\u0165 8%, NFE (bezdus\u00edkov\u00fd extrakt) 38,5%, energia ME 375 kcal\/100 g, Omega 6 4,4%, Omega 3 1,4 %, v\u00e1pnik 2 %, fosfor 1,2 %<\/p>\n<p><strong>V\u00fd\u017eivov\u00e9 doplnky na 1 kg:<\/strong>\u00a0Vitam\u00edny: Vitam\u00edn A 15 000 IU (E672), Vitam\u00edn D3 2 000 IU (E671), Vitam\u00edn E 95 IU<\/p>\n<p><strong>Stopov\u00e9 prvky:<\/strong>\u00a0Zinok (ako monohydr\u00e1t s\u00edranu zino\u010dnat\u00e9ho) 50 mg, \u017delezo (ako monohydr\u00e1t s\u00edranu \u017eeleznat\u00e9ho) 50 mg, Mang\u00e1n (ako monohydr\u00e1t s\u00edranu mang\u00e1nu) 35 mg, Me\u010f (ako pentahydr\u00e1t s\u00edranu me\u010fnat\u00e9ho) 15 mg, J\u00f3d (ako bezvod\u00fd jodi\u010dnan v\u00e1penat\u00fd) 1 mg, Sel\u00e9n (ako seleni\u010ditan sodn\u00fd)\u00a00,3\u00a0mg.<\/p>\n<p><strong>D\u00e1vkovanie:<\/strong><\/p>\n<p><a href=\"https:\/\/www.haffun.sk\/wp-content\/uploads\/2024\/05\/6EC21A10-0BD3-4B0F-87FE-B57666C4E2FD.png\"><img fetchpriority=\"high\" decoding=\"async\" class=\"alignnone size-medium wp-image-3352\" src=\"https:\/\/www.haffun.sk\/wp-content\/uploads\/2024\/05\/6EC21A10-0BD3-4B0F-87FE-B57666C4E2FD-300x225.png\" alt=\"\" width=\"300\" height=\"225\" srcset=\"https:\/\/www.haffun.sk\/wp-content\/uploads\/2024\/05\/6EC21A10-0BD3-4B0F-87FE-B57666C4E2FD-300x225.png 300w, https:\/\/www.haffun.sk\/wp-content\/uploads\/2024\/05\/6EC21A10-0BD3-4B0F-87FE-B57666C4E2FD-1024x768.png 1024w, https:\/\/www.haffun.sk\/wp-content\/uploads\/2024\/05\/6EC21A10-0BD3-4B0F-87FE-B57666C4E2FD-768x576.png 768w, https:\/\/www.haffun.sk\/wp-content\/uploads\/2024\/05\/6EC21A10-0BD3-4B0F-87FE-B57666C4E2FD-1536x1152.png 1536w, https:\/\/www.haffun.sk\/wp-content\/uploads\/2024\/05\/6EC21A10-0BD3-4B0F-87FE-B57666C4E2FD-16x12.png 16w, https:\/\/www.haffun.sk\/wp-content\/uploads\/2024\/05\/6EC21A10-0BD3-4B0F-87FE-B57666C4E2FD-700x525.png 700w, https:\/\/www.haffun.sk\/wp-content\/uploads\/2024\/05\/6EC21A10-0BD3-4B0F-87FE-B57666C4E2FD.png 2000w\" sizes=\"(max-width: 300px) 100vw, 300px\" \/><\/a><\/p>\n<p><strong>K\u013e\u00fa\u010dov\u00e9 vlastnosti a benefity:<\/strong><\/p>\n<p><strong>Zlo\u017eenie bez obiln\u00edn (Grain-Free):<\/strong>\u00a0T\u00e1to recept\u00fara \u200b\u200bbez obiln\u00edn, ktor\u00e1 je ide\u00e1lna pre psov s citlivos\u0165ou na obilniny alebo alergiami, zais\u0165uje optim\u00e1lne tr\u00e1venie a zni\u017euje riziko alergick\u00fdch reakci\u00ed.<\/p>\n<p><strong>Podpora zdrav\u00e9ho tr\u00e1venia:<\/strong>\u00a0Recept\u00fara \u200b\u200bobohaten\u00e1 o probiotik\u00e1 a zlo\u017eky bohat\u00e9 na vl\u00e1kninu podporuje zdrav\u00e9 prostredie v \u010drev\u00e1ch, podporuje lep\u0161ie vstreb\u00e1vanie \u017eiv\u00edn a spr\u00e1vne tr\u00e1venie.<\/p>\n<p><strong>Vysokokvalitn\u00e9 bielkoviny:<\/strong>\u00a0Ka\u010dacie m\u00e4so je vysoko str\u00e1vite\u013en\u00fd zdroj bielkov\u00edn, ktor\u00fd podporuje siln\u00e9 svaly a celkov\u00fa fyzick\u00fa kond\u00edciu.<\/p>\n<p><strong>Posil\u0148uje imunitn\u00fd syst\u00e9m:<\/strong>\u00a0Antioxidanty z \u010derstvej zeleniny a pomaran\u010da a pridan\u00e9 vitam\u00edny pom\u00e1haj\u00fa udr\u017eiava\u0165 siln\u00fd imunitn\u00fd syst\u00e9m.<\/p>\n<p><strong>Zdrav\u00e1 ko\u017ea a srs\u0165:<\/strong>\u00a0Omega mastn\u00e9 kyseliny z pr\u00edrodn\u00fdch zdrojov pom\u00e1haj\u00fa udr\u017eiava\u0165 leskl\u00fa srs\u0165 a zdrav\u00fa ko\u017eu.<\/p>\n<p><strong>Bez umel\u00fdch pr\u00edsad:<\/strong>\u00a0Zlo\u017eenie bez umel\u00fdch farb\u00edv, pr\u00edchut\u00ed alebo konzerva\u010dn\u00fdch l\u00e1tok, zais\u0165uje prirodzen\u00fa a plnohodnotn\u00fa stravu pre v\u00e1\u0161ho psa.<\/p>\n<p><strong>Zlo\u017eenie:<\/strong><\/p>\n<p><strong>Ka\u010dacie m\u00e4so (52%)<\/strong><\/p>\n<p><strong>\u010cerstvo pripraven\u00e1 ka\u010dka (26%):<\/strong>\u00a0Poskytuje vysoko kvalitn\u00fd, \u013eahko str\u00e1vite\u013en\u00fd zdroj bielkov\u00edn, ktor\u00fd podporuje rozvoj a udr\u017eiavanie svalov. \u010cerstv\u00e1 ka\u010dka je tie\u017e bohat\u00e1 na esenci\u00e1lne aminokyseliny a prospe\u0161n\u00e9 tuky, ktor\u00e9 podporuj\u00fa zdrav\u00fa srs\u0165 a ko\u017eu.<\/p>\n<p><strong>Su\u0161en\u00e9 ka\u010dacie m\u00e4so (24%):<\/strong>\u00a0Koncentrovan\u00fd zdroj bielkov\u00edn, ktor\u00fd pom\u00e1ha zv\u00fd\u0161i\u0165 celkov\u00fd obsah bielkov\u00edn v jedle. Pon\u00faka z\u00e1kladn\u00e9 \u017eiviny potrebn\u00e9 pre energiu a obnovu svalov.<\/p>\n<p><strong>Ka\u010dac\u00ed v\u00fdvar (2%):<\/strong>\u00a0Dod\u00e1va vlhkos\u0165 a chu\u0165, v\u010faka \u010domu je jedlo chutnej\u0161ie a z\u00e1rove\u0148 poskytuje \u010fal\u0161ie \u017eiviny a hydrat\u00e1ciu.<\/p>\n<p><strong>Bat\u00e1ty (26%)<\/strong><\/p>\n<p>Zdroj sacharidov bohat\u00fd na \u017eiviny bohat\u00fd na vl\u00e1kninu, vitam\u00edny A, C a B6 a miner\u00e1ly ako mang\u00e1n a drasl\u00edk. Sladk\u00e9 zemiaky podporuj\u00fa zdravie tr\u00e1venia, poskytuj\u00fa trval\u00fa energiu a podporuj\u00fa zdrav\u00fd imunitn\u00fd syst\u00e9m.<\/p>\n<p><strong>Hrach (8%)<\/strong><\/p>\n<p>Hr\u00e1\u0161ok je dobr\u00fdm zdrojom rastlinn\u00fdch bielkov\u00edn a vl\u00e1kniny, ktor\u00e9 prispievaj\u00fa k zdraviu svalov a pravidelnosti tr\u00e1venia. Obsahuj\u00fa tie\u017e vitam\u00edny ako K, A a nieko\u013eko vitam\u00ednov B, ako aj miner\u00e1ly ako \u017eelezo a zinok.<\/p>\n<p><strong>Zemiaky<\/strong><\/p>\n<p>Doplnkov\u00fd zdroj uh\u013eohydr\u00e1tov, poskytuje energiu a z\u00e1kladn\u00e9 \u017eiviny vr\u00e1tane vitam\u00ednu C, vitam\u00ednu B6 a drasl\u00edka. Zemiaky s\u00fa tie\u017e dobre str\u00e1vite\u013en\u00e9 a podporuj\u00fa celkov\u00e9 zdravie.<\/p>\n<p><strong>Doplnok Omega-3<\/strong><\/p>\n<p>Obohacuje krmivo o esenci\u00e1lne mastn\u00e9 kyseliny, ktor\u00e9 podporuj\u00fa funkciu mozgu, zmier\u0148uj\u00fa z\u00e1paly a podporuj\u00fa zdrav\u00fa ko\u017eu a srs\u0165.<\/p>\n<p><strong>\u013danov\u00e9 semienko<\/strong><\/p>\n<p>Vynikaj\u00faci zdroj omega-3 mastn\u00fdch kysel\u00edn, ktor\u00e9 podporuj\u00fa zdrav\u00fa srs\u0165 a ko\u017eu, ako aj zdravie k\u013abov a celkov\u00fa pohodu.<\/p>\n<p><strong>Repn\u00e1 du\u017eina<\/strong><\/p>\n<p>Vysokokvalitn\u00fd zdroj rozpustnej aj nerozpustnej vl\u00e1kniny. Repn\u00e1 du\u017eina podporuje zdrav\u00e9 tr\u00e1venie, pom\u00e1ha udr\u017eiava\u0165 pevn\u00fa stolicu a podporuje vyv\u00e1\u017een\u00fa \u010drevn\u00fa mikrofl\u00f3ru.<\/p>\n<p><strong>Miner\u00e1ly<\/strong><\/p>\n<p>Zmes z\u00e1kladn\u00fdch miner\u00e1lov vr\u00e1tane v\u00e1pnika, fosforu, zinku, \u017eeleza, mang\u00e1nu a medi. Tieto miner\u00e1ly podporuj\u00fa r\u00f4zne telesn\u00e9 funkcie, vr\u00e1tane zdravia kost\u00ed, nervov\u00fdch funkci\u00ed a celkov\u00e9ho bunkov\u00e9ho metabolizmu.<\/p>\n<p><strong>Pomaran\u010d (0,3%)<\/strong><\/p>\n<p>Dod\u00e1va osvie\u017euj\u00facu chu\u0165 a je bohat\u00fd na vitam\u00edn C, ktor\u00fd p\u00f4sob\u00ed ako antioxidant, podporuje imunitn\u00fd syst\u00e9m a celkov\u00e9 zdravie.<\/p>\n<p><strong>Brusnice<\/strong><\/p>\n<p>Brusnice, zn\u00e1me priazniv\u00fdm vplyvom na mo\u010dov\u00e9 cesty, maj\u00fa tie\u017e vysok\u00fd obsah antioxidantov a vitam\u00ednov, ktor\u00e9 podporuj\u00fa imunitn\u00fa funkciu a celkov\u00e9 zdravie.<\/p>\n<p><strong>FOS (fruktooligosacharidy, 96 mg\/kg)<\/strong><\/p>\n<p>Probiotick\u00e1 vl\u00e1knina, ktor\u00e1 podporuje rast prospe\u0161n\u00fdch \u010drevn\u00fdch bakt\u00e9ri\u00ed a podporuje zdravie tr\u00e1viaceho traktu.<\/p>\n<p><strong>MOS (mananoligosacharidy, 24 mg\/kg)<\/strong><\/p>\n<p>\u010eal\u0161\u00ed typ probiot\u00edk, ktor\u00fd pom\u00e1ha udr\u017eiava\u0165 zdrav\u00fd \u010drevn\u00fd mikrobi\u00f3m a posil\u0148uje imunitn\u00fd syst\u00e9m.<\/p>\n<p>Toto zlo\u017eenie poskytuje plnohodnotn\u00e9, v\u00fd\u017eivn\u00e9 a chutn\u00e9 jedlo pre dospel\u00fdch psov mal\u00fdch plemien so zameran\u00edm na vysokokvalitn\u00e9 bielkoviny, z\u00e1kladn\u00e9 \u017eiviny a zlo\u017eky, ktor\u00e9 podporuj\u00fa celkov\u00e9 zdravie a pohodu.<\/p>\n<p>Vyberte si Haffun Ultra Premium Adult Small Breedbez Grain-Free \u2013 Ka\u010dka s bat\u00e1tmi a pomaran\u010dom pre vyv\u00e1\u017een\u00e9, chutn\u00e9 a v\u00fd\u017eivn\u00e9 jedlo, v\u010faka ktor\u00e9mu bude v\u00e1\u0161 pes \u0161\u0165astn\u00fd, zdrav\u00fd a akt\u00edvny.<\/p>","protected":false},"excerpt":{"rendered":"<p>Vyv\u00e1\u017een\u00e9 krmivo pre v\u0161etky dospel\u00e9 ps\u00edky mal\u00fdch plemien Haffun Ultra Premium bez obiln\u00edn \u2013 Ka\u010dka s bat\u00e1tmi a pomaran\u010dom. \u0160peci\u00e1lne vytvoren\u00e9 zlo\u017eenie je navrhnut\u00e9 tak, aby vyhovovalo jedine\u010dn\u00fdm stravovac\u00edm potreb\u00e1m mal\u00fdch plemien a pon\u00fakalo im gurm\u00e1nske jedlo, ktor\u00e9 kombinuje tie najkvalitnej\u0161ie ingrediencie. Toto krmivo s p\u00f4sobiv\u00fdm 52% celkov\u00fdm obsahom ka\u010dice poskytuje bohat\u00fd zdroj bielkov\u00edn nevyhnutn\u00fdch na udr\u017eanie \u010distej svalovej hmoty a podporu akt\u00edvneho \u017eivotn\u00e9ho \u0161t\u00fdlu. Zahrnutie zdrav\u00fdch bat\u00e1tov a osvie\u017euj\u00faca chu\u0165 pomaran\u010da nielen zv\u00fdraz\u0148uje chu\u0165, ale tie\u017e zabezpe\u010duje, \u017ee v\u00e1\u0161 pes dost\u00e1va vyv\u00e1\u017een\u00fa stravu nabit\u00fa vitam\u00ednmi a miner\u00e1lmi. Ka\u017ed\u00e1 zlo\u017eka je starostlivo vybran\u00e1 tak, aby podporovala celkov\u00e9 zdravie, vitalitu a optim\u00e1lnu tr\u00e1viacu pohodu.<\/p>","protected":false},"featured_media":4344,"comment_status":"open","ping_status":"closed","template":"","meta":{"_uag_custom_page_level_css":"","_kadence_starter_templates_imported_post":false,"_kad_post_transparent":"default","_kad_post_title":"","_kad_post_layout":"default","_kad_post_sidebar_id":"","_kad_post_content_style":"default","_kad_post_vertical_padding":"default","_kad_post_feature":"","_kad_post_feature_position":"","_kad_post_header":false,"_kad_post_footer":false},"product_brand":[],"product_cat":[93,116,110],"product_tag":[],"class_list":{"0":"post-3037","1":"product","2":"type-product","3":"status-publish","4":"has-post-thumbnail","6":"product_cat-ultra-premium-dog-food","7":"product_cat-ultra-premium-adult-dog-food","8":"product_cat-ultra-premium-dog-food-grain-free-small-breed","9":"pa_size-01kg","10":"pa_size-05kg","11":"pa_size-2kg","12":"pa_size-6kg","13":"pa_size-12kg","14":"pa_size-15kg","16":"first","17":"instock","18":"taxable","19":"shipping-taxable","20":"purchasable","21":"product-type-variable","22":"entry","23":"content-bg","24":"loop-entry"},"uagb_featured_image_src":{"full":["https:\/\/www.haffun.sk\/wp-content\/uploads\/2024\/07\/Untitled-design-6.png",1080,1080,false],"thumbnail":["https:\/\/www.haffun.sk\/wp-content\/uploads\/2024\/07\/Untitled-design-6-150x150.png",150,150,true],"medium":["https:\/\/www.haffun.sk\/wp-content\/uploads\/2024\/07\/Untitled-design-6-300x300.png",300,300,true],"medium_large":["https:\/\/www.haffun.sk\/wp-content\/uploads\/2024\/07\/Untitled-design-6-768x768.png",768,768,true],"large":["https:\/\/www.haffun.sk\/wp-content\/uploads\/2024\/07\/Untitled-design-6-1024x1024.png",1024,1024,true],"1536x1536":["https:\/\/www.haffun.sk\/wp-content\/uploads\/2024\/07\/Untitled-design-6.png",1080,1080,false],"2048x2048":["https:\/\/www.haffun.sk\/wp-content\/uploads\/2024\/07\/Untitled-design-6.png",1080,1080,false],"trp-custom-language-flag":["https:\/\/www.haffun.sk\/wp-content\/uploads\/2024\/07\/Untitled-design-6-12x12.png",12,12,true],"woocommerce_thumbnail":["https:\/\/www.haffun.sk\/wp-content\/uploads\/2024\/07\/Untitled-design-6-800x800.png",800,800,true],"woocommerce_single":["https:\/\/www.haffun.sk\/wp-content\/uploads\/2024\/07\/Untitled-design-6-700x700.png",700,700,true],"woocommerce_gallery_thumbnail":["https:\/\/www.haffun.sk\/wp-content\/uploads\/2024\/07\/Untitled-design-6-100x100.png",100,100,true],"variation_swatches_image_size":["https:\/\/www.haffun.sk\/wp-content\/uploads\/2024\/07\/Untitled-design-6-50x50.png",50,50,true],"variation_swatches_tooltip_size":["https:\/\/www.haffun.sk\/wp-content\/uploads\/2024\/07\/Untitled-design-6-100x100.png",100,100,true]},"uagb_author_info":{"display_name":"Admin","author_link":"https:\/\/www.haffun.sk\/sk\/author\/"},"uagb_comment_info":4,"uagb_excerpt":"Vyv\u00e1\u017een\u00e9 krmivo pre v\u0161etky dospel\u00e9 ps\u00edky mal\u00fdch plemien Haffun Ultra Premium bez obiln\u00edn \u2013 Ka\u010dka s bat\u00e1tmi a pomaran\u010dom. \u0160peci\u00e1lne vytvoren\u00e9 zlo\u017eenie je navrhnut\u00e9 tak, aby vyhovovalo jedine\u010dn\u00fdm stravovac\u00edm potreb\u00e1m mal\u00fdch plemien a pon\u00fakalo im gurm\u00e1nske jedlo, ktor\u00e9 kombinuje tie najkvalitnej\u0161ie ingrediencie. Toto krmivo s p\u00f4sobiv\u00fdm 52% celkov\u00fdm obsahom ka\u010dice poskytuje bohat\u00fd zdroj bielkov\u00edn nevyhnutn\u00fdch&hellip;","_links":{"self":[{"href":"https:\/\/www.haffun.sk\/sk\/wp-json\/wp\/v2\/product\/3037","targetHints":{"allow":["GET"]}}],"collection":[{"href":"https:\/\/www.haffun.sk\/sk\/wp-json\/wp\/v2\/product"}],"about":[{"href":"https:\/\/www.haffun.sk\/sk\/wp-json\/wp\/v2\/types\/product"}],"replies":[{"embeddable":true,"href":"https:\/\/www.haffun.sk\/sk\/wp-json\/wp\/v2\/comments?post=3037"}],"wp:featuredmedia":[{"embeddable":true,"href":"https:\/\/www.haffun.sk\/sk\/wp-json\/wp\/v2\/media\/4344"}],"wp:attachment":[{"href":"https:\/\/www.haffun.sk\/sk\/wp-json\/wp\/v2\/media?parent=3037"}],"wp:term":[{"taxonomy":"product_brand","embeddable":true,"href":"https:\/\/www.haffun.sk\/sk\/wp-json\/wp\/v2\/product_brand?post=3037"},{"taxonomy":"product_cat","embeddable":true,"href":"https:\/\/www.haffun.sk\/sk\/wp-json\/wp\/v2\/product_cat?post=3037"},{"taxonomy":"product_tag","embeddable":true,"href":"https:\/\/www.haffun.sk\/sk\/wp-json\/wp\/v2\/product_tag?post=3037"}],"curies":[{"name":"wp","href":"https:\/\/api.w.org\/{rel}","templated":true}]}}