{"id":3045,"date":"2024-05-17T21:28:31","date_gmt":"2024-05-17T19:28:31","guid":{"rendered":"https:\/\/www.haffun.sk\/?post_type=product&#038;p=3045"},"modified":"2026-04-14T22:06:00","modified_gmt":"2026-04-14T20:06:00","slug":"dospely-pes-male-plemeno-grain-free-losos-so-pstruhom","status":"publish","type":"product","link":"https:\/\/www.haffun.sk\/sk\/produkt\/dospely-pes-male-plemeno-grain-free-losos-so-pstruhom\/","title":{"rendered":"Dospel\u00fd pes mal\u00e9 plemeno Grain-Free &#8211; Losos so pstruhom"},"content":{"rendered":"<p>Poskytnite svojmu mal\u00e9mu dospel\u00e9mu psovi prvotriednu v\u00fd\u017eivu s Haffun Ultra Premium Grain-Free\u2013 Losos so pstruhom, bat\u00e1tmi a \u0161parg\u013eou. T\u00e1to recept\u00fara, prisp\u00f4soben\u00e1 potreb\u00e1m mal\u00fdch plemien, kombinuje lahodn\u00fd\u00e9ho lososa a pstruha s bat\u00e1tmi a \u0161parg\u013eou. Bezobiln\u00e9 krmivo podporuje celkov\u00e9 zdravie a vitalitu a zabezpe\u010duje, \u017ee v\u00e1\u0161 pes bude s ka\u017ed\u00fdm jedlom prosperova\u0165.<\/p>\n<p><strong>Zlo\u017eenie:<\/strong>\u00a0Losos a pstruh 53 % (z toho 27 % \u010derstvo pripraven\u00fd losos a pstruh, 20 % su\u0161en\u00fd losos, 4 % lososov\u00fd olej a 2 % v\u00fdvar z lososa), sladk\u00e9 zemiaky (22 %), hr\u00e1\u0161ok (9 %), zemiaky, repn\u00e1 du\u017eina, \u013eanov\u00e9 semienko, Omega 3, miner\u00e1lne l\u00e1tky, \u0161parg\u013ea (0,3 %), FOS (fruktooligosacharidy, 96 mg\/kg), MOS (mann\u00e1n oligosacharidy, 24 mg\/kg).<\/p>\n<p><strong>Analytick\u00e9 zlo\u017eky:<\/strong>\u00a0Hrub\u00fd prote\u00edn 27%, hrub\u00fd tuk 15%, hrub\u00e1 vl\u00e1knina 3%, popol 8%, vlhkos\u0165 8%, NFE (bezdus\u00edkov\u00fd extrakt) 39%, energia 376 Kcal\/100 g, Omega 6 1,1%, Omega 3 3,5% , V\u00e1pnik 1,6%, Fosfor 1,5%<\/p>\n<p><strong>V\u00fd\u017eivov\u00e9 doplnky na 1 kg:<\/strong>\u00a0Vitam\u00edny: Vitam\u00edn A 15 000 IU (E672), Vitam\u00edn D3 2 000 IU (E671), Vitam\u00edn E 95 IU<\/p>\n<p><strong>Stopov\u00e9 prvky:<\/strong>\u00a0Zinok (ako monohydr\u00e1t s\u00edranu zino\u010dnat\u00e9ho) 50 mg, \u017delezo (ako monohydr\u00e1t s\u00edranu \u017eeleznat\u00e9ho) 50 mg, Mang\u00e1n (ako monohydr\u00e1t s\u00edranu manganat\u00e9ho) 35 mg, J\u00f3d (ako bezvod\u00fd jodi\u010dnan v\u00e1penat\u00fd)\u00a01\u00a0mg.<\/p>\n<p><strong>D\u00e1vkovanie:<\/strong><\/p>\n<p><a href=\"https:\/\/www.haffun.sk\/wp-content\/uploads\/2024\/05\/DCEBD8FA-E1F3-4BE3-9BC1-72CC9C4E1F5E.png\"><img fetchpriority=\"high\" decoding=\"async\" class=\"alignnone size-medium wp-image-3350\" src=\"https:\/\/www.haffun.sk\/wp-content\/uploads\/2024\/05\/DCEBD8FA-E1F3-4BE3-9BC1-72CC9C4E1F5E-300x225.png\" alt=\"\" width=\"300\" height=\"225\" srcset=\"https:\/\/www.haffun.sk\/wp-content\/uploads\/2024\/05\/DCEBD8FA-E1F3-4BE3-9BC1-72CC9C4E1F5E-300x225.png 300w, https:\/\/www.haffun.sk\/wp-content\/uploads\/2024\/05\/DCEBD8FA-E1F3-4BE3-9BC1-72CC9C4E1F5E-1024x768.png 1024w, https:\/\/www.haffun.sk\/wp-content\/uploads\/2024\/05\/DCEBD8FA-E1F3-4BE3-9BC1-72CC9C4E1F5E-768x576.png 768w, https:\/\/www.haffun.sk\/wp-content\/uploads\/2024\/05\/DCEBD8FA-E1F3-4BE3-9BC1-72CC9C4E1F5E-1536x1152.png 1536w, https:\/\/www.haffun.sk\/wp-content\/uploads\/2024\/05\/DCEBD8FA-E1F3-4BE3-9BC1-72CC9C4E1F5E-16x12.png 16w, https:\/\/www.haffun.sk\/wp-content\/uploads\/2024\/05\/DCEBD8FA-E1F3-4BE3-9BC1-72CC9C4E1F5E-700x525.png 700w, https:\/\/www.haffun.sk\/wp-content\/uploads\/2024\/05\/DCEBD8FA-E1F3-4BE3-9BC1-72CC9C4E1F5E.png 2000w\" sizes=\"(max-width: 300px) 100vw, 300px\" \/><\/a><\/p>\n<p><strong>K\u013e\u00fa\u010dov\u00e9 vlastnosti a benefity:<\/strong><\/p>\n<p><strong>Zlo\u017eenie bez obiln\u00edn (Grain-Free):<\/strong>\u00a0Ide\u00e1lne pre psov mal\u00fdch plemien s citlivos\u0165ou na obilniny, toto zlo\u017eenie vyu\u017e\u00edva alternat\u00edvne sacharidy na podporu optim\u00e1lneho tr\u00e1venia a zn\u00ed\u017eenie rizika alergick\u00fdch reakci\u00ed.<\/p>\n<p><strong>Doplnok Omega-3:<\/strong>\u00a0Omega 3 mastn\u00e9 kyseliny s\u00fa obsiahnut\u00e9 na podporu zdravia ko\u017ee a srsti, funkcie k\u013abov a kognit\u00edvneho v\u00fdvoja.<\/p>\n<p><strong>Vysokokvalitn\u00e9 bielkoviny:<\/strong>\u00a0Losos a pstruh poskytuj\u00fa esenci\u00e1lne aminokyseliny a mastn\u00e9 kyseliny, ktor\u00e9 pom\u00e1haj\u00fa udr\u017eiava\u0165 siln\u00e9 svaly a podporuj\u00fa zdrav\u00fa ko\u017eu a srs\u0165.<\/p>\n<p><strong>Podpora zdrav\u00e9ho tr\u00e1venia:<\/strong>\u00a0Ingrediencie ako sladk\u00e9 zemiaky a \u0161parg\u013ea s\u00fa bohat\u00e9 na vl\u00e1kninu, podporuj\u00fa zdrav\u00e9 tr\u00e1venie a napom\u00e1haj\u00fa vstreb\u00e1vaniu \u017eiv\u00edn.<\/p>\n<p><strong>Podpora imunitn\u00e9ho syst\u00e9mu:<\/strong>\u00a0Antioxidanty zo sladk\u00fdch zemiakov a \u0161pargle pom\u00e1haj\u00fa posil\u0148ova\u0165 imunitn\u00fd syst\u00e9m a udr\u017euj\u00fa v\u00e1\u0161ho psa zdrav\u00e9ho a akt\u00edvneho.<\/p>\n<p><strong>Bez umel\u00fdch pr\u00edsad:<\/strong>\u00a0Zlo\u017eenie bez umel\u00fdch farb\u00edv, pr\u00edchut\u00ed alebo konzerva\u010dn\u00fdch l\u00e1tok, zais\u0165uje prirodzen\u00fa a plnohodnotn\u00fa stravu pre v\u00e1\u0161ho psa.<\/p>\n<p><strong>Zlo\u017eenie:<\/strong><\/p>\n<p><strong>Losos a pstruh (53 %)<\/strong><\/p>\n<p><strong>\u010cerstvo pripraven\u00fd losos a pstruh (27%):<\/strong>\u00a0Vysokokvalitn\u00fd zdroj bielkov\u00edn je nevyhnutn\u00fd pre rozvoj a obnovu svalov. Losos a pstruh s\u00fa bohat\u00e9 na omega-3 mastn\u00e9 kyseliny, ktor\u00e9 podporuj\u00fa zdravie srdca, zmier\u0148uj\u00fa z\u00e1paly a podporuj\u00fa leskl\u00fa srs\u0165.<\/p>\n<p><strong>Su\u0161en\u00fd losos (20%):<\/strong>\u00a0Koncentrovan\u00fd zdroj bielkov\u00edn, ktor\u00fd zlep\u0161uje nutri\u010dn\u00fd profil jedla. Su\u0161en\u00fd losos je bohat\u00fd na \u017eiviny, pon\u00faka trval\u00fa energiu a podporuje celkov\u00e9 zdravie.<\/p>\n<p><strong>Lososov\u00fd olej (4%):<\/strong>\u00a0Bohat\u00fd na omega-3 mastn\u00e9 kyseliny podporuje zdrav\u00fa ko\u017eu a srs\u0165, zni\u017euje z\u00e1paly a podporuje kognit\u00edvne funkcie.<\/p>\n<p><strong>V\u00fdvar z lososa (2%):<\/strong>\u00a0Dod\u00e1va vlhkos\u0165 a ar\u00f3mu, v\u010faka \u010domu je jedlo chutnej\u0161ie. Jah\u0148ac\u00ed v\u00fdvar tie\u017e poskytuje \u010fal\u0161ie \u013eahko str\u00e1vite\u013en\u00e9 \u017eiviny.<\/p>\n<p><strong>Bat\u00e1ty (22%)<\/strong><\/p>\n<p>Zdroj sacharidov bohat\u00fd na \u017eiviny bohat\u00fd na vl\u00e1kninu, vitam\u00edny A, C a B6 a miner\u00e1ly ako mang\u00e1n a drasl\u00edk. Sladk\u00e9 zemiaky podporuj\u00fa zdravie tr\u00e1venia, poskytuj\u00fa trval\u00fa energiu a podporuj\u00fa zdrav\u00fd imunitn\u00fd syst\u00e9m.<\/p>\n<p><strong>Hrach (9%)<\/strong><\/p>\n<p>Hr\u00e1\u0161ok je dobr\u00fdm zdrojom rastlinn\u00fdch bielkov\u00edn a vl\u00e1kniny, ktor\u00e9 prispievaj\u00fa k zdraviu svalov a pravidelnosti tr\u00e1venia. Obsahuj\u00fa tie\u017e vitam\u00edny ako K, A a nieko\u013eko vitam\u00ednov B, ako aj miner\u00e1ly ako \u017eelezo a zinok.<\/p>\n<p><strong>Zemiaky<\/strong><\/p>\n<p>Doplnkov\u00fd zdroj uh\u013eohydr\u00e1tov, poskytuje energiu a z\u00e1kladn\u00e9 \u017eiviny vr\u00e1tane vitam\u00ednu C, vitam\u00ednu B6 a drasl\u00edka. Zemiaky s\u00fa tie\u017e dobre str\u00e1vite\u013en\u00e9 a podporuj\u00fa celkov\u00e9 zdravie.<\/p>\n<p><strong>Repn\u00e1 du\u017eina<\/strong><\/p>\n<p>Vysokokvalitn\u00fd zdroj rozpustnej aj nerozpustnej vl\u00e1kniny. Repn\u00e1 du\u017eina podporuje zdrav\u00e9 tr\u00e1venie, pom\u00e1ha udr\u017eiava\u0165 pevn\u00fa stolicu a podporuje vyv\u00e1\u017een\u00fa \u010drevn\u00fa mikrofl\u00f3ru.<\/p>\n<p><strong>\u013danov\u00e9 semienko<\/strong><\/p>\n<p>Vynikaj\u00faci zdroj omega-3 mastn\u00fdch kysel\u00edn, ktor\u00e9 podporuj\u00fa zdrav\u00fa srs\u0165 a ko\u017eu, ako aj zdravie k\u013abov a celkov\u00fa pohodu.<\/p>\n<p><strong>Omega 3<\/strong><\/p>\n<p>Obohacuje krmivo o esenci\u00e1lne mastn\u00e9 kyseliny, ktor\u00e9 podporuj\u00fa funkciu mozgu, zmier\u0148uj\u00fa z\u00e1paly a podporuj\u00fa zdrav\u00fa ko\u017eu a srs\u0165.<\/p>\n<p><strong>Miner\u00e1ly<\/strong><\/p>\n<p>Zmes z\u00e1kladn\u00fdch miner\u00e1lov vr\u00e1tane v\u00e1pnika, fosforu, zinku, \u017eeleza, mang\u00e1nu a medi. Tieto miner\u00e1ly podporuj\u00fa r\u00f4zne telesn\u00e9 funkcie, vr\u00e1tane zdravia kost\u00ed, nervov\u00fdch funkci\u00ed a celkov\u00e9ho bunkov\u00e9ho metabolizmu.<\/p>\n<p><strong>\u0160parg\u013ea (0,3%)<\/strong><\/p>\n<p>Dod\u00e1va jedine\u010dn\u00fa chu\u0165 a je bohat\u00e1 na vitam\u00edny K, C a E. Poskytuje antioxidanty, ktor\u00e9 podporuj\u00fa imunitu a celkov\u00fa pohodu. Obsahuje aj vl\u00e1kninu, ktor\u00e1 podporuje tr\u00e1venie.<\/p>\n<p><strong>FOS (fruktooligosacharidy, 96 mg\/kg)<\/strong><\/p>\n<p>Probiotick\u00e1 vl\u00e1knina, ktor\u00e1 podporuje rast prospe\u0161n\u00fdch \u010drevn\u00fdch bakt\u00e9ri\u00ed a podporuje zdravie tr\u00e1viaceho traktu.<\/p>\n<p><strong>MOS (mananoligosacharidy, 24 mg\/kg)<\/strong><\/p>\n<p>\u010eal\u0161\u00ed typ probiot\u00edk, ktor\u00fd pom\u00e1ha udr\u017eiava\u0165 zdrav\u00fd \u010drevn\u00fd mikrobi\u00f3m a posil\u0148uje imunitn\u00fd syst\u00e9m.<\/p>\n<p>Ka\u017ed\u00e1 zlo\u017eka v tomto ultra pr\u00e9miovom krmive pre psov je starostlivo vybran\u00e1 tak, aby poskytovala vyv\u00e1\u017een\u00e9, v\u00fd\u017eivn\u00e9 a chutn\u00e9 krmivo pre dospel\u00fdch psov mal\u00fdch plemien a zais\u0165ovala, \u017ee dostan\u00fa t\u00fa najlep\u0161iu mo\u017en\u00fa starostlivos\u0165 a v\u00fd\u017eivu.<\/p>\n<p>Vyberte si Haffun Ultra Premium Adult Small Breed Grain-Free \u2013 Losos so pstruhom, bat\u00e1tmi a \u0161parg\u013eou pre v\u00fd\u017eivn\u00e9, chutn\u00e9 a vyv\u00e1\u017een\u00e9 jedlo, ktor\u00e9 podporuje zdravie a pohodu v\u00e1\u0161ho dospel\u00e9ho psa.<\/p>","protected":false},"excerpt":{"rendered":"<p>Krmivo ur\u010den\u00e9 pre dospel\u00fdch psov mal\u00fdch plemien Haffun Ultra Premium Adult Small Breed Grain-Free &#8211; Losos so pstruhom. Recept\u00fara \u200b\u200bje prisp\u00f4soben\u00e1, aby vyhovovala jedine\u010dn\u00fdm stravovac\u00edm potreb\u00e1m mal\u00fdch plemien, a pon\u00faka bohat\u00fa a delik\u00e1tnu kombin\u00e1ciu lososa a pstruha, zmie\u0161an\u00fa so zdraviu prospe\u0161n\u00fdmi bat\u00e1tmi a \u0161parg\u013eou. Zlo\u017eenie \u200b\u200bbez obiln\u00edn poruje optim\u00e1lne tr\u00e1venie a zni\u017euje riziko alergi\u00ed. Doprajte svojmu hafanovi t\u00fa najlep\u0161iu starostlivos\u0165 s krmivom, ktor\u00e9 uspokoj\u00ed ich \u0161pecifick\u00e9 potreby.<\/p>","protected":false},"featured_media":4342,"comment_status":"open","ping_status":"closed","template":"","meta":{"_uag_custom_page_level_css":"","_kadence_starter_templates_imported_post":false,"_kad_post_transparent":"default","_kad_post_title":"","_kad_post_layout":"default","_kad_post_sidebar_id":"","_kad_post_content_style":"default","_kad_post_vertical_padding":"default","_kad_post_feature":"","_kad_post_feature_position":"","_kad_post_header":false,"_kad_post_footer":false},"product_brand":[],"product_cat":[93,116,110],"product_tag":[],"class_list":{"0":"post-3045","1":"product","2":"type-product","3":"status-publish","4":"has-post-thumbnail","6":"product_cat-ultra-premium-dog-food","7":"product_cat-ultra-premium-adult-dog-food","8":"product_cat-ultra-premium-dog-food-grain-free-small-breed","9":"pa_size-01kg","10":"pa_size-05kg","11":"pa_size-2kg","12":"pa_size-6kg","13":"pa_size-12kg","14":"pa_size-15kg","16":"first","17":"instock","18":"taxable","19":"shipping-taxable","20":"purchasable","21":"product-type-variable","22":"entry","23":"content-bg","24":"loop-entry"},"uagb_featured_image_src":{"full":["https:\/\/www.haffun.sk\/wp-content\/uploads\/2024\/07\/Untitled-design-8.png",1080,1080,false],"thumbnail":["https:\/\/www.haffun.sk\/wp-content\/uploads\/2024\/07\/Untitled-design-8-150x150.png",150,150,true],"medium":["https:\/\/www.haffun.sk\/wp-content\/uploads\/2024\/07\/Untitled-design-8-300x300.png",300,300,true],"medium_large":["https:\/\/www.haffun.sk\/wp-content\/uploads\/2024\/07\/Untitled-design-8-768x768.png",768,768,true],"large":["https:\/\/www.haffun.sk\/wp-content\/uploads\/2024\/07\/Untitled-design-8-1024x1024.png",1024,1024,true],"1536x1536":["https:\/\/www.haffun.sk\/wp-content\/uploads\/2024\/07\/Untitled-design-8.png",1080,1080,false],"2048x2048":["https:\/\/www.haffun.sk\/wp-content\/uploads\/2024\/07\/Untitled-design-8.png",1080,1080,false],"trp-custom-language-flag":["https:\/\/www.haffun.sk\/wp-content\/uploads\/2024\/07\/Untitled-design-8-12x12.png",12,12,true],"woocommerce_thumbnail":["https:\/\/www.haffun.sk\/wp-content\/uploads\/2024\/07\/Untitled-design-8-800x800.png",800,800,true],"woocommerce_single":["https:\/\/www.haffun.sk\/wp-content\/uploads\/2024\/07\/Untitled-design-8-700x700.png",700,700,true],"woocommerce_gallery_thumbnail":["https:\/\/www.haffun.sk\/wp-content\/uploads\/2024\/07\/Untitled-design-8-100x100.png",100,100,true],"variation_swatches_image_size":["https:\/\/www.haffun.sk\/wp-content\/uploads\/2024\/07\/Untitled-design-8-50x50.png",50,50,true],"variation_swatches_tooltip_size":["https:\/\/www.haffun.sk\/wp-content\/uploads\/2024\/07\/Untitled-design-8-100x100.png",100,100,true]},"uagb_author_info":{"display_name":"Admin","author_link":"https:\/\/www.haffun.sk\/sk\/author\/"},"uagb_comment_info":2,"uagb_excerpt":"Krmivo ur\u010den\u00e9 pre dospel\u00fdch psov mal\u00fdch plemien Haffun Ultra Premium Adult Small Breed Grain-Free - Losos so pstruhom. Recept\u00fara \u200b\u200bje prisp\u00f4soben\u00e1, aby vyhovovala jedine\u010dn\u00fdm stravovac\u00edm potreb\u00e1m mal\u00fdch plemien, a pon\u00faka bohat\u00fa a delik\u00e1tnu kombin\u00e1ciu lososa a pstruha, zmie\u0161an\u00fa so zdraviu prospe\u0161n\u00fdmi bat\u00e1tmi a \u0161parg\u013eou. Zlo\u017eenie \u200b\u200bbez obiln\u00edn poruje optim\u00e1lne tr\u00e1venie a zni\u017euje riziko alergi\u00ed. Doprajte&hellip;","_links":{"self":[{"href":"https:\/\/www.haffun.sk\/sk\/wp-json\/wp\/v2\/product\/3045","targetHints":{"allow":["GET"]}}],"collection":[{"href":"https:\/\/www.haffun.sk\/sk\/wp-json\/wp\/v2\/product"}],"about":[{"href":"https:\/\/www.haffun.sk\/sk\/wp-json\/wp\/v2\/types\/product"}],"replies":[{"embeddable":true,"href":"https:\/\/www.haffun.sk\/sk\/wp-json\/wp\/v2\/comments?post=3045"}],"wp:featuredmedia":[{"embeddable":true,"href":"https:\/\/www.haffun.sk\/sk\/wp-json\/wp\/v2\/media\/4342"}],"wp:attachment":[{"href":"https:\/\/www.haffun.sk\/sk\/wp-json\/wp\/v2\/media?parent=3045"}],"wp:term":[{"taxonomy":"product_brand","embeddable":true,"href":"https:\/\/www.haffun.sk\/sk\/wp-json\/wp\/v2\/product_brand?post=3045"},{"taxonomy":"product_cat","embeddable":true,"href":"https:\/\/www.haffun.sk\/sk\/wp-json\/wp\/v2\/product_cat?post=3045"},{"taxonomy":"product_tag","embeddable":true,"href":"https:\/\/www.haffun.sk\/sk\/wp-json\/wp\/v2\/product_tag?post=3045"}],"curies":[{"name":"wp","href":"https:\/\/api.w.org\/{rel}","templated":true}]}}