{"id":3077,"date":"2024-05-17T21:43:39","date_gmt":"2024-05-17T19:43:39","guid":{"rendered":"https:\/\/www.haffun.sk\/?post_type=product&#038;p=3077"},"modified":"2026-04-11T19:44:21","modified_gmt":"2026-04-11T17:44:21","slug":"stena-grain-free-losos-s-treskou","status":"publish","type":"product","link":"https:\/\/www.haffun.sk\/sk\/produkt\/stena-grain-free-losos-s-treskou\/","title":{"rendered":"\u0160te\u0148a Grain-Free &#8211; Losos s treskou"},"content":{"rendered":"<p>Na\u0161e krmivo pre \u0161teniatka Haffun Ultra Premium\u00a0 \u2013 Losos s treskou, bielou rybou, bat\u00e1tom a \u0161parg\u013eou poskytuje z\u00e1kladn\u00e9 \u017eiviny pre zdrav\u00fd rast a energiu mlad\u00fdch ps\u00edkov. So \u0161es\u0165desiatpercentn\u00fdm obsahom r\u00fdb dod\u00e1va kvalitn\u00e9 bielkoviny pre svaly a zdravie. Bezobiln\u00e1 recept\u00fara s pridan\u00edm kvalitn\u00fdch potrav\u00edn podporuje tr\u00e1venie, k\u013aby a celkov\u00fa pohodu \u0161te\u0148a\u0165a.<\/p>\n<p><strong>Zlo\u017eenie:<\/strong>\u00a0Losos, treska jedno\u0161kvrnn\u00e1 a biela ryba 60 % (\u010derstvo pripraven\u00fd losos 21 %, su\u0161en\u00fd losos 16 %, \u010derstvo pripraven\u00e1 treska jedno\u0161kvrnn\u00e1 11 %, \u010derstvo pripraven\u00e1 biela ryba 10 % a v\u00fdvar z lososa 2 %), bat\u00e1ty (20 %), zemiaky, repn\u00e1 du\u017eina , Hrach (6 %), \u013danov\u00e9 semienko, Doplnok Omega 3, Miner\u00e1ly, \u0160parg\u013ea (0,1 %), Glukozam\u00edn (170 mg\/kg), Metylsulfonylmet\u00e1n (170 mg\/kg), Chondroit\u00edn sulf\u00e1t (125 mg\/kg), Nukleotidy, Fruktooligosacharidy ( FOS, 96 mg\/kg), mannanoligosacharidy (MOS, 24 mg\/kg)<\/p>\n<p><strong>Analytick\u00e9 zlo\u017eky:<\/strong>\u00a0Hrub\u00fd prote\u00edn 28 %, Hrub\u00fd tuk 13 %, Hrub\u00e1 vl\u00e1knina 4 %, Popol 8,5 %, Vlhkos\u0165 8 %, NFE 38,5 %, Metabolizovate\u013en\u00e1 energia 359 kcal\/100 g, Omega 6 mastn\u00e9 kyseliny 2 %, Omega 3 mastn\u00e9 kyseliny 2,6%, v\u00e1pnik 1,3%, fosfor 1,2%<\/p>\n<p><strong>V\u00fd\u017eivov\u00e9 doplnky na 1 kg:<\/strong>\u00a0Vitam\u00edny: Vitam\u00edn A 15 000 IU, Vitam\u00edn D3 2 000 IU, Vitam\u00edn E 95 IU<\/p>\n<p><strong>Stopov\u00e9 prvky:<\/strong>\u00a0Zinok (monohydr\u00e1t s\u00edranu zino\u010dnat\u00e9ho) 50 mg, \u017eelezo (monohydr\u00e1t s\u00edranu \u017eeleznat\u00e9ho) 50 mg, mang\u00e1n (monohydr\u00e1t s\u00edranu manganat\u00e9ho) 35 mg, me\u010f (pentahydr\u00e1t s\u00edranu me\u010fnat\u00e9ho) 10 mg, j\u00f3d (v\u00e1penat\u00fd, jodi\u010dnan v\u00e1penat\u00fd bezvod\u00fd) 1mg.<\/p>\n<p><strong>D\u00e1vkovanie:\u00a0<\/strong><\/p>\n<p><a href=\"https:\/\/www.haffun.sk\/wp-content\/uploads\/2024\/05\/87699103-2E2F-4D92-9C44-417080C02EE8.png\"><img decoding=\"async\" class=\"alignnone size-medium wp-image-3345\" src=\"https:\/\/www.haffun.sk\/wp-content\/uploads\/2024\/05\/87699103-2E2F-4D92-9C44-417080C02EE8-300x150.png\" alt=\"\" width=\"300\" height=\"150\" srcset=\"https:\/\/www.haffun.sk\/wp-content\/uploads\/2024\/05\/87699103-2E2F-4D92-9C44-417080C02EE8-300x150.png 300w, https:\/\/www.haffun.sk\/wp-content\/uploads\/2024\/05\/87699103-2E2F-4D92-9C44-417080C02EE8-1024x512.png 1024w, https:\/\/www.haffun.sk\/wp-content\/uploads\/2024\/05\/87699103-2E2F-4D92-9C44-417080C02EE8-768x384.png 768w, https:\/\/www.haffun.sk\/wp-content\/uploads\/2024\/05\/87699103-2E2F-4D92-9C44-417080C02EE8-1536x768.png 1536w, https:\/\/www.haffun.sk\/wp-content\/uploads\/2024\/05\/87699103-2E2F-4D92-9C44-417080C02EE8-18x9.png 18w, https:\/\/www.haffun.sk\/wp-content\/uploads\/2024\/05\/87699103-2E2F-4D92-9C44-417080C02EE8-700x350.png 700w, https:\/\/www.haffun.sk\/wp-content\/uploads\/2024\/05\/87699103-2E2F-4D92-9C44-417080C02EE8.png 2000w\" sizes=\"(max-width: 300px) 100vw, 300px\" \/><\/a><\/p>\n<p><strong>K\u013e\u00fa\u010dov\u00e9 vlastnosti a benefity:<\/strong><\/p>\n<p><strong>Zlo\u017eenie bez obiln\u00edn (Grain-Free):<\/strong>\u00a0Zlo\u017eenie je ide\u00e1lne pre psov s citlivos\u0165ou na obilniny, vyu\u017e\u00edva bat\u00e1ty a \u0161parg\u013eu ako v\u00fd\u017eivn\u00e9, \u013eahko str\u00e1vite\u013en\u00e9 zdroje sacharidov.<\/p>\n<p><strong>Podpora k\u013abov:<\/strong>\u00a0Obohaten\u00e9 o zlo\u017eky, ktor\u00e9 podporuj\u00fa zdravie k\u013abov a pom\u00e1haj\u00fa udr\u017ea\u0165 va\u0161e \u0161teniatko spokojn\u00e9 a akt\u00edvne.<\/p>\n<p><strong>Podpora zdrav\u00e9ho rastu:<\/strong>\u00a0Vysokokvalitn\u00fd prote\u00edn z r\u00fdb pom\u00e1ha budova\u0165 a udr\u017eiava\u0165 svalov\u00fa hmotu, ktor\u00e1 je k\u013e\u00fa\u010dov\u00e1 pre rast\u00face \u0161te\u0148at\u00e1.<\/p>\n<p><strong>Posilnenie imunitn\u00e9ho syst\u00e9mu:<\/strong>\u00a0Ingrediencie ako sladk\u00e9 zemiaky a \u0161parg\u013ea s\u00fa bohat\u00e9 na antioxidanty a vitam\u00edny, ktor\u00e9 posil\u0148uj\u00fa imunitn\u00fd syst\u00e9m a celkov\u00e9 zdravie.<\/p>\n<p><strong>Podpora zdrav\u00e9ho tr\u00e1venia:<\/strong>\u00a0Di\u00e9tna vl\u00e1knina zo surov\u00edn, ako s\u00fa sladk\u00e9 zemiaky, podporuje zdrav\u00e9 tr\u00e1venie a zabezpe\u010duje pravideln\u00e9 vypr\u00e1zd\u0148ovanie.<\/p>\n<p><strong>Bez umel\u00fdch pr\u00edsad:<\/strong>\u00a0Zlo\u017eenie bez umel\u00fdch farb\u00edv, pr\u00edchut\u00ed alebo konzerva\u010dn\u00fdch l\u00e1tok, zais\u0165uje prirodzen\u00fa a plnohodnotn\u00fa stravu pre va\u0161e \u0161te\u0148a.<\/p>\n<p><strong>Zlo\u017eenie:<\/strong><\/p>\n<p><strong>Losos, treska a biela ryba (60 %)<\/strong><\/p>\n<p><strong>\u010cerstvo pripraven\u00fd losos (21%):<\/strong>\u00a0Vysokokvalitn\u00fd zdroj bielkov\u00edn, bohat\u00fd na esenci\u00e1lne aminokyseliny a omega-3 mastn\u00e9 kyseliny, podporuje rozvoj svalov, zdravie srdca a leskl\u00fa srs\u0165. \u010cerstvo pripraven\u00fd losos zais\u0165uje maxim\u00e1lnu absorpciu \u017eiv\u00edn.<\/p>\n<p><strong>Su\u0161en\u00fd losos (16%):<\/strong>\u00a0Su\u0161en\u00fd losos, koncentrovan\u00fd zdroj bielkov\u00edn, poskytuje trval\u00fa energiu a podporuje celkov\u00e9 zdravie. Je bohat\u00fd na \u017eiviny, \u010d\u00edm zvy\u0161uje nutri\u010dn\u00fd profil jedla.<\/p>\n<p><strong>\u010cerstvo pripraven\u00e1 treska (11%):<\/strong>\u00a0Chud\u00e1 ryba bohat\u00e1 na bielkoviny, vitam\u00edny a miner\u00e1ly. \u010cerstv\u00e1 treska podporuje zdravie svalov, silu kost\u00ed a celkov\u00fa vitalitu.<\/p>\n<p><strong>\u010cerstvo pripraven\u00e1 biela ryba (10%):<\/strong>\u00a0Vynikaj\u00faci zdroj chud\u00fdch bielkov\u00edn a omega-3 mastn\u00fdch kysel\u00edn. \u010cerstv\u00e9 biele ryby podporuj\u00fa rast svalov, zdravie poko\u017eky a kognit\u00edvne funkcie.<\/p>\n<p><strong>V\u00fdvar z lososa (2%):<\/strong>\u00a0Zlep\u0161uje chu\u0165 jedla a z\u00e1rove\u0148 poskytuje dodato\u010dn\u00fa vlhkos\u0165 a \u017eiviny, ktor\u00e9 s\u00fa \u013eahko str\u00e1vite\u013en\u00e9.<\/p>\n<p><strong>Bat\u00e1ty (20%)<\/strong><\/p>\n<p>Zdroj sacharidov bohat\u00fd na \u017eiviny bohat\u00fd na vl\u00e1kninu, vitam\u00edny A, C a B6 a miner\u00e1ly ako mang\u00e1n a drasl\u00edk. Sladk\u00e9 zemiaky podporuj\u00fa zdravie tr\u00e1venia, poskytuj\u00fa trval\u00fa energiu a podporuj\u00fa zdrav\u00fd imunitn\u00fd syst\u00e9m.<\/p>\n<p><strong>Zemiaky<\/strong><\/p>\n<p>\u010eal\u0161\u00ed str\u00e1vite\u013en\u00fd zdroj sacharidov, ktor\u00fd pon\u00faka energiu a pom\u00e1ha udr\u017eiava\u0165 zdrav\u00fd tr\u00e1viaci syst\u00e9m.<\/p>\n<p><strong>Repn\u00e1 du\u017eina<\/strong><\/p>\n<p>Vysokokvalitn\u00fd zdroj rozpustnej aj nerozpustnej vl\u00e1kniny. Repn\u00e1 du\u017eina podporuje zdrav\u00e9 tr\u00e1venie, pom\u00e1ha udr\u017eiava\u0165 pevn\u00fa stolicu a podporuje vyv\u00e1\u017een\u00fa \u010drevn\u00fa mikrofl\u00f3ru.<\/p>\n<p><strong>Hrach (6%)<\/strong><\/p>\n<p>Vynikaj\u00faci zdroj rastlinn\u00fdch bielkov\u00edn a vl\u00e1kniny. Hr\u00e1\u0161ok prispieva k zdraviu svalov, pravidelnosti tr\u00e1venia a poskytuje z\u00e1kladn\u00e9 \u017eiviny ako \u017eelezo, hor\u010d\u00edk a vitam\u00edny B.<\/p>\n<p><strong>\u013danov\u00e9 semienko<\/strong><\/p>\n<p>Vynikaj\u00faci zdroj omega-3 mastn\u00fdch kysel\u00edn, ktor\u00e9 podporuj\u00fa zdrav\u00fa srs\u0165 a ko\u017eu, ako aj zdravie k\u013abov a celkov\u00fa pohodu.<\/p>\n<p><strong>Doplnok Omega-3<\/strong><\/p>\n<p>Pridan\u00fd na zabezpe\u010denie optim\u00e1lnej rovnov\u00e1hy mastn\u00fdch kysel\u00edn, podporuje kardiovaskul\u00e1rne zdravie, funkciu mozgu a zni\u017euje z\u00e1pal.<\/p>\n<p><strong>Miner\u00e1ly<\/strong><\/p>\n<p>Zmes z\u00e1kladn\u00fdch miner\u00e1lov vr\u00e1tane v\u00e1pnika, fosforu, zinku, \u017eeleza, mang\u00e1nu a medi. Tieto miner\u00e1ly podporuj\u00fa r\u00f4zne telesn\u00e9 funkcie, vr\u00e1tane zdravia kost\u00ed, nervov\u00fdch funkci\u00ed a celkov\u00e9ho bunkov\u00e9ho metabolizmu.<\/p>\n<p><strong>\u0160parg\u013ea (0,01%)<\/strong><\/p>\n<p>\u0160parg\u013ea m\u00e1 n\u00edzky obsah kal\u00f3ri\u00ed a je dobr\u00fdm zdrojom vitam\u00ednov (A, C, E, K a B6), kyseliny listovej a vl\u00e1kniny. Podporuje zdrav\u00e9 tr\u00e1venie a m\u00e1 antioxida\u010dn\u00e9 vlastnosti.<\/p>\n<p><strong>Starostlivos\u0165 o k\u013aby<\/strong><\/p>\n<p><strong>Glukozam\u00edn (170 mg\/kg):<\/strong>\u00a0Podporuje obnovu chrupaviek a zni\u017euje boles\u0165 a z\u00e1pal k\u013abov, \u010do je nevyhnutn\u00e9 pre udr\u017eanie mobility a pohodlia u akt\u00edvnych \u0161teniatok.<\/p>\n<p><strong>Metylsulfonylmet\u00e1n (MSM, 170 mg\/kg):<\/strong>\u00a0Pr\u00edrodn\u00e1 zl\u00fa\u010denina s protiz\u00e1palov\u00fdmi vlastnos\u0165ami, ktor\u00e1 podporuje zdravie a pohyblivos\u0165 k\u013abov. MSM pom\u00e1ha zni\u017eova\u0165 boles\u0165 k\u013abov a zlep\u0161uje ich celkov\u00fa funkciu.<\/p>\n<p><strong>Chondroit\u00edn sulf\u00e1t (125 mg\/kg):<\/strong>\u00a0Podporuje zdravie k\u013abov udr\u017eiavan\u00edm \u0161truktur\u00e1lnej integrity chrupavky. Chondroit\u00edn sulf\u00e1t pom\u00e1ha zni\u017eova\u0165 boles\u0165 a z\u00e1pal v k\u013aboch.<\/p>\n<p><strong>Nukleotidy<\/strong><\/p>\n<p>Nukleotidy, ktor\u00e9 s\u00fa nevyhnutn\u00e9 pre bunkov\u00fa funkciu a obnovu, podporuj\u00fa imunitn\u00fd syst\u00e9m, celkov\u00e9 zdravie a vitalitu.<\/p>\n<p><strong>FOS (fruktooligosacharidy, 96 mg\/kg)<\/strong><\/p>\n<p>Probiotick\u00e1 vl\u00e1knina, ktor\u00e1 podporuje rast prospe\u0161n\u00fdch \u010drevn\u00fdch bakt\u00e9ri\u00ed a podporuje zdravie tr\u00e1viaceho traktu.<\/p>\n<p><strong>Mannan oligosacharidy (MOS, 24 mg\/kg)<\/strong><\/p>\n<p>\u010eal\u0161\u00ed typ probiot\u00edk, ktor\u00fd pom\u00e1ha udr\u017eiava\u0165 zdrav\u00fd \u010drevn\u00fd mikrobi\u00f3m a posil\u0148uje imunitn\u00fd syst\u00e9m.<\/p>\n<p>Ka\u017ed\u00e1 zlo\u017eka v tomto ultrapr\u00e9miovom krmive pre \u0161te\u0148at\u00e1 je starostlivo vybran\u00e1 tak, aby poskytovala vyv\u00e1\u017een\u00e9, v\u00fd\u017eivn\u00e9 a chutn\u00e9 jedlo pre \u0161te\u0148at\u00e1, \u010d\u00edm sa zais\u0165uje, \u017ee dostan\u00fa t\u00fa najlep\u0161iu mo\u017en\u00fa starostlivos\u0165 a v\u00fd\u017eivu, aby mohli prosperova\u0165.<\/p>\n<p>Vyberte si Haffun Ultra Premium Puppy Grain-Free \u2013 Losos s treskou, bielou rybou, bat\u00e1tmi a \u0161parg\u013eou a doprajte svojmu \u0161te\u0148a\u0165u vyv\u00e1\u017een\u00e9, chutn\u00e9 a v\u00fd\u017eivn\u00e9 jedlo, ktor\u00e9 podporuje jeho zdravie, rast a v\u00fdvoj, dod\u00e1va mu energiu, aby bolo pripraven\u00e9 na \u017eivot pln\u00fd dobrodru\u017estiev.<\/p>\n<p>&nbsp;<\/p>","protected":false},"excerpt":{"rendered":"<p>Doprajte svojmu \u0161teniatku ten najlep\u0161\u00ed \u0161tart do \u017eivota s Haffun Ultra Premium bezobiln\u00fdm krmivom \u2013 Losos s treskou, bielou rybou, bat\u00e1tom a \u0161parg\u013eou. Ultra pr\u00e9miov\u00e1 recept\u00fara je starostlivo vytvoren\u00e1 tak, aby sp\u013a\u0148ala jedine\u010dn\u00e9 nutri\u010dn\u00e9 potreby rast\u00facich \u0161teniatok, aby dostali v\u0161etky potrebn\u00e9 \u017eiviny pre zdrav\u00fd v\u00fdvoj a energiu. S p\u00f4sobiv\u00fdm 60% obsahom lososa, tresky a bielych r\u00fdb, poskytuje vysokokvalitn\u00e9 bielkoviny, ktor\u00e9 s\u00fa k\u013e\u00fa\u010dov\u00e9 pre rast svalov a celkov\u00e9 zdravie. Bezobiln\u00e1 recept\u00fara, obohaten\u00e1 o bat\u00e1ty a \u0161parg\u013eu, podporuje zdravie tr\u00e1viaceho traktu, starostlivos\u0165 o k\u013aby a celkov\u00fa pohodu a je z\u00e1rukou, \u017ee va\u0161e \u0161te\u0148a prosperuje od prv\u00e9ho s\u00fasta.<\/p>","protected":false},"featured_media":4340,"comment_status":"open","ping_status":"closed","template":"","meta":{"_uag_custom_page_level_css":"","_kadence_starter_templates_imported_post":false,"_kad_post_transparent":"default","_kad_post_title":"","_kad_post_layout":"default","_kad_post_sidebar_id":"","_kad_post_content_style":"default","_kad_post_vertical_padding":"default","_kad_post_feature":"","_kad_post_feature_position":"","_kad_post_header":false,"_kad_post_footer":false},"product_brand":[],"product_cat":[93,117,100],"product_tag":[],"class_list":{"0":"post-3077","1":"product","2":"type-product","3":"status-publish","4":"has-post-thumbnail","6":"product_cat-ultra-premium-dog-food","7":"product_cat-puppy-premium-food","8":"product_cat-premium-grain-free-puppy","9":"pa_size-01kg","10":"pa_size-05kg","11":"pa_size-2kg","12":"pa_size-6kg","13":"pa_size-12kg","14":"pa_size-15kg","16":"first","17":"instock","18":"taxable","19":"shipping-taxable","20":"purchasable","21":"product-type-variable","22":"entry","23":"content-bg","24":"loop-entry"},"uagb_featured_image_src":{"full":["https:\/\/www.haffun.sk\/wp-content\/uploads\/2024\/07\/Untitled-design-10.png",1080,1080,false],"thumbnail":["https:\/\/www.haffun.sk\/wp-content\/uploads\/2024\/07\/Untitled-design-10-150x150.png",150,150,true],"medium":["https:\/\/www.haffun.sk\/wp-content\/uploads\/2024\/07\/Untitled-design-10-300x300.png",300,300,true],"medium_large":["https:\/\/www.haffun.sk\/wp-content\/uploads\/2024\/07\/Untitled-design-10-768x768.png",768,768,true],"large":["https:\/\/www.haffun.sk\/wp-content\/uploads\/2024\/07\/Untitled-design-10-1024x1024.png",1024,1024,true],"1536x1536":["https:\/\/www.haffun.sk\/wp-content\/uploads\/2024\/07\/Untitled-design-10.png",1080,1080,false],"2048x2048":["https:\/\/www.haffun.sk\/wp-content\/uploads\/2024\/07\/Untitled-design-10.png",1080,1080,false],"trp-custom-language-flag":["https:\/\/www.haffun.sk\/wp-content\/uploads\/2024\/07\/Untitled-design-10-12x12.png",12,12,true],"woocommerce_thumbnail":["https:\/\/www.haffun.sk\/wp-content\/uploads\/2024\/07\/Untitled-design-10-800x800.png",800,800,true],"woocommerce_single":["https:\/\/www.haffun.sk\/wp-content\/uploads\/2024\/07\/Untitled-design-10-700x700.png",700,700,true],"woocommerce_gallery_thumbnail":["https:\/\/www.haffun.sk\/wp-content\/uploads\/2024\/07\/Untitled-design-10-100x100.png",100,100,true],"variation_swatches_image_size":["https:\/\/www.haffun.sk\/wp-content\/uploads\/2024\/07\/Untitled-design-10-50x50.png",50,50,true],"variation_swatches_tooltip_size":["https:\/\/www.haffun.sk\/wp-content\/uploads\/2024\/07\/Untitled-design-10-100x100.png",100,100,true]},"uagb_author_info":{"display_name":"Admin","author_link":"https:\/\/www.haffun.sk\/sk\/author\/"},"uagb_comment_info":3,"uagb_excerpt":"Doprajte svojmu \u0161teniatku ten najlep\u0161\u00ed \u0161tart do \u017eivota s Haffun Ultra Premium bezobiln\u00fdm krmivom \u2013 Losos s treskou, bielou rybou, bat\u00e1tom a \u0161parg\u013eou. Ultra pr\u00e9miov\u00e1 recept\u00fara je starostlivo vytvoren\u00e1 tak, aby sp\u013a\u0148ala jedine\u010dn\u00e9 nutri\u010dn\u00e9 potreby rast\u00facich \u0161teniatok, aby dostali v\u0161etky potrebn\u00e9 \u017eiviny pre zdrav\u00fd v\u00fdvoj a energiu. S p\u00f4sobiv\u00fdm 60% obsahom lososa, tresky a bielych&hellip;","_links":{"self":[{"href":"https:\/\/www.haffun.sk\/sk\/wp-json\/wp\/v2\/product\/3077","targetHints":{"allow":["GET"]}}],"collection":[{"href":"https:\/\/www.haffun.sk\/sk\/wp-json\/wp\/v2\/product"}],"about":[{"href":"https:\/\/www.haffun.sk\/sk\/wp-json\/wp\/v2\/types\/product"}],"replies":[{"embeddable":true,"href":"https:\/\/www.haffun.sk\/sk\/wp-json\/wp\/v2\/comments?post=3077"}],"wp:featuredmedia":[{"embeddable":true,"href":"https:\/\/www.haffun.sk\/sk\/wp-json\/wp\/v2\/media\/4340"}],"wp:attachment":[{"href":"https:\/\/www.haffun.sk\/sk\/wp-json\/wp\/v2\/media?parent=3077"}],"wp:term":[{"taxonomy":"product_brand","embeddable":true,"href":"https:\/\/www.haffun.sk\/sk\/wp-json\/wp\/v2\/product_brand?post=3077"},{"taxonomy":"product_cat","embeddable":true,"href":"https:\/\/www.haffun.sk\/sk\/wp-json\/wp\/v2\/product_cat?post=3077"},{"taxonomy":"product_tag","embeddable":true,"href":"https:\/\/www.haffun.sk\/sk\/wp-json\/wp\/v2\/product_tag?post=3077"}],"curies":[{"name":"wp","href":"https:\/\/api.w.org\/{rel}","templated":true}]}}