{"id":3094,"date":"2024-05-17T21:50:06","date_gmt":"2024-05-17T19:50:06","guid":{"rendered":"https:\/\/www.haffun.sk\/?post_type=product&#038;p=3094"},"modified":"2026-04-21T21:10:53","modified_gmt":"2026-04-21T19:10:53","slug":"dospely-pes-grain-free-morka-s-batatmi-a-brusnicami","status":"publish","type":"product","link":"https:\/\/www.haffun.sk\/sk\/produkt\/dospely-pes-grain-free-morka-s-batatmi-a-brusnicami\/","title":{"rendered":"Dospel\u00fd pes Grain-Free &#8211; Morka s bat\u00e1tmi a brusnicami"},"content":{"rendered":"<p>Predstavujeme Haffun Ultra Premium Grain-Free pre dospel\u00fdch psov\u2013 Morka s bat\u00e1tmi a brusnicami, dokonal\u00fa zmes v\u00fd\u017eivy a chuti pre v\u00e1\u0161ho psa. Toto zlo\u017eenie pon\u00faka vysokokvalitn\u00fa stravu bohat\u00fa na bielkoviny, ktor\u00e1 podporuje siln\u00e9 svaly a podporuje celkov\u00e9 zdravie, v\u010faka \u010domu je ide\u00e1lna pre psov v\u0161etk\u00fdch plemien.<\/p>\n<p><strong>Zlo\u017eenie:<\/strong> Mor\u010dacie m\u00e4so 50% (\u010derstvo pripraven\u00e9 mor\u010dacie m\u00e4so 28%, su\u0161en\u00e9 mor\u010dacie m\u00e4so 20%, mor\u010dac\u00ed v\u00fdvar 2%), sladk\u00e9 zemiaky (26%), hr\u00e1\u0161ok (9%), zemiaky, repn\u00e1 du\u017eina, \u013eanov\u00e9 semienka, doplnok Omega 3, miner\u00e1ly, zelenina V\u00fdvar, brusnice, fruktooligosacharidy FOS (96 mg\/kg), mannanoligosacharidy MOS (24 mg\/kg).<\/p>\n<p><strong>Analytick\u00e9 zlo\u017eky:<\/strong> Hrub\u00fd prote\u00edn 26%, hrub\u00fd tuk 11%, hrub\u00e1 vl\u00e1knina 3%, popol 8%, vlhkos\u0165 8%, NFE (bezdus\u00edkov\u00fd extrakt) 44%, energia 357 kcal\/100 g, Omega 6 2%, Omega 3 1,1% , V\u00e1pnik 1,5 %, Fosfor 1,1 %.<\/p>\n<p><strong>V\u00fd\u017eivov\u00e9 doplnky na 1 kg:<\/strong> Vitam\u00edny: Vitam\u00edn A 15 000 IU (E672), Vitam\u00edn D3 2 000 IU (E671), Vitam\u00edn E 95 IU.<\/p>\n<p><strong>Stopov\u00e9 prvky na 1 kg: <\/strong>Zinok (ako monohydr\u00e1t s\u00edranu zino\u010dnat\u00e9ho) 50 mg, \u017delezo (ako monohydr\u00e1t s\u00edranu \u017eeleznat\u00e9ho) 50 mg, Mang\u00e1n (ako monohydr\u00e1t s\u00edranu mang\u00e1nu) 35 mg, Me\u010f (ako pentahydr\u00e1t s\u00edranu me\u010fnat\u00e9ho) 15 mg, J\u00f3d (ako bezvod\u00fd jodi\u010dnan v\u00e1penat\u00fd)\u00a01\u00a0mg.<\/p>\n<h5><strong>D\u00e1vkovanie:<\/strong><\/h5>\n<p><a href=\"https:\/\/www.haffun.sk\/wp-content\/uploads\/2024\/05\/21BD55A8-1A5B-43CC-959F-BE02E2AC7DE1.png\"><img fetchpriority=\"high\" decoding=\"async\" class=\"alignnone size-medium wp-image-3343\" src=\"https:\/\/www.haffun.sk\/wp-content\/uploads\/2024\/05\/21BD55A8-1A5B-43CC-959F-BE02E2AC7DE1-300x225.png\" alt=\"\" width=\"300\" height=\"225\" srcset=\"https:\/\/www.haffun.sk\/wp-content\/uploads\/2024\/05\/21BD55A8-1A5B-43CC-959F-BE02E2AC7DE1-300x225.png 300w, https:\/\/www.haffun.sk\/wp-content\/uploads\/2024\/05\/21BD55A8-1A5B-43CC-959F-BE02E2AC7DE1-1024x768.png 1024w, https:\/\/www.haffun.sk\/wp-content\/uploads\/2024\/05\/21BD55A8-1A5B-43CC-959F-BE02E2AC7DE1-768x576.png 768w, https:\/\/www.haffun.sk\/wp-content\/uploads\/2024\/05\/21BD55A8-1A5B-43CC-959F-BE02E2AC7DE1-1536x1152.png 1536w, https:\/\/www.haffun.sk\/wp-content\/uploads\/2024\/05\/21BD55A8-1A5B-43CC-959F-BE02E2AC7DE1-16x12.png 16w, https:\/\/www.haffun.sk\/wp-content\/uploads\/2024\/05\/21BD55A8-1A5B-43CC-959F-BE02E2AC7DE1-700x525.png 700w, https:\/\/www.haffun.sk\/wp-content\/uploads\/2024\/05\/21BD55A8-1A5B-43CC-959F-BE02E2AC7DE1.png 2000w\" sizes=\"(max-width: 300px) 100vw, 300px\" \/><\/a><\/p>\n<h5><strong>K\u013e\u00fa\u010dov\u00e9 vlastnosti a benefity:<\/strong><\/h5>\n<p><strong>Zlo\u017eenie bez obiln\u00edn:<\/strong> Toto krmivo, \u0161peci\u00e1lne vyroben\u00e9 bez obiln\u00edn, je ide\u00e1lne pre psov s citlivos\u0165ou na obilniny alebo alergiami. Zameriava sa na pou\u017e\u00edvanie \u013eahko str\u00e1vite\u013en\u00fdch uh\u013eohydr\u00e1tov, ako s\u00fa bat\u00e1ty, ktor\u00e9 poskytuj\u00fa trval\u00fa energiu bez tr\u00e1viacich \u0165a\u017ekost\u00ed.<\/p>\n<p><strong>Zdrav\u00e9 tr\u00e1venie:<\/strong> Zlo\u017eenie je obohaten\u00e9 o probiotik\u00e1, ktor\u00e9 pom\u00e1haj\u00fa udr\u017eiava\u0165 zdrav\u00fa rovnov\u00e1hu \u010drevn\u00fdch bakt\u00e9ri\u00ed a zlep\u0161uj\u00fa vstreb\u00e1vanie \u017eiv\u00edn, a je navrhnut\u00e9 tak, aby podporovalo zdravie tr\u00e1viaceho traktu v\u00e1\u0161ho psa.<\/p>\n<p><strong>Podpora imunitn\u00e9ho syst\u00e9mu:<\/strong> Kombin\u00e1cia pr\u00edrodn\u00fdch zlo\u017eiek, vitam\u00ednov a miner\u00e1lov pom\u00e1ha posilni\u0165 imunitn\u00fd syst\u00e9m.<\/p>\n<p><strong>Zdrav\u00e1 ko\u017ea a srs\u0165:<\/strong> Omega mastn\u00e9 kyseliny, ktor\u00e9 sa prirodzene nach\u00e1dzaj\u00fa v mor\u010dacom tuku, spolu s pridan\u00fdmi vitam\u00ednmi zais\u0165uj\u00fa leskl\u00fa srs\u0165 a zdrav\u00fa ko\u017eu.<\/p>\n<p><strong>Bez umel\u00fdch pr\u00eddavkov:<\/strong> Na\u0161e krmiv\u00e1 s\u00fa vyroben\u00e9 z kvalitn\u00fdch ingredienci\u00ed, bez umel\u00fdch farb\u00edv, pr\u00edchut\u00ed, \u010di konzerva\u010dn\u00fdch l\u00e1tok.<\/p>\n<p><strong>Morka (50%)<\/strong><\/p>\n<p><strong>\u010cerstvo pripraven\u00e9 mor\u010dacie m\u00e4so (28%):<\/strong> Vysokokvalitn\u00fd zdroj bielkov\u00edn je vyroben\u00fd z \u010derstvo pripravenej morky. Poskytuje esenci\u00e1lne aminokyseliny potrebn\u00e9 pre udr\u017eanie svalov, rast a celkov\u00e9 zdravie.<\/p>\n<p><strong>Su\u0161en\u00e9 mor\u010dacie m\u00e4so (20%):<\/strong> Koncentrovan\u00fd prote\u00edn z moriek, ktor\u00fd bol vysu\u0161en\u00fd, aby sa odstr\u00e1nila vlhkos\u0165. Tento proces zv\u00fdraz\u0148uje chu\u0165 a zvy\u0161uje obsah bielkov\u00edn, \u010d\u00edm prispieva k nutri\u010dnej hodnote jedla.<\/p>\n<p><strong>Mor\u010dac\u00ed v\u00fdvar (2%):<\/strong> Dod\u00e1va krmivu vlhkos\u0165 a chu\u0165, v\u010faka \u010domu je pre psov chutnej\u0161ie. Poskytuje tie\u017e bielkoviny a \u017eiviny vo forme, ktor\u00e1 je \u013eahko str\u00e1vite\u013en\u00e1.<\/p>\n<h5><strong>Bat\u00e1ty (26%)<\/strong><\/h5>\n<p>Skvel\u00fd zdroj komplexn\u00fdch sacharidov, vl\u00e1kniny a betakarot\u00e9nu (ktor\u00fd sa v tele premie\u0148a na vitam\u00edn A). Sladk\u00e9 zemiaky s\u00fa vysoko str\u00e1vite\u013en\u00e9 a poskytuj\u00fa z\u00e1kladn\u00e9 vitam\u00edny ako B6 a C, ako aj miner\u00e1ly ako mang\u00e1n, ktor\u00e9 s\u00fa \u017eivotne d\u00f4le\u017eit\u00e9 pre celkov\u00e9 zdravie a energiu.<\/p>\n<h5><strong>Hrach (9%)<\/strong><\/h5>\n<p>Hr\u00e1\u0161ok je dobr\u00fdm zdrojom rastlinn\u00fdch bielkov\u00edn a vl\u00e1kniny, ktor\u00e9 prispievaj\u00fa k zdraviu svalov a pravidelnosti tr\u00e1venia. Obsahuj\u00fa tie\u017e vitam\u00edny ako K, A a nieko\u013eko vitam\u00ednov B, ako aj miner\u00e1ly ako \u017eelezo a zinok.<\/p>\n<h5><strong>Zemiaky<\/strong><\/h5>\n<p>Sl\u00fa\u017eia ako \u010fal\u0161\u00ed zdroj sacharidov. Poskytuj\u00fa tie\u017e vl\u00e1kninu, vitam\u00edny a miner\u00e1ly, vr\u00e1tane vitam\u00ednu C, vitam\u00ednu B6 a drasl\u00edka.<\/p>\n<h5><strong>Repn\u00e1 du\u017eina<\/strong><\/h5>\n<p>Zdroj rozpustnej a nerozpustnej vl\u00e1kniny, ktor\u00e1 pom\u00e1ha podporova\u0165 zdrav\u00e9 tr\u00e1venie a pravideln\u00e9 vypr\u00e1zd\u0148ovanie. Repn\u00e1 du\u017eina je prospe\u0161n\u00e1 pre svoju schopnos\u0165 napom\u00e1ha\u0165 vstreb\u00e1vaniu \u017eiv\u00edn a zlep\u0161ova\u0165 kvalitu stolice.<\/p>\n<h5><strong>\u013danov\u00e9 semienko<\/strong><\/h5>\n<p>Bohat\u00e9 na omega-3 mastn\u00e9 kyseliny, ktor\u00e9 podporuj\u00fa zdrav\u00fa ko\u017eu a srs\u0165. \u013danov\u00e9 semienka s\u00fa tie\u017e dobr\u00fdm zdrojom vl\u00e1kniny a m\u00f4\u017eu pom\u00f4c\u0165 udr\u017ea\u0165 zdravie srdca zn\u00ed\u017een\u00edm hladiny cholesterolu v krvi.<\/p>\n<h5><strong>Omega 3<\/strong><\/h5>\n<p>Obohacuje prirodzen\u00fa stravu o esenci\u00e1lne mastn\u00e9 kyseliny, ktor\u00e9 s\u00fa k\u013e\u00fa\u010dov\u00e9 pre kognit\u00edvne funkcie, zdravie k\u013abov a zmiernenie z\u00e1palov v celom tele.<\/p>\n<h5><strong>Miner\u00e1ly<\/strong><\/h5>\n<p>Komplexn\u00e1 zmes z\u00e1kladn\u00fdch miner\u00e1lov, ktor\u00e9 podporuj\u00fa metabolick\u00e9 funkcie, zdravie kost\u00ed, nervov\u00fd prenos a celkov\u00e9 zdravie buniek.<\/p>\n<h5><strong>Zeleninov\u00fd v\u00fdvar<\/strong><\/h5>\n<p>Prirodzene zv\u00fdraz\u0148uje chu\u0165, v\u010faka \u010domu je krmivo pre psov l\u00e1kavej\u0161ie a poskytuje dodato\u010dn\u00fa hydrat\u00e1ciu a \u017eiviny.<\/p>\n<h5><strong>Brusnice<\/strong><\/h5>\n<p>Zn\u00e1me priazniv\u00fdm vplyvom na mo\u010dov\u00e9 cesty, maj\u00fa tie\u017e vysok\u00fd obsah antioxidantov a vitam\u00ednov, ktor\u00e9 podporuj\u00fa imunitn\u00fa funkciu a celkov\u00e9 zdravie.<\/p>\n<h5><strong>Fruktooligosacharidy (FOS, 96 mg\/kg)<\/strong><\/h5>\n<p>Probiotick\u00e1 vl\u00e1knina, ktor\u00e1 podporuje rast prospe\u0161n\u00fdch \u010drevn\u00fdch bakt\u00e9ri\u00ed a podporuje zdravie tr\u00e1viaceho traktu.<\/p>\n<h5><strong>Mannanoligosacharidy (MOS, 24 mg\/kg) <\/strong><\/h5>\n<p>\u010eal\u0161\u00ed typ probiot\u00edk, ktor\u00fd pom\u00e1ha udr\u017eiava\u0165 zdrav\u00fd \u010drevn\u00fd mikrobi\u00f3m a posil\u0148uje imunitn\u00fd syst\u00e9m.<\/p>\n<p>Kombin\u00e1cia ingredienci\u00ed v tomto ultra pr\u00e9miovom krmive pre psov zais\u0165uje vyv\u00e1\u017een\u00fa stravu prisp\u00f4soben\u00fa na podporu zdravia, vitality a tr\u00e1venia psov, pri\u010dom uspokoj\u00ed aj t\u00fdch, ktor\u00ed maj\u00fa \u0161pecifick\u00e9 stravovacie potreby.<\/p>\n<p>Zlep\u0161ite stravu svojho psa s na\u0161im krmivom Haffun Ultra Premium Grain-Free pre dospel\u00fdch \u2013 Morka s bat\u00e1tmi a brusnicami, ktor\u00e9 je navrhnut\u00e9 tak, aby vyhovovalo chuti a nutri\u010dn\u00fdm potreb\u00e1m v\u00e1\u0161ho milovan\u00e9ho chlp\u00e1\u010da a zabezpe\u010dilo, \u017ee bude \u0161\u0165astn\u00fd, zdrav\u00fd a akt\u00edvny.<\/p>","protected":false},"excerpt":{"rendered":"<p>Doprajte svojmu psovi \u0161pi\u010dkov\u00fa v\u00fd\u017eivu s Haffun Ultra Premium Grain-Free dospel\u00fdch psov \u2013 Morka s bat\u00e1tmi a brusnicami. Toto krmivo je formulovan\u00e9 tak, aby splnilo jedine\u010dn\u00e9 stravovacie potreby dospel\u00fdch psov, obsahuje 50% mor\u010dacieho m\u00e4sa a poskytuje vysokokvalitn\u00e9 bielkoviny na podporu svalov a celkovej vitality. Ide\u00e1lne pre psov v\u0161etk\u00fdch plemien a ve\u013ekost\u00ed, toto chutn\u00e9 a vyv\u00e1\u017een\u00e9 krmivo pote\u0161\u00ed chu\u0165ov\u00e9 poh\u00e1riky v\u00e1\u0161ho \u0161tvornoh\u00e9ho priate\u013ea a je vhodn\u00e9 aj pre psov citliv\u00fdch na obilniny. Bat\u00e1ty a brusnice s\u00fa nielen chutn\u00e9, ale zvy\u0161uj\u00fa nutri\u010dn\u00fd obsah krmiva, \u010d\u00edm zabezpe\u010duj\u00fa komplexn\u00fa v\u00fd\u017eivu pre v\u00e1\u0161ho hafana.<\/p>","protected":false},"featured_media":4348,"comment_status":"open","ping_status":"closed","template":"","meta":{"_uag_custom_page_level_css":"","_kadence_starter_templates_imported_post":false,"_kad_post_transparent":"default","_kad_post_title":"","_kad_post_layout":"default","_kad_post_sidebar_id":"","_kad_post_content_style":"default","_kad_post_vertical_padding":"default","_kad_post_feature":"","_kad_post_feature_position":"","_kad_post_header":false,"_kad_post_footer":false},"product_brand":[],"product_cat":[93,116,101],"product_tag":[],"class_list":{"0":"post-3094","1":"product","2":"type-product","3":"status-publish","4":"has-post-thumbnail","6":"product_cat-ultra-premium-dog-food","7":"product_cat-ultra-premium-adult-dog-food","8":"product_cat-ultra-premium-dog-food-grain-free-adult","9":"pa_size-01kg","10":"pa_size-05kg","11":"pa_size-2kg","12":"pa_size-6kg","13":"pa_size-12kg","14":"pa_size-15kg","16":"first","17":"outofstock","18":"taxable","19":"shipping-taxable","20":"purchasable","21":"product-type-variable","22":"entry","23":"content-bg","24":"loop-entry"},"uagb_featured_image_src":{"full":["https:\/\/www.haffun.sk\/wp-content\/uploads\/2024\/07\/Untitled-design-2-1.png",1080,1080,false],"thumbnail":["https:\/\/www.haffun.sk\/wp-content\/uploads\/2024\/07\/Untitled-design-2-1-150x150.png",150,150,true],"medium":["https:\/\/www.haffun.sk\/wp-content\/uploads\/2024\/07\/Untitled-design-2-1-300x300.png",300,300,true],"medium_large":["https:\/\/www.haffun.sk\/wp-content\/uploads\/2024\/07\/Untitled-design-2-1-768x768.png",768,768,true],"large":["https:\/\/www.haffun.sk\/wp-content\/uploads\/2024\/07\/Untitled-design-2-1-1024x1024.png",1024,1024,true],"1536x1536":["https:\/\/www.haffun.sk\/wp-content\/uploads\/2024\/07\/Untitled-design-2-1.png",1080,1080,false],"2048x2048":["https:\/\/www.haffun.sk\/wp-content\/uploads\/2024\/07\/Untitled-design-2-1.png",1080,1080,false],"trp-custom-language-flag":["https:\/\/www.haffun.sk\/wp-content\/uploads\/2024\/07\/Untitled-design-2-1-12x12.png",12,12,true],"woocommerce_thumbnail":["https:\/\/www.haffun.sk\/wp-content\/uploads\/2024\/07\/Untitled-design-2-1-800x800.png",800,800,true],"woocommerce_single":["https:\/\/www.haffun.sk\/wp-content\/uploads\/2024\/07\/Untitled-design-2-1-700x700.png",700,700,true],"woocommerce_gallery_thumbnail":["https:\/\/www.haffun.sk\/wp-content\/uploads\/2024\/07\/Untitled-design-2-1-100x100.png",100,100,true],"variation_swatches_image_size":["https:\/\/www.haffun.sk\/wp-content\/uploads\/2024\/07\/Untitled-design-2-1-50x50.png",50,50,true],"variation_swatches_tooltip_size":["https:\/\/www.haffun.sk\/wp-content\/uploads\/2024\/07\/Untitled-design-2-1-100x100.png",100,100,true]},"uagb_author_info":{"display_name":"Admin","author_link":"https:\/\/www.haffun.sk\/sk\/author\/"},"uagb_comment_info":4,"uagb_excerpt":"Doprajte svojmu psovi \u0161pi\u010dkov\u00fa v\u00fd\u017eivu s Haffun Ultra Premium Grain-Free dospel\u00fdch psov \u2013 Morka s bat\u00e1tmi a brusnicami. Toto krmivo je formulovan\u00e9 tak, aby splnilo jedine\u010dn\u00e9 stravovacie potreby dospel\u00fdch psov, obsahuje 50% mor\u010dacieho m\u00e4sa a poskytuje vysokokvalitn\u00e9 bielkoviny na podporu svalov a celkovej vitality. Ide\u00e1lne pre psov v\u0161etk\u00fdch plemien a ve\u013ekost\u00ed, toto chutn\u00e9 a vyv\u00e1\u017een\u00e9&hellip;","_links":{"self":[{"href":"https:\/\/www.haffun.sk\/sk\/wp-json\/wp\/v2\/product\/3094","targetHints":{"allow":["GET"]}}],"collection":[{"href":"https:\/\/www.haffun.sk\/sk\/wp-json\/wp\/v2\/product"}],"about":[{"href":"https:\/\/www.haffun.sk\/sk\/wp-json\/wp\/v2\/types\/product"}],"replies":[{"embeddable":true,"href":"https:\/\/www.haffun.sk\/sk\/wp-json\/wp\/v2\/comments?post=3094"}],"wp:featuredmedia":[{"embeddable":true,"href":"https:\/\/www.haffun.sk\/sk\/wp-json\/wp\/v2\/media\/4348"}],"wp:attachment":[{"href":"https:\/\/www.haffun.sk\/sk\/wp-json\/wp\/v2\/media?parent=3094"}],"wp:term":[{"taxonomy":"product_brand","embeddable":true,"href":"https:\/\/www.haffun.sk\/sk\/wp-json\/wp\/v2\/product_brand?post=3094"},{"taxonomy":"product_cat","embeddable":true,"href":"https:\/\/www.haffun.sk\/sk\/wp-json\/wp\/v2\/product_cat?post=3094"},{"taxonomy":"product_tag","embeddable":true,"href":"https:\/\/www.haffun.sk\/sk\/wp-json\/wp\/v2\/product_tag?post=3094"}],"curies":[{"name":"wp","href":"https:\/\/api.w.org\/{rel}","templated":true}]}}