{"id":3505,"date":"2024-06-18T20:48:59","date_gmt":"2024-06-18T18:48:59","guid":{"rendered":"https:\/\/www.haffun.sk\/?post_type=product&#038;p=3505"},"modified":"2026-04-21T21:10:49","modified_gmt":"2026-04-21T19:10:49","slug":"pamlsky-upokojenie","status":"publish","type":"product","link":"https:\/\/www.haffun.sk\/sk\/produkt\/pamlsky-upokojenie\/","title":{"rendered":"Pamlsky &#8211; Upokojenie"},"content":{"rendered":"<p>Poskytnite svojim psom upokojuj\u00facu starostlivos\u0165 s Haffun Ultra Premium Functional Treats \u2013 Calming. Tieto ma\u0161krty boli formulovan\u00e9 a vyroben\u00e9 tak, aby pom\u00e1hali zmier\u0148ova\u0165 stres a \u00fazkos\u0165 a s\u00fa\u010dasne podporovali celkov\u00fa pohodu.<\/p>\n<h5>K\u013e\u00fa\u010dov\u00e9 vlastnosti<\/h5>\n<h5>Levandu\u013ea:<\/h5>\n<p>Zlep\u0161uje \u010duchov\u00fa stimul\u00e1ciu a podporuje celkov\u00fd relax.<\/p>\n<h5>Harman\u010dek:<\/h5>\n<p>Prirodzene uk\u013eud\u0148uje a uvo\u013enuje zvierat\u00e1 a upokojuje podr\u00e1\u017eden\u00fd \u017eal\u00fadok.<\/p>\n<h5>Pridan\u00e9 probiotik\u00e1:<\/h5>\n<p>Pom\u00e1haj\u00fa stabilizova\u0165 a stimulova\u0165 rast prospe\u0161nej \u010drevnej fl\u00f3ry, \u010d\u00edm sa podporuje zdravie tr\u00e1viaceho traktu.<\/p>\n<h5>Zlo\u017eenie bez obiln\u00edn (Grain-Free):<\/h5>\n<p>Formulovan\u00e9 bez pridan\u00fdch obiln\u00edn, aby sa zabr\u00e1nilo podr\u00e1\u017edeniu poko\u017eky, alebo probl\u00e9mom s tr\u00e1ven\u00edm, ide\u00e1lne pre dom\u00e1ce zvierat\u00e1 s citlivos\u0165ou na obilniny.<\/p>\n<h5>Nukleotidy<\/h5>\n<p>Nevyhnutn\u00e9 pre regener\u00e1ciu buniek, podporu celkov\u00e9ho zdravia a pohody.<\/p>\n<h5>Vitam\u00edny a miner\u00e1ly:<\/h5>\n<p>S\u00fa zdrojom \u017eiv\u00edn pre celkov\u00e9 zdravie dom\u00e1cich mazn\u00e1\u010dikov.<\/p>\n<h5>Bez pridan\u00fdch umel\u00fdch farb\u00edv alebo konzerva\u010dn\u00fdch l\u00e1tok:<\/h5>\n<p>Zabezpe\u010duje prirodzen\u00fa a zdrav\u00fa poch\u00fa\u0165ku pre va\u0161ich mil\u00e1\u010dikov.<\/p>\n<h5>Zlo\u017eenie:<\/h5>\n<p>\u010cerstvo pripraven\u00e1 ka\u010dka 40%, \u010derstvo pripraven\u00e9 kura 24%, sladk\u00e9 zemiaky 13%, zemiaky, hrach, rastlinn\u00e9 bielkoviny, miner\u00e1lne l\u00e1tky, kuracia \u0161\u0165ava 1%, nukleotidy 1%, celul\u00f3za, doplnok Omega 3, fruktooligosacharidy (FOS), beta-gluk\u00e1ny, mananoligosacharidy (MOS), harman\u010dek (50 mg\/kg), levandu\u013ea (50 mg\/kg).<\/p>\n<h5>Analytick\u00e9 zlo\u017eky:<\/h5>\n<p>Hrub\u00fd prote\u00edn: 25 %,\u00a0 Hrub\u00fd tuk: 16 %, Hrub\u00e1 vl\u00e1knina: 4,5 %, Popol: 7,5 %, Vlhkos\u0165: 8 %, Bezdus\u00edkov\u00fd extrakt (NFE): 39 %, Metabolizovate\u013en\u00e1 energia (ME): 371 kcal\/100 g , Omega 6 mastn\u00e9 kyseliny: 2 %, Omega 3 mastn\u00e9 kyseliny: 0,5 %<\/p>\n<h5>V\u00fd\u017eivov\u00e9 doplnky na 1 kg:<\/h5>\n<p>Vitam\u00edny: Vitam\u00edn A 15 000 IU, Vitam\u00edn D3 2 000 IU, Vitam\u00edn E 95 IU<\/p>\n<h5>Stopov\u00e9 prvky:<\/h5>\n<p>Zinok (monohydr\u00e1t s\u00edranu zino\u010dnat\u00e9ho) 85 mg, \u017delezo (monohydr\u00e1t s\u00edranu \u017eeleznat\u00e9ho) 50 mg, Mang\u00e1n (monohydr\u00e1t s\u00edranu manganat\u00e9ho) 35 mg, Me\u010f (pentahydr\u00e1t s\u00edranu me\u010fnat\u00e9ho) 15 mg, J\u00f3d (bezvod\u00fd jodi\u010dnan v\u00e1penat\u00fd) 1,7 mg, Sel\u00e9n (seleni\u010ditan sodn\u00fd) 0,3 mg<\/p>\n<h5>Stabiliz\u00e1tory \u010drevnej fl\u00f3ry:<\/h5>\n<p>Enterococcus faecium DSM 10663\/NCIMB 10415 1,000,000,000 cfu<\/p>\n<p>Doprajte svojim \u0161tvornoh\u00fdm priate\u013eom funk\u010dn\u00e9 pamlskyy Haffun Ultra Premium \u2013 Calming. Na\u0161e ma\u0161krty s\u00fa vyroben\u00e9 s maxim\u00e1lnym d\u00f4razom na kvalitu, v\u010faka \u010domu s\u00fa vynikaj\u00facim doplnkom stravy v\u00e1\u0161ho dom\u00e1ceho mazn\u00e1\u010dika.<\/p>","protected":false},"excerpt":{"rendered":"<p>Funk\u010dn\u00e9 pamlsky Haffun Ultra Premium \u2013 Calming s\u00fa ide\u00e1lne pre psov v\u0161etk\u00fdch \u017eivotn\u00fdch \u0161t\u00e1di\u00ed. Tieto poch\u00fa\u0165ky s\u00fa \u0161peci\u00e1lne navrhnut\u00e9 na zn\u00ed\u017eenie stresu a \u00fazkosti s pridanou levandu\u013eou a harman\u010dekom, ktor\u00e9 prirodzene upokojuj\u00fa a uvo\u013e\u0148uj\u00fa v\u00e1\u0161ho \u0161tvornoh\u00e9ho priate\u013ea. S\u00fa vylep\u0161en\u00e9 o probiotik\u00e1 pre zdrav\u00e9 tr\u00e1venie a bez obiln\u00edn, umel\u00fdch farb\u00edv a konzerva\u010dn\u00fdch l\u00e1tok. Vyroben\u00e9 z \u010derstvo pripraven\u00e9ho ka\u010dacieho a kuracieho m\u00e4sa, poskytuj\u00fa z\u00e1kladn\u00e9 \u017eiviny na podporu celkov\u00e9ho zdravia a pohody. Doprajte svojmu mil\u00e1\u010dikovi pokojn\u00fd a \u0161\u0165astn\u00fd \u017eivot s poch\u00fa\u0165kami Haffun Ultra Premium.<\/p>","protected":false},"featured_media":3506,"comment_status":"open","ping_status":"closed","template":"","meta":{"_uag_custom_page_level_css":"","_kadence_starter_templates_imported_post":false,"_kad_post_transparent":"default","_kad_post_title":"","_kad_post_layout":"default","_kad_post_sidebar_id":"","_kad_post_content_style":"default","_kad_post_vertical_padding":"default","_kad_post_feature":"","_kad_post_feature_position":"","_kad_post_header":false,"_kad_post_footer":false},"product_brand":[],"product_cat":[121,93],"product_tag":[],"class_list":{"0":"post-3505","1":"product","2":"type-product","3":"status-publish","4":"has-post-thumbnail","6":"product_cat-ultra-premium-treats","7":"product_cat-ultra-premium-dog-food","9":"first","10":"instock","11":"taxable","12":"shipping-taxable","13":"purchasable","14":"product-type-simple","15":"entry","16":"content-bg","17":"loop-entry"},"uagb_featured_image_src":{"full":["https:\/\/www.haffun.sk\/wp-content\/uploads\/2024\/06\/calming-scaled.jpg",1861,2560,false],"thumbnail":["https:\/\/www.haffun.sk\/wp-content\/uploads\/2024\/06\/calming-150x150.jpg",150,150,true],"medium":["https:\/\/www.haffun.sk\/wp-content\/uploads\/2024\/06\/calming-218x300.jpg",218,300,true],"medium_large":["https:\/\/www.haffun.sk\/wp-content\/uploads\/2024\/06\/calming-768x1057.jpg",768,1057,true],"large":["https:\/\/www.haffun.sk\/wp-content\/uploads\/2024\/06\/calming-744x1024.jpg",744,1024,true],"1536x1536":["https:\/\/www.haffun.sk\/wp-content\/uploads\/2024\/06\/calming-1116x1536.jpg",1116,1536,true],"2048x2048":["https:\/\/www.haffun.sk\/wp-content\/uploads\/2024\/06\/calming-1489x2048.jpg",1489,2048,true],"trp-custom-language-flag":["https:\/\/www.haffun.sk\/wp-content\/uploads\/2024\/06\/calming-9x12.jpg",9,12,true],"woocommerce_thumbnail":["https:\/\/www.haffun.sk\/wp-content\/uploads\/2024\/06\/calming-800x800.jpg",800,800,true],"woocommerce_single":["https:\/\/www.haffun.sk\/wp-content\/uploads\/2024\/06\/calming-700x963.jpg",700,963,true],"woocommerce_gallery_thumbnail":["https:\/\/www.haffun.sk\/wp-content\/uploads\/2024\/06\/calming-100x100.jpg",100,100,true],"variation_swatches_image_size":["https:\/\/www.haffun.sk\/wp-content\/uploads\/2024\/06\/calming-50x50.jpg",50,50,true],"variation_swatches_tooltip_size":["https:\/\/www.haffun.sk\/wp-content\/uploads\/2024\/06\/calming-100x100.jpg",100,100,true]},"uagb_author_info":{"display_name":"Admin","author_link":"https:\/\/www.haffun.sk\/sk\/author\/"},"uagb_comment_info":2,"uagb_excerpt":"Funk\u010dn\u00e9 pamlsky Haffun Ultra Premium \u2013 Calming s\u00fa ide\u00e1lne pre psov v\u0161etk\u00fdch \u017eivotn\u00fdch \u0161t\u00e1di\u00ed. Tieto poch\u00fa\u0165ky s\u00fa \u0161peci\u00e1lne navrhnut\u00e9 na zn\u00ed\u017eenie stresu a \u00fazkosti s pridanou levandu\u013eou a harman\u010dekom, ktor\u00e9 prirodzene upokojuj\u00fa a uvo\u013e\u0148uj\u00fa v\u00e1\u0161ho \u0161tvornoh\u00e9ho priate\u013ea. S\u00fa vylep\u0161en\u00e9 o probiotik\u00e1 pre zdrav\u00e9 tr\u00e1venie a bez obiln\u00edn, umel\u00fdch farb\u00edv a konzerva\u010dn\u00fdch l\u00e1tok. Vyroben\u00e9 z \u010derstvo&hellip;","_links":{"self":[{"href":"https:\/\/www.haffun.sk\/sk\/wp-json\/wp\/v2\/product\/3505","targetHints":{"allow":["GET"]}}],"collection":[{"href":"https:\/\/www.haffun.sk\/sk\/wp-json\/wp\/v2\/product"}],"about":[{"href":"https:\/\/www.haffun.sk\/sk\/wp-json\/wp\/v2\/types\/product"}],"replies":[{"embeddable":true,"href":"https:\/\/www.haffun.sk\/sk\/wp-json\/wp\/v2\/comments?post=3505"}],"wp:featuredmedia":[{"embeddable":true,"href":"https:\/\/www.haffun.sk\/sk\/wp-json\/wp\/v2\/media\/3506"}],"wp:attachment":[{"href":"https:\/\/www.haffun.sk\/sk\/wp-json\/wp\/v2\/media?parent=3505"}],"wp:term":[{"taxonomy":"product_brand","embeddable":true,"href":"https:\/\/www.haffun.sk\/sk\/wp-json\/wp\/v2\/product_brand?post=3505"},{"taxonomy":"product_cat","embeddable":true,"href":"https:\/\/www.haffun.sk\/sk\/wp-json\/wp\/v2\/product_cat?post=3505"},{"taxonomy":"product_tag","embeddable":true,"href":"https:\/\/www.haffun.sk\/sk\/wp-json\/wp\/v2\/product_tag?post=3505"}],"curies":[{"name":"wp","href":"https:\/\/api.w.org\/{rel}","templated":true}]}}