{"id":3511,"date":"2024-06-18T21:00:22","date_gmt":"2024-06-18T19:00:22","guid":{"rendered":"https:\/\/www.haffun.sk\/?post_type=product&#038;p=3511"},"modified":"2026-04-26T21:22:17","modified_gmt":"2026-04-26T19:22:17","slug":"pamlsky-imunita","status":"publish","type":"product","link":"https:\/\/www.haffun.sk\/sk\/produkt\/pamlsky-imunita\/","title":{"rendered":"Pamlsky &#8211; Imunita"},"content":{"rendered":"<div class=\"flex-shrink-0 flex flex-col relative items-end\">\n<div class=\"pt-0.5 juice:pt-0\">\n<div class=\"gizmo-bot-avatar flex h-6 w-6 items-center justify-center overflow-hidden rounded-full juice:h-8 juice:w-8\">\n<div class=\"relative p-1 rounded-sm flex items-center justify-center bg-token-main-surface-primary text-token-text-primary h-8 w-8\">\n<div class=\"flex-shrink-0 flex flex-col relative items-end\">\n<div>\n<div class=\"pt-0.5 juice:pt-0\">\n<div class=\"gizmo-bot-avatar flex h-6 w-6 items-center justify-center overflow-hidden rounded-full juice:h-8 juice:w-8\">\n<ol>\n<li class=\"relative p-1 rounded-sm flex items-center justify-center bg-token-main-surface-primary text-token-text-primary h-8 w-8\">Posilnite imunitu svojich dom\u00e1cich mil\u00e1\u010dikov pomocou Haffun Ultra Premium Functional Treats \u2013 Immune. Tieto poch\u00fa\u0165ky podporuj\u00fa imunitn\u00fd syst\u00e9m a celkov\u00fa pohodu psov a ma\u010diek. Zahrnut\u00edm vysokokvalitn\u00fdch ingredienci\u00ed a z\u00e1kladn\u00fdch \u017eiv\u00edn tieto poch\u00fa\u0165ky zais\u0165uj\u00fa, \u017ee va\u0161e dom\u00e1ce zvierat\u00e1 dostan\u00fa t\u00fa najlep\u0161iu mo\u017en\u00fa starostlivos\u0165. Okrem toho, imunitu posil\u0148uj\u00face vlastnosti t\u00fdchto pamlskov pom\u00e1haj\u00fa chr\u00e1ni\u0165 va\u0161e dom\u00e1ce zvierat\u00e1 pred chorobami, \u010do im umo\u017e\u0148uje vies\u0165 zdrav\u0161\u00ed a \u0161\u0165astnej\u0161\u00ed \u017eivot.<\/li>\n<\/ol>\n<\/div>\n<\/div>\n<\/div>\n<\/div>\n<h5><strong>Benefity:<\/strong><\/h5>\n<p><strong>Pridan\u00e9 beta gluk\u00e1ny:<\/strong><\/p>\n<p>Stimuluje prirodzen\u00fa imunitn\u00fa odpove\u010f a pom\u00e1haj\u00fa pri imunitnej obrane.<\/p>\n<p><strong>Pridan\u00e9 MOS a FOS:<\/strong><\/p>\n<p>Prebiotick\u00e9 \u00fa\u010dinky podporuj\u00fa rast zdrav\u00fdch bakt\u00e9ri\u00ed a zlep\u0161uj\u00fa vstreb\u00e1vanie \u017eiv\u00edn.<\/p>\n<p><strong>Bohat\u00e9 na prote\u00edn:<\/strong><\/p>\n<p>Podporuje ka\u017edodenn\u00fd rast tkan\u00edv a buniek vr\u00e1tane imunitn\u00e9ho syst\u00e9mu.<\/p>\n<p><strong>Pridan\u00e9 Omega 3:<\/strong><\/p>\n<p>Poskytuje EPA &amp; DHA, ktor\u00e9 podporuj\u00fa kognit\u00edvne funkcie.<\/p>\n<p><strong>Nukleotidy<\/strong><\/p>\n<p>Nevyhnutn\u00e9 pre regener\u00e1ciu buniek, podporu celkov\u00e9ho zdravia a pohody.<\/p>\n<p><strong>Pridan\u00e9 vitam\u00edny a miner\u00e1ly:<\/strong><\/p>\n<p>Zabezpe\u010duje, aby dom\u00e1ce zvierat\u00e1 dost\u00e1vali z\u00e1kladn\u00e9 \u017eiviny pre celkov\u00e9 zdravie.<\/p>\n<p><strong>Bez pridan\u00fdch umel\u00fdch farb\u00edv alebo konzerva\u010dn\u00fdch l\u00e1tok:<\/strong><\/p>\n<p>Pr\u00edrodn\u00e1 a zdrav\u00e1 poch\u00fa\u0165ka pre va\u0161ich mil\u00e1\u010dikov.<\/p>\n<p><strong>Zlo\u017eenie bez obiln\u00edn (Grain-Free):<\/strong><\/p>\n<p>Ide\u00e1lne pre dom\u00e1ce zvierat\u00e1 s citlivos\u0165ou na obilie.<\/p>\n<p><strong>Zlo\u017eenie:<\/strong><\/p>\n<p>\u010cerstvo pripraven\u00e1 ka\u010dka 40%, \u010derstvo pripraven\u00e9 kura 24%, sladk\u00e9 zemiaky 13%, zemiaky, hr\u00e1\u0161ok, rastlinn\u00e9 bielkoviny, miner\u00e1lne l\u00e1tky, kuracia \u0161\u0165ava 1%, nukleotidy 1%, celul\u00f3za, doplnok Omega 3, fruktooligosacharidy (FOS 4807 mg\/kg), betagluk\u00e1ny (3223 mg\/kg), mananoligosacharidy (MOS 1201 mg\/kg), harman\u010dek, levandu\u013ea.<\/p>\n<p><strong>Analytick\u00e9 zlo\u017eky:<\/strong><\/p>\n<p>Hrub\u00fd prote\u00edn 25%, hrub\u00fd tuk 16%, hrub\u00e1 vl\u00e1knina 4,5%, popol 7,5%, vlhkos\u0165 8%, bezdus\u00edkov\u00fd extrakt (NFE) 39%, metabolizovate\u013en\u00e1 energia (ME) 371 kcal\/100g, omega 6 mastn\u00e9 kyseliny 2% , Omega 3 mastn\u00e9 kyseliny 0,5%.<\/p>\n<p><strong>V\u00fd\u017eivov\u00e9 doplnky na 1kg:<\/strong><\/p>\n<p>Vitam\u00edny: Vitam\u00edn A 15 000 IU, Vitam\u00edn D3 2 000 IU, Vitam\u00edn E 95 IU<\/p>\n<h5>Stopov\u00e9 prvky:<\/h5>\n<p>Zinok (monohydr\u00e1t s\u00edranu zino\u010dnat\u00e9ho) 85 mg, \u017delezo (monohydr\u00e1t s\u00edranu \u017eeleznat\u00e9ho) 50 mg, Mang\u00e1n (monohydr\u00e1t s\u00edranu manganat\u00e9ho) 35 mg, Me\u010f (pentahydr\u00e1t s\u00edranu me\u010fnat\u00e9ho) 15 mg, J\u00f3d (bezvod\u00fd jodi\u010dnan v\u00e1penat\u00fd) 1,7 mg, Sel\u00e9n (seleni\u010ditan sodn\u00fd) 0,3 mg,<\/p>\n<h5>Stabiliz\u00e1tory \u010drevnej fl\u00f3ry:<\/h5>\n<p>Enterococcus faecium DSM 10663\/NCIMB 10415 1 000 000 000 cfu.<\/p>\n<p>Funk\u010dn\u00e9 pamlsky Haffun Ultra Premium \u2013 Immune poskytuj\u00fa v\u00fd\u017eivn\u00fd sp\u00f4sob, ako podpori\u0165 imunitn\u00fd syst\u00e9m v\u00e1\u0161ho dom\u00e1ceho mazn\u00e1\u010dika a zabezpe\u010di\u0165, aby zostal zdrav\u00fd a \u0161\u0165astn\u00fd. Doprajte svojim mil\u00e1\u010dikom Haffun Ultra Premium &#8211; t\u00fa najlep\u0161iu starostlivos\u0165.<\/p>\n<\/div>\n<\/div>\n<\/div>\n<\/div>","protected":false},"excerpt":{"rendered":"<p>Funk\u010dn\u00e9 pamlsky Haffun Ultra Premium \u2013 Immune s\u00fa navrhnut\u00e9 tak, aby posilnili imunitn\u00fd syst\u00e9m a celkov\u00fa pohodu v\u00e1\u0161ho dom\u00e1ceho mil\u00e1\u010dika. Tieto poch\u00fa\u0165ky s\u00fa vhodn\u00e9 pre psov a ma\u010dky vo v\u0161etk\u00fdch \u0161t\u00e1di\u00e1ch \u017eivota, obsahuj\u00fa pridan\u00e9 beta gluk\u00e1ny na stimul\u00e1ciu imunitnej odpovede, MOS a FOS pre zdrav\u00e9 tr\u00e1venie, Omega 3 pre podporu kognit\u00edvnych funkci\u00ed a z\u00e1kladn\u00e9 vitam\u00edny a miner\u00e1ly. Tieto poch\u00fa\u0165ky bez obiln\u00edn, vyroben\u00e9 zo 40 % \u010derstvo pripraven\u00e9ho ka\u010dacieho a 24 % \u010derstvo pripraven\u00e9ho kuracieho m\u00e4sa, s\u00fa zdravou a prirodzenou vo\u013ebou pre v\u00e1\u0161ho chlp\u00e1\u010da. Udr\u017eujte svojich chlpat\u00fdch priate\u013eov zdrav\u00fdch a \u0161\u0165astn\u00fdch s Haffun Ultra Premium.<\/p>","protected":false},"featured_media":3508,"comment_status":"open","ping_status":"closed","template":"","meta":{"_uag_custom_page_level_css":"","_kadence_starter_templates_imported_post":false,"_kad_post_transparent":"default","_kad_post_title":"","_kad_post_layout":"default","_kad_post_sidebar_id":"","_kad_post_content_style":"default","_kad_post_vertical_padding":"default","_kad_post_feature":"","_kad_post_feature_position":"","_kad_post_header":false,"_kad_post_footer":false},"product_brand":[],"product_cat":[121,93],"product_tag":[],"class_list":{"0":"post-3511","1":"product","2":"type-product","3":"status-publish","4":"has-post-thumbnail","6":"product_cat-ultra-premium-treats","7":"product_cat-ultra-premium-dog-food","9":"first","10":"outofstock","11":"taxable","12":"shipping-taxable","13":"purchasable","14":"product-type-simple","15":"entry","16":"content-bg","17":"loop-entry"},"uagb_featured_image_src":{"full":["https:\/\/www.haffun.sk\/wp-content\/uploads\/2024\/06\/immune-scaled.jpg",1861,2560,false],"thumbnail":["https:\/\/www.haffun.sk\/wp-content\/uploads\/2024\/06\/immune-150x150.jpg",150,150,true],"medium":["https:\/\/www.haffun.sk\/wp-content\/uploads\/2024\/06\/immune-218x300.jpg",218,300,true],"medium_large":["https:\/\/www.haffun.sk\/wp-content\/uploads\/2024\/06\/immune-768x1057.jpg",768,1057,true],"large":["https:\/\/www.haffun.sk\/wp-content\/uploads\/2024\/06\/immune-744x1024.jpg",744,1024,true],"1536x1536":["https:\/\/www.haffun.sk\/wp-content\/uploads\/2024\/06\/immune-1116x1536.jpg",1116,1536,true],"2048x2048":["https:\/\/www.haffun.sk\/wp-content\/uploads\/2024\/06\/immune-1489x2048.jpg",1489,2048,true],"trp-custom-language-flag":["https:\/\/www.haffun.sk\/wp-content\/uploads\/2024\/06\/immune-9x12.jpg",9,12,true],"woocommerce_thumbnail":["https:\/\/www.haffun.sk\/wp-content\/uploads\/2024\/06\/immune-800x800.jpg",800,800,true],"woocommerce_single":["https:\/\/www.haffun.sk\/wp-content\/uploads\/2024\/06\/immune-700x963.jpg",700,963,true],"woocommerce_gallery_thumbnail":["https:\/\/www.haffun.sk\/wp-content\/uploads\/2024\/06\/immune-100x100.jpg",100,100,true],"variation_swatches_image_size":["https:\/\/www.haffun.sk\/wp-content\/uploads\/2024\/06\/immune-50x50.jpg",50,50,true],"variation_swatches_tooltip_size":["https:\/\/www.haffun.sk\/wp-content\/uploads\/2024\/06\/immune-100x100.jpg",100,100,true]},"uagb_author_info":{"display_name":"Admin","author_link":"https:\/\/www.haffun.sk\/sk\/author\/"},"uagb_comment_info":4,"uagb_excerpt":"Funk\u010dn\u00e9 pamlsky Haffun Ultra Premium \u2013 Immune s\u00fa navrhnut\u00e9 tak, aby posilnili imunitn\u00fd syst\u00e9m a celkov\u00fa pohodu v\u00e1\u0161ho dom\u00e1ceho mil\u00e1\u010dika. Tieto poch\u00fa\u0165ky s\u00fa vhodn\u00e9 pre psov a ma\u010dky vo v\u0161etk\u00fdch \u0161t\u00e1di\u00e1ch \u017eivota, obsahuj\u00fa pridan\u00e9 beta gluk\u00e1ny na stimul\u00e1ciu imunitnej odpovede, MOS a FOS pre zdrav\u00e9 tr\u00e1venie, Omega 3 pre podporu kognit\u00edvnych funkci\u00ed a z\u00e1kladn\u00e9 vitam\u00edny&hellip;","_links":{"self":[{"href":"https:\/\/www.haffun.sk\/sk\/wp-json\/wp\/v2\/product\/3511","targetHints":{"allow":["GET"]}}],"collection":[{"href":"https:\/\/www.haffun.sk\/sk\/wp-json\/wp\/v2\/product"}],"about":[{"href":"https:\/\/www.haffun.sk\/sk\/wp-json\/wp\/v2\/types\/product"}],"replies":[{"embeddable":true,"href":"https:\/\/www.haffun.sk\/sk\/wp-json\/wp\/v2\/comments?post=3511"}],"wp:featuredmedia":[{"embeddable":true,"href":"https:\/\/www.haffun.sk\/sk\/wp-json\/wp\/v2\/media\/3508"}],"wp:attachment":[{"href":"https:\/\/www.haffun.sk\/sk\/wp-json\/wp\/v2\/media?parent=3511"}],"wp:term":[{"taxonomy":"product_brand","embeddable":true,"href":"https:\/\/www.haffun.sk\/sk\/wp-json\/wp\/v2\/product_brand?post=3511"},{"taxonomy":"product_cat","embeddable":true,"href":"https:\/\/www.haffun.sk\/sk\/wp-json\/wp\/v2\/product_cat?post=3511"},{"taxonomy":"product_tag","embeddable":true,"href":"https:\/\/www.haffun.sk\/sk\/wp-json\/wp\/v2\/product_tag?post=3511"}],"curies":[{"name":"wp","href":"https:\/\/api.w.org\/{rel}","templated":true}]}}