{"id":3599,"date":"2024-07-12T12:04:36","date_gmt":"2024-07-12T10:04:36","guid":{"rendered":"https:\/\/www.haffun.sk\/?post_type=product&#038;p=3599"},"modified":"2026-04-11T11:27:28","modified_gmt":"2026-04-11T09:27:28","slug":"dospely-pes-grain-free-divina-s-batatmi-a-morusou","status":"publish","type":"product","link":"https:\/\/www.haffun.sk\/sk\/produkt\/dospely-pes-grain-free-divina-s-batatmi-a-morusou\/","title":{"rendered":"Dospel\u00fd pes Grain-Free &#8211; Divina s bat\u00e1tmi a moru\u0161ou"},"content":{"rendered":"<p>Ultra pr\u00e9miov\u00e1 v\u00fd\u017eiva, pre v\u00e1\u0161ho \u0161tvornoh\u00e9ho priate\u013ea &#8211; Haffun Ultra Premium Grain-Free pre dospel\u00fdch \u2013 Divina s bat\u00e1tmi a moru\u0161ou. T\u00e1to recept\u00fara \u200b\u200bbez obiln\u00edn je \u0161peci\u00e1lne navrhnut\u00e1 tak, aby vyhovovala potreb\u00e1m dospel\u00fdch psov, obsahuje divinu a lososa ako prim\u00e1rne zdroje bielkov\u00edn, ktor\u00e9 poskytuj\u00fa z\u00e1kladn\u00e9 \u017eiviny pre trval\u00fa energiu a celkov\u00e9 zdravie.<\/p>\n<h4>Zlo\u017eenie:<\/h4>\n<p>Divina a losos 50 % (26 % \u010derstvo pripraven\u00e1 divina, 19 % su\u0161en\u00fd losos, 2,5 % lososov\u00fd olej, 2,5 % lososov\u00fd v\u00fdvar), bat\u00e1ty (27 %), zemiaky, hr\u00e1\u0161ok (6 %), doplnok Omega 3, \u013eanov\u00e9 semienko, repa du\u017eina, miner\u00e1lne l\u00e1tky, moru\u0161a (0,2 %), fruktooligosacharidy (FOS, 96 mg\/kg), mananoligosacharidy (MOS, 24 mg\/kg).<\/p>\n<h4>Analytick\u00e9 zlo\u017eky:<\/h4>\n<p>Hrub\u00fd prote\u00edn 25%, Hrub\u00fd tuk 13%, Hrub\u00e1 vl\u00e1knina 3%, Popol 8,5%, Vlhkos\u0165 8%, NFE (bezdus\u00edkov\u00fd extrakt) 42,5%, Metabolizovate\u013en\u00e1 energia (ME) 364 kcal\/100g, Omega 6 mastn\u00e9 kyseliny 0,8% , Omega 3 mastn\u00e9 kyseliny 2,2 %, V\u00e1pnik 1,6 %, Fosfor 0,8 %.<\/p>\n<h5>V\u00fd\u017eivov\u00e9 doplnky na 1kg:<\/h5>\n<p><strong>Vitam\u00edny:<\/strong> Vitam\u00edn A 15 000 IU, vitam\u00edn D3 2 000 IU, vitam\u00edn E 95 IU.<\/p>\n<p><strong>Stopov\u00e9 prvky na 1kg:<\/strong> Zinok (monohydr\u00e1t s\u00edranu zino\u010dnat\u00e9ho) 50 mg, \u017delezo (monohydr\u00e1t s\u00edranu \u017eeleznat\u00e9ho) 50 mg, Mang\u00e1n (monohydr\u00e1t s\u00edranu manganat\u00e9ho) 35 mg, Me\u010f (pentahydr\u00e1t s\u00edranu me\u010fnat\u00e9ho) 12 mg, J\u00f3d (bezvod\u00fd jodi\u010dnan v\u00e1penat\u00fd) 1 mg.<\/p>\n<h4>D\u00e1vkovanie:<\/h4>\n<p><a href=\"https:\/\/www.haffun.sk\/wp-content\/uploads\/2024\/07\/85g-140g.png\"><img fetchpriority=\"high\" decoding=\"async\" class=\"alignnone size-medium wp-image-3617\" src=\"https:\/\/www.haffun.sk\/wp-content\/uploads\/2024\/07\/85g-140g-300x225.png\" alt=\"\" width=\"300\" height=\"225\" srcset=\"https:\/\/www.haffun.sk\/wp-content\/uploads\/2024\/07\/85g-140g-300x225.png 300w, https:\/\/www.haffun.sk\/wp-content\/uploads\/2024\/07\/85g-140g-1024x768.png 1024w, https:\/\/www.haffun.sk\/wp-content\/uploads\/2024\/07\/85g-140g-768x576.png 768w, https:\/\/www.haffun.sk\/wp-content\/uploads\/2024\/07\/85g-140g-1536x1152.png 1536w, https:\/\/www.haffun.sk\/wp-content\/uploads\/2024\/07\/85g-140g-16x12.png 16w, https:\/\/www.haffun.sk\/wp-content\/uploads\/2024\/07\/85g-140g-700x525.png 700w, https:\/\/www.haffun.sk\/wp-content\/uploads\/2024\/07\/85g-140g.png 2000w\" sizes=\"(max-width: 300px) 100vw, 300px\" \/><\/a><\/p>\n<h4>K\u013e\u00fa\u010dov\u00e9 vlastnosti:<\/h4>\n<h5><strong>Podporuje rozvoj svalov<\/strong><strong>:<\/strong><\/h5>\n<p>Vysokokvalitn\u00e9 zdroje bielkov\u00edn podporuj\u00fa v\u00fdvin a udr\u017eanie svalovej hmoty a celkov\u00fa silu.<\/p>\n<h5>Zlo\u017eenie bez obiln\u00edn (Grain-Free):<\/h5>\n<p>Krmivo je ide\u00e1lne pre dospel\u00fdch psov citliv\u00fdch na obilniny, obsahuje vysokokvalitn\u00e9 zlo\u017eky bez obiln\u00edn, aby sa zabezpe\u010dilo optim\u00e1lne tr\u00e1venie a zn\u00ed\u017eilo sa riziko alergick\u00fdch reakci\u00ed.<\/p>\n<h5>Podpora imunitn\u00e9ho syst\u00e9mu:<\/h5>\n<p>Ingrediencie ako sladk\u00e9 zemiaky a moru\u0161a s\u00fa bohat\u00e9 na antioxidanty a vitam\u00edny, ktor\u00e9 posil\u0148uj\u00fa imunitn\u00fd syst\u00e9m a celkov\u00e9 zdravie.<\/p>\n<h5>Bez umel\u00fdch pr\u00edsad:<\/h5>\n<p>Bez umel\u00fdch farb\u00edv, pr\u00edchut\u00ed alebo konzerva\u010dn\u00fdch l\u00e1tok, poskytuje \u010dist\u00fa a vyv\u00e1\u017een\u00fa stravu pre v\u00e1\u0161ho psa. Na\u0161e krmivo pre psov je prirodzene konzervovan\u00e9 extraktom z rozmar\u00ednu.<\/p>\n<h5>Podpora zdrav\u00e9ho tr\u00e1venia:<\/h5>\n<p>Sladk\u00e9 zemiaky a repn\u00e1 du\u017eina poskytuj\u00fa vl\u00e1kninu, ktor\u00e1 pom\u00e1ha pri tr\u00e1ven\u00ed a zabezpe\u010duje pravideln\u00e9 vypr\u00e1zd\u0148ovanie.<\/p>\n<h5>Podpora k\u013abov:<\/h5>\n<p>Doplnok Omega 3 a \u010fal\u0161ie zlo\u017eky podporuj\u00fa zdravie k\u013abov, udr\u017euj\u00fa v\u00e1\u0161ho psa akt\u00edvneho.<\/p>\n<h5>Zlo\u017eenie:<\/h5>\n<h5><strong>Divina a losos (50%)<\/strong>:<\/h5>\n<p><strong>\u010cerstvo prirpaven\u00e1 divina (26%)<\/strong>: Vysokokvalitn\u00fd zdroj bielkov\u00edn poskytuje esenci\u00e1lne aminokyseliny potrebn\u00e9 pre rozvoj svalov a celkov\u00e9 zdravie. Pr\u00edprava \u010derstv\u00e9ho m\u00e4sa zais\u0165uje maxim\u00e1lnu absorpciu \u017eiv\u00edn, podporuje zdravie srdca a leskl\u00fa srs\u0165.<\/p>\n<p><strong>Su\u0161en\u00fd losos (19%)<\/strong>: Koncentrovan\u00fd zdroj bielkov\u00edn, pon\u00faka trval\u00fa energiu a podporuje celkov\u00e9 zdravie. Je bohat\u00fd na omega-3 mastn\u00e9 kyseliny, ktor\u00e9 prispievaj\u00fa k zdravej srsti, ko\u017ei a funkcii mozgu.<\/p>\n<p><strong>Lososov\u00fd olej (2.5%)<\/strong>: Bohat\u00fd na esenci\u00e1lne mastn\u00e9 kyseliny, najm\u00e4 omega-3, podporuje zdravie ko\u017ee a srsti, zni\u017euje z\u00e1paly a podporuje funkciu mozgu. Je tie\u017e \u010fal\u0161\u00edm zdrojom energie a podporuje akt\u00edvny \u017eivotn\u00fd \u0161t\u00fdl v\u00e1\u0161ho psa.<\/p>\n<p><strong>V\u00fdvar z lososa (2.5%)<\/strong>: Zv\u00fdraz\u0148uje chu\u0165 a chutnos\u0165 jedla a z\u00e1rove\u0148 poskytuje dodato\u010dn\u00fa vlhkos\u0165 a \u013eahko str\u00e1vite\u013en\u00e9 \u017eiviny. V\u00fdvar z lososa podporuje celkov\u00fa hydrat\u00e1ciu a zdravie, v\u010faka \u010domu je krmivo pre v\u00e1\u0161ho psa l\u00e1kavej\u0161ie.<\/p>\n<h5>Bat\u00e1ty (27%)<\/h5>\n<p>Vysoko str\u00e1vite\u013en\u00fd zdroj sacharidov bohat\u00fd na vl\u00e1kninu, vitam\u00edny (A a C) a miner\u00e1ly (drasl\u00edk). Sladk\u00e9 zemiaky poskytuj\u00fa trval\u00fa energiu a podporuj\u00fa zdravie tr\u00e1venia.<\/p>\n<h5>Hrach (6%)<\/h5>\n<p>Vynikaj\u00faci zdroj rastlinn\u00fdch bielkov\u00edn a vl\u00e1kniny. Hr\u00e1\u0161ok je tie\u017e bohat\u00fd na vitam\u00edny (A, K a B komplex) a miner\u00e1ly (\u017eelezo, zinok a hor\u010d\u00edk), ktor\u00e9 podporuj\u00fa celkov\u00e9 zdravie.<\/p>\n<h5>Zemiaky<\/h5>\n<p>\u010eal\u0161\u00ed \u013eahko str\u00e1vite\u013en\u00fd zdroj sacharidov, ktor\u00fd pon\u00faka energiu a z\u00e1kladn\u00e9 \u017eiviny. Zemiaky pom\u00e1haj\u00fa udr\u017eiava\u0165 zdrav\u00fd tr\u00e1viaci syst\u00e9m a poskytuj\u00fa vl\u00e1kninu.<\/p>\n<h5>Doplnok Omega-3<\/h5>\n<p>Pridan\u00fd na zabezpe\u010denie optim\u00e1lnej rovnov\u00e1hy mastn\u00fdch kysel\u00edn, podporuje kardiovaskul\u00e1rne zdravie, funkciu mozgu a zni\u017euje z\u00e1pal.<\/p>\n<h5>\u013danov\u00e9 semia\u010dko<\/h5>\n<p>Vynikaj\u00faci zdroj omega-3 mastn\u00fdch kysel\u00edn, ktor\u00e9 podporuj\u00fa zdrav\u00fa srs\u0165 a ko\u017eu, ako aj zdravie k\u013abov a celkov\u00fa pohodu.<\/p>\n<h5>Repn\u00e1 du\u017eina<\/h5>\n<p>Dobr\u00fd zdroj vl\u00e1kniny, ktor\u00e1 podporuje zdrav\u00e9 tr\u00e1venie a pravideln\u00e9 vypr\u00e1zd\u0148ovanie. Repn\u00e9 rezky tie\u017e podporuj\u00fa zdravie \u010driev t\u00fdm, \u017ee k\u0155mia prospe\u0161n\u00e9 bakt\u00e9rie v \u010drev\u00e1ch.<\/p>\n<h5>Moru\u0161a (0.2%)<\/h5>\n<p>Je pln\u00e1 vitam\u00ednov a antioxidantov. Podporuje zdrav\u00e9 tr\u00e1venie a imunitn\u00fd syst\u00e9m.<\/p>\n<h5><strong>Miner\u00e1ly:<\/strong><\/h5>\n<p>Zmes z\u00e1kladn\u00fdch miner\u00e1lov vr\u00e1tane v\u00e1pnika, fosforu, zinku, \u017eeleza, mang\u00e1nu a medi. Tieto miner\u00e1ly podporuj\u00fa r\u00f4zne telesn\u00e9 funkcie, vr\u00e1tane zdravia kost\u00ed, nervov\u00fdch funkci\u00ed a celkov\u00e9ho bunkov\u00e9ho metabolizmu.<\/p>\n<h5>Fruktooligosacharidy (FOS, 96 mg\/kg)<\/h5>\n<p>Probiotick\u00e1 vl\u00e1knina, ktor\u00e1 podporuje rast prospe\u0161n\u00fdch \u010drevn\u00fdch bakt\u00e9ri\u00ed, podporuje zdrav\u00fd tr\u00e1viaci syst\u00e9m a zlep\u0161uje vstreb\u00e1vanie \u017eiv\u00edn.<\/p>\n<h5>Mannanoligosacharidy (MOS, 24 mg\/kg)<\/h5>\n<p>\u010eal\u0161\u00ed typ probiot\u00edk, ktor\u00fd pom\u00e1ha udr\u017eiava\u0165 zdrav\u00fd \u010drevn\u00fd mikrobi\u00f3m a podporuje imunitn\u00fd syst\u00e9m t\u00fdm, \u017ee br\u00e1ni \u0161kodliv\u00fdm bakt\u00e9ri\u00e1m kolonizova\u0165 \u010drev\u00e1.<\/p>\n<p>Starostlivo vybran\u00e9 ingrediencie v Haffun Ultra Premium Grain-Free- Divina s bat\u00edtmi a moru\u0161ou poskytuj\u00fa vyv\u00e1\u017een\u00fa a v\u00fd\u017eivn\u00fa stravu pre dospel\u00fdch psov. Ka\u017ed\u00e1 zlo\u017eka je vybran\u00e1 pre svoje nutri\u010dn\u00e9 \u200b\u200bv\u00fdhody, podporuje celkov\u00e9 zdravie, vitalitu a pohodu. Kombin\u00e1cia vysoko kvalitn\u00fdch bielkov\u00edn, zdrav\u00fdch tukov a prospe\u0161nej vl\u00e1kniny zais\u0165uje, \u017ee v\u00e1\u0161 pes dostane t\u00fa najlep\u0161iu mo\u017en\u00fa v\u00fd\u017eivu pre zdrav\u00fd a akt\u00edvny \u017eivot.<\/p>\n<p><a href=\"https:\/\/www.haffun.sk\/sk\/manufacturing-haffun-dog-food\/\">Objavte proces v\u00fdroby na\u0161ich krm\u00edv.<\/a><\/p>","protected":false},"excerpt":{"rendered":"<div class=\"flex-shrink-0 flex flex-col relative items-end\">\n<div>\n<div class=\"pt-0.5 juice:pt-0\">\n<div class=\"gizmo-bot-avatar flex h-6 w-6 items-center justify-center overflow-hidden rounded-full juice:h-8 juice:w-8\">\n<div class=\"relative p-1 rounded-sm flex items-center justify-center bg-token-main-surface-primary text-token-text-primary h-8 w-8\"><\/div>\n<\/div>\n<\/div>\n<\/div>\n<\/div>\n<div class=\"group\/conversation-turn relative flex w-full min-w-0 flex-col agent-turn\">\n<div class=\"flex-col gap-1 md:gap-3\">\n<div class=\"flex flex-grow flex-col max-w-full\">\n<div class=\"min-h-[20px] text-message flex flex-col items-start whitespace-pre-wrap break-words [.text-message+&amp;]:mt-5 juice:w-full juice:items-end overflow-x-auto gap-2\" dir=\"auto\" data-message-author-role=\"assistant\" data-message-id=\"a8886afb-edad-4fce-bfa2-adc1090bb92a\">\n<div class=\"flex w-full flex-col gap-1 juice:empty:hidden juice:first:pt-[3px]\">\n<div class=\"markdown prose w-full break-words dark:prose-invert dark\">\n<p>Doprajte svojmu dospel\u00e9mu psovi kvalitn\u00fa v\u00fd\u017eivu s Haffun Ultra Premium Grain-Free pre dospel\u00fdch psov \u2013 Divina s bat\u00e1tmi a moru\u0161ou. T\u00e1to \u0161peci\u00e1lne vytvoren\u00e1 recept\u00fara je zdrojom z\u00e1kladn\u00fdch \u017eiv\u00edn a energie, podporuje rozvoj svalov, zdravie srdca a leskl\u00fa srs\u0165. Obsahuje a\u017e 50% \u017eivo\u010d\u00ed\u0161nej zlo\u017eky z m\u00e4sa z diviny a lososa. Navy\u0161e, je obohaten\u00e1 o bat\u00e1ty a moru\u0161u, \u010d\u00edm podporuje zdrav\u00e9 tr\u00e1venie a posil\u0148uje imunitn\u00fd syst\u00e9m a zais\u0165uje, \u017ee v\u00e1\u0161 pes prosperuje.<\/p>\n<\/div>\n<\/div>\n<\/div>\n<\/div>\n<\/div>\n<\/div>","protected":false},"featured_media":4333,"comment_status":"open","ping_status":"closed","template":"","meta":{"_uag_custom_page_level_css":"","_kadence_starter_templates_imported_post":false,"_kad_post_transparent":"default","_kad_post_title":"","_kad_post_layout":"default","_kad_post_sidebar_id":"","_kad_post_content_style":"default","_kad_post_vertical_padding":"default","_kad_post_feature":"","_kad_post_feature_position":"","_kad_post_header":false,"_kad_post_footer":false},"product_brand":[],"product_cat":[93,116,101],"product_tag":[],"class_list":{"0":"post-3599","1":"product","2":"type-product","3":"status-publish","4":"has-post-thumbnail","6":"product_cat-ultra-premium-dog-food","7":"product_cat-ultra-premium-adult-dog-food","8":"product_cat-ultra-premium-dog-food-grain-free-adult","9":"pa_size-2kg","10":"pa_size-6kg","11":"pa_size-12kg","12":"pa_size-15kg","14":"first","15":"instock","16":"taxable","17":"shipping-taxable","18":"purchasable","19":"product-type-variable","20":"entry","21":"content-bg","22":"loop-entry"},"uagb_featured_image_src":{"full":["https:\/\/www.haffun.sk\/wp-content\/uploads\/2024\/07\/Untitled-design-17.png",1080,1080,false],"thumbnail":["https:\/\/www.haffun.sk\/wp-content\/uploads\/2024\/07\/Untitled-design-17-150x150.png",150,150,true],"medium":["https:\/\/www.haffun.sk\/wp-content\/uploads\/2024\/07\/Untitled-design-17-300x300.png",300,300,true],"medium_large":["https:\/\/www.haffun.sk\/wp-content\/uploads\/2024\/07\/Untitled-design-17-768x768.png",768,768,true],"large":["https:\/\/www.haffun.sk\/wp-content\/uploads\/2024\/07\/Untitled-design-17-1024x1024.png",1024,1024,true],"1536x1536":["https:\/\/www.haffun.sk\/wp-content\/uploads\/2024\/07\/Untitled-design-17.png",1080,1080,false],"2048x2048":["https:\/\/www.haffun.sk\/wp-content\/uploads\/2024\/07\/Untitled-design-17.png",1080,1080,false],"trp-custom-language-flag":["https:\/\/www.haffun.sk\/wp-content\/uploads\/2024\/07\/Untitled-design-17-12x12.png",12,12,true],"woocommerce_thumbnail":["https:\/\/www.haffun.sk\/wp-content\/uploads\/2024\/07\/Untitled-design-17-800x800.png",800,800,true],"woocommerce_single":["https:\/\/www.haffun.sk\/wp-content\/uploads\/2024\/07\/Untitled-design-17-700x700.png",700,700,true],"woocommerce_gallery_thumbnail":["https:\/\/www.haffun.sk\/wp-content\/uploads\/2024\/07\/Untitled-design-17-100x100.png",100,100,true],"variation_swatches_image_size":["https:\/\/www.haffun.sk\/wp-content\/uploads\/2024\/07\/Untitled-design-17-50x50.png",50,50,true],"variation_swatches_tooltip_size":["https:\/\/www.haffun.sk\/wp-content\/uploads\/2024\/07\/Untitled-design-17-100x100.png",100,100,true]},"uagb_author_info":{"display_name":"Admin","author_link":"https:\/\/www.haffun.sk\/sk\/author\/"},"uagb_comment_info":3,"uagb_excerpt":"Doprajte svojmu dospel\u00e9mu psovi kvalitn\u00fa v\u00fd\u017eivu s Haffun Ultra Premium Grain-Free pre dospel\u00fdch psov \u2013 Divina s bat\u00e1tmi a moru\u0161ou. T\u00e1to \u0161peci\u00e1lne vytvoren\u00e1 recept\u00fara je zdrojom z\u00e1kladn\u00fdch \u017eiv\u00edn a energie, podporuje rozvoj svalov, zdravie srdca a leskl\u00fa srs\u0165. Obsahuje a\u017e 50% \u017eivo\u010d\u00ed\u0161nej zlo\u017eky z m\u00e4sa z diviny a lososa. Navy\u0161e, je obohaten\u00e1 o bat\u00e1ty a&hellip;","_links":{"self":[{"href":"https:\/\/www.haffun.sk\/sk\/wp-json\/wp\/v2\/product\/3599","targetHints":{"allow":["GET"]}}],"collection":[{"href":"https:\/\/www.haffun.sk\/sk\/wp-json\/wp\/v2\/product"}],"about":[{"href":"https:\/\/www.haffun.sk\/sk\/wp-json\/wp\/v2\/types\/product"}],"replies":[{"embeddable":true,"href":"https:\/\/www.haffun.sk\/sk\/wp-json\/wp\/v2\/comments?post=3599"}],"wp:featuredmedia":[{"embeddable":true,"href":"https:\/\/www.haffun.sk\/sk\/wp-json\/wp\/v2\/media\/4333"}],"wp:attachment":[{"href":"https:\/\/www.haffun.sk\/sk\/wp-json\/wp\/v2\/media?parent=3599"}],"wp:term":[{"taxonomy":"product_brand","embeddable":true,"href":"https:\/\/www.haffun.sk\/sk\/wp-json\/wp\/v2\/product_brand?post=3599"},{"taxonomy":"product_cat","embeddable":true,"href":"https:\/\/www.haffun.sk\/sk\/wp-json\/wp\/v2\/product_cat?post=3599"},{"taxonomy":"product_tag","embeddable":true,"href":"https:\/\/www.haffun.sk\/sk\/wp-json\/wp\/v2\/product_tag?post=3599"}],"curies":[{"name":"wp","href":"https:\/\/api.w.org\/{rel}","templated":true}]}}