{"id":4364,"date":"2025-06-19T19:16:19","date_gmt":"2025-06-19T17:16:19","guid":{"rendered":"https:\/\/www.haffun.sk\/?post_type=product&#038;p=4364"},"modified":"2026-04-16T08:10:07","modified_gmt":"2026-04-16T06:10:07","slug":"pamlsky-im-different-kralik-40g","status":"publish","type":"product","link":"https:\/\/www.haffun.sk\/sk\/produkt\/pamlsky-im-different-kralik-40g\/","title":{"rendered":"Pamlsky I\u00b4m different &#8211; Kr\u00e1lik 40g"},"content":{"rendered":"<p>Composition: fresh rabbit (98% of which minced meat and bone 60%, liver 38%), chicory inulin (source of FOS), yeast products, products from the processing of fresh fruit and vegetables (0.025%, mixture of dehydrated red fruits: strawberries, blueberries, blackberries, cranberries, escobillo, grapes, pomegranate).<\/p>\n<p>Analytical constituents: crude protein 48%, crude oil and fat 24.5%, crude fibre 2%, crude ash 11%.<\/p>\n<p>Additives (per kg): sensory additives: flavors: botanically defined natural substances: 2b\/ rosemary extract 80mg; technological additives: natural antioxidants.<\/p>\n<p>Instruction for proper use: serve it as a reward or between-meal snack. Always leave a bowl of fresh and clean water. Store the food in a cool, dry place away from light. Always close the pack thoroughly after use.<\/p>","protected":false},"excerpt":{"rendered":"<p>Mrazom su\u0161en\u00e9 monoprote\u00ednov\u00e9 pamlsky <strong>I\u00b4m different <\/strong>s\u00fa zdrav\u00e1 a chutn\u00e1 odmena pre v\u00e1\u0161ho hafana. Su\u0161enie mrazom je dlh\u00fd a \u0161etrn\u00fd proces, ktor\u00fd zabezpe\u010duje zachovanie \u017eiv\u00edn, bez varenia. V\u00fdsledn\u00fd produkt je pre ps\u00edka zdrav\u0161\u00ed, menej spracovan\u00fd a jednoduch\u0161ie stravite\u013en\u00fd. Pamlsky I\u00b4m different obsahuj\u00fa minim\u00e1lne 80% m\u00e4sa, \u010di r\u00fdb, ur\u010den\u00e9ho na \u013eudsk\u00fa spotrebu a ich v\u00fdroba podlieha rovnak\u00fdm \u0161tandardom ako \u013eudsk\u00e1. S\u00fa bez obiln\u00edn a lepku doplnen\u00e9 o extrakty z \u010derven\u00e9ho ovocia, ktor\u00e9 pom\u00e1haj\u00fa p\u00f4sobi\u0165 proti \u0161kodliv\u00fdm \u00fa\u010dinkom vo\u013en\u00fdch radik\u00e1lov a podporuj\u00fa prirodzen\u00fa obranyschopnos\u0165 tela. Pamlsky s\u00fa ur\u010den\u00e9 pre v\u0161etk\u00fdch ps\u00edkov a ma\u010di\u010dky bez oh\u013eadu na ich vek, ve\u013ekos\u0165, \u010di rasu.<\/p>","protected":false},"featured_media":4358,"comment_status":"open","ping_status":"closed","template":"","meta":{"_uag_custom_page_level_css":"","_kadence_starter_templates_imported_post":false,"_kad_post_transparent":"default","_kad_post_title":"","_kad_post_layout":"default","_kad_post_sidebar_id":"","_kad_post_content_style":"default","_kad_post_vertical_padding":"default","_kad_post_feature":"","_kad_post_feature_position":"","_kad_post_header":false,"_kad_post_footer":false},"product_brand":[],"product_cat":[121,93],"product_tag":[],"class_list":{"0":"post-4364","1":"product","2":"type-product","3":"status-publish","4":"has-post-thumbnail","6":"product_cat-ultra-premium-treats","7":"product_cat-ultra-premium-dog-food","9":"first","10":"outofstock","11":"taxable","12":"shipping-taxable","13":"purchasable","14":"product-type-simple","15":"entry","16":"content-bg","17":"loop-entry"},"uagb_featured_image_src":{"full":["https:\/\/www.haffun.sk\/wp-content\/uploads\/2025\/06\/im-different-cat-dog-rabbit-freeze-dried-treats.jpeg",800,702,false],"thumbnail":["https:\/\/www.haffun.sk\/wp-content\/uploads\/2025\/06\/im-different-cat-dog-rabbit-freeze-dried-treats-150x150.jpeg",150,150,true],"medium":["https:\/\/www.haffun.sk\/wp-content\/uploads\/2025\/06\/im-different-cat-dog-rabbit-freeze-dried-treats-300x263.jpeg",300,263,true],"medium_large":["https:\/\/www.haffun.sk\/wp-content\/uploads\/2025\/06\/im-different-cat-dog-rabbit-freeze-dried-treats-768x674.jpeg",768,674,true],"large":["https:\/\/www.haffun.sk\/wp-content\/uploads\/2025\/06\/im-different-cat-dog-rabbit-freeze-dried-treats.jpeg",800,702,false],"1536x1536":["https:\/\/www.haffun.sk\/wp-content\/uploads\/2025\/06\/im-different-cat-dog-rabbit-freeze-dried-treats.jpeg",800,702,false],"2048x2048":["https:\/\/www.haffun.sk\/wp-content\/uploads\/2025\/06\/im-different-cat-dog-rabbit-freeze-dried-treats.jpeg",800,702,false],"trp-custom-language-flag":["https:\/\/www.haffun.sk\/wp-content\/uploads\/2025\/06\/im-different-cat-dog-rabbit-freeze-dried-treats-14x12.jpeg",14,12,true],"woocommerce_thumbnail":["https:\/\/www.haffun.sk\/wp-content\/uploads\/2025\/06\/im-different-cat-dog-rabbit-freeze-dried-treats.jpeg",800,702,false],"woocommerce_single":["https:\/\/www.haffun.sk\/wp-content\/uploads\/2025\/06\/im-different-cat-dog-rabbit-freeze-dried-treats-700x614.jpeg",700,614,true],"woocommerce_gallery_thumbnail":["https:\/\/www.haffun.sk\/wp-content\/uploads\/2025\/06\/im-different-cat-dog-rabbit-freeze-dried-treats-100x100.jpeg",100,100,true],"variation_swatches_image_size":["https:\/\/www.haffun.sk\/wp-content\/uploads\/2025\/06\/im-different-cat-dog-rabbit-freeze-dried-treats-50x50.jpeg",50,50,true],"variation_swatches_tooltip_size":["https:\/\/www.haffun.sk\/wp-content\/uploads\/2025\/06\/im-different-cat-dog-rabbit-freeze-dried-treats-100x100.jpeg",100,100,true]},"uagb_author_info":{"display_name":"Admin","author_link":"https:\/\/www.haffun.sk\/sk\/author\/"},"uagb_comment_info":0,"uagb_excerpt":"Mrazom su\u0161en\u00e9 monoprote\u00ednov\u00e9 pamlsky I\u00b4m different s\u00fa zdrav\u00e1 a chutn\u00e1 odmena pre v\u00e1\u0161ho hafana. Su\u0161enie mrazom je dlh\u00fd a \u0161etrn\u00fd proces, ktor\u00fd zabezpe\u010duje zachovanie \u017eiv\u00edn, bez varenia. V\u00fdsledn\u00fd produkt je pre ps\u00edka zdrav\u0161\u00ed, menej spracovan\u00fd a jednoduch\u0161ie stravite\u013en\u00fd. Pamlsky I\u00b4m different obsahuj\u00fa minim\u00e1lne 80% m\u00e4sa, \u010di r\u00fdb, ur\u010den\u00e9ho na \u013eudsk\u00fa spotrebu a ich v\u00fdroba podlieha&hellip;","_links":{"self":[{"href":"https:\/\/www.haffun.sk\/sk\/wp-json\/wp\/v2\/product\/4364","targetHints":{"allow":["GET"]}}],"collection":[{"href":"https:\/\/www.haffun.sk\/sk\/wp-json\/wp\/v2\/product"}],"about":[{"href":"https:\/\/www.haffun.sk\/sk\/wp-json\/wp\/v2\/types\/product"}],"replies":[{"embeddable":true,"href":"https:\/\/www.haffun.sk\/sk\/wp-json\/wp\/v2\/comments?post=4364"}],"wp:featuredmedia":[{"embeddable":true,"href":"https:\/\/www.haffun.sk\/sk\/wp-json\/wp\/v2\/media\/4358"}],"wp:attachment":[{"href":"https:\/\/www.haffun.sk\/sk\/wp-json\/wp\/v2\/media?parent=4364"}],"wp:term":[{"taxonomy":"product_brand","embeddable":true,"href":"https:\/\/www.haffun.sk\/sk\/wp-json\/wp\/v2\/product_brand?post=4364"},{"taxonomy":"product_cat","embeddable":true,"href":"https:\/\/www.haffun.sk\/sk\/wp-json\/wp\/v2\/product_cat?post=4364"},{"taxonomy":"product_tag","embeddable":true,"href":"https:\/\/www.haffun.sk\/sk\/wp-json\/wp\/v2\/product_tag?post=4364"}],"curies":[{"name":"wp","href":"https:\/\/api.w.org\/{rel}","templated":true}]}}